{"id":1900,"date":"2018-03-30T14:15:37","date_gmt":"2018-03-30T12:15:37","guid":{"rendered":"http:\/\/lesfeesnaturelles.fr\/boutique\/?page_id=1900"},"modified":"2018-03-30T14:16:16","modified_gmt":"2018-03-30T12:16:16","slug":"politique-en-matiere-de-cookies","status":"publish","type":"page","link":"https:\/\/lesfeesnaturelles.fr\/boutique\/politique-en-matiere-de-cookies\/","title":{"rendered":"Politique en mati\u00e8re de cookies"},"content":{"rendered":"<p><strong>POLITIQUE EN MATI\u00c8RE DE COOKIES<\/strong><\/p>\n<p><strong>QU&rsquo;EST-CE QU&rsquo;UN COOKIE ?<\/strong><br \/>\nLes cookies sont des donn\u00e9es utilis\u00e9es par un serveur pour envoyer des informations d\u2019\u00e9tat au navigateur d\u2019un utilisateur, et par ce navigateur pour renvoyer des informations d\u2019\u00e9tat au serveur d\u2019origine.<br \/>\nLes informations d\u2019\u00e9tat peuvent \u00eatre, par exemple, un identifiant de session, une langue, une date d\u2019expiration, un domaine de r\u00e9ponse, etc.<br \/>\nLes cookies permettent de conserver, pendant la dur\u00e9e de validit\u00e9 du cookie concern\u00e9, des informations d&rsquo;\u00e9tat lorsqu\u2019un navigateur acc\u00e8de aux diff\u00e9rentes pages d&rsquo;un site Web ou lorsque ce navigateur retourne ult\u00e9rieurement sur ce site Web.<br \/>\nIl existe diff\u00e9rents types de cookies :<br \/>\n&gt; des cookies de session qui disparaissent d\u00e8s que l\u2019utilisateur quitte le site<br \/>\n&gt; des cookies permanents qui demeurent sur le terminal de l\u2019utilisateur jusqu\u2019\u00e0 expiration de leur dur\u00e9e de vie ou jusqu\u2019\u00e0 ce que ce dernier les supprime \u00e0 l\u2019aide des fonctionnalit\u00e9s de son navigateur.<\/p>\n<p><strong>LES COOKIES LESFEESNATURELLES.FR<\/strong><br \/>\nIl s&rsquo;agit des cookies d\u00e9pos\u00e9s par lesfeesnaturelles.fr sur votre terminal pour les besoins de la navigation sur notre site internet, l&rsquo;optimisation et la personnalisation de nos services sur le site (ces cookies concernent principalement nos solutions de web analytics).<br \/>\nLes Cookies que nous \u00e9mettons nous permettent :<br \/>\n&gt; d&rsquo;\u00e9tablir des statistiques et des volumes de fr\u00e9quentation et d&rsquo;utilisation des divers \u00e9l\u00e9ments composant notre site (rubriques et contenus visit\u00e9s, parcours, etc.), nous permettant d&rsquo;am\u00e9liorer l&rsquo;int\u00e9r\u00eat et l&rsquo;ergonomie de nos services ;<br \/>\n&gt; d&rsquo;adapter la pr\u00e9sentation de notre site aux pr\u00e9f\u00e9rences d&rsquo;affichage de votre terminal web ou mobile (r\u00e9solution d&rsquo;affichage, syst\u00e8me d&rsquo;exploitation utilis\u00e9, etc) lors de vos visites sur notre site ;<br \/>\n&gt; de m\u00e9moriser des informations relatives \u00e0 vos pr\u00e9f\u00e9rences de navigation (choix de la langue).<\/p>\n<p><strong>LES COOKIES TIERS<\/strong><br \/>\nNous sommes susceptibles d&rsquo;inclure sur notre site, des applications informatiques \u00e9manant de tiers, qui vous permettent de partager des contenus de notre site avec d&rsquo;autres personnes ou de faire conna\u00eetre \u00e0 ces autres personnes votre consultation ou votre opinion concernant un contenu de notre site. Tel est notamment le cas des boutons \u00ab\u00a0Partager\u00a0\u00bb, \u00ab\u00a0Recommander\u00a0\u00bb, \u00ab\u00a0Tweeter\u00a0\u00bb,etc. issus de r\u00e9seaux sociaux tels que \u00ab\u00a0Facebook\u00a0\u00bb, \u00ab\u00a0Twitter\u00a0\u00bb, \u00ab\u00a0Pinterest\u00a0\u00bb, \u00ab\u00a0Google +\u00a0\u00bb.<br \/>\nLe r\u00e9seau social fournissant un tel bouton applicatif est susceptible de vous identifier gr\u00e2ce \u00e0 ce bouton, m\u00eame si vous n&rsquo;avez pas utilis\u00e9 ce bouton lors de votre consultation de notre site. En effet, ce type de bouton applicatif peut permettre au r\u00e9seau social concern\u00e9 de suivre votre navigation sur notre site, du seul fait que votre compte au r\u00e9seau social concern\u00e9 \u00e9tait activ\u00e9 sur votre terminal (session ouverte) durant votre navigation sur notre site.<br \/>\nNous n&rsquo;avons aucun contr\u00f4le sur le processus employ\u00e9 par les r\u00e9seaux sociaux pour collecter des informations relatives \u00e0 votre navigation sur notre site et associ\u00e9es aux donn\u00e9es personnelles dont ils disposent. Nous vous invitons \u00e0 consulter les politiques de protection de la vie priv\u00e9e de ces r\u00e9seaux sociaux afin de prendre connaissance des finalit\u00e9s d&rsquo;utilisation, notamment publicitaires, des informations de navigation qu&rsquo;ils peuvent recueillir gr\u00e2ce \u00e0 ces boutons applicatifs. Ces politiques de protection doivent notamment vous permettre d&rsquo;exercer vos choix aupr\u00e8s de ces r\u00e9seaux sociaux, notamment en param\u00e9trant vos comptes d&rsquo;utilisation de chacun de ces r\u00e9seaux.<\/p>\n<p><strong>COMMENT PARAM\u00c9TRER LES COOKIES ?<\/strong><br \/>\nLes param\u00e8tres par d\u00e9faut des navigateurs internet sont habituellement r\u00e9gl\u00e9s de mani\u00e8re \u00e0 accepter les cookies, mais vous pouvez facilement changer cela en modifiant les param\u00e8tres de votre navigateur. Toutefois, veuillez noter que si vous choisissez de d\u00e9sactiver les cookies, il se peut que certaines parties de nos supports ne soient pas accessibles.<br \/>\nPour plus d\u2019informations sur le param\u00e9trage des Cookies :<br \/>\n&gt; https:\/\/www.cnil.fr\/fr\/cookies-les-outils-pour-les-maitriser<\/p>\n","protected":false},"excerpt":{"rendered":"<p>POLITIQUE EN MATI\u00c8RE DE COOKIES QU&rsquo;EST-CE QU&rsquo;UN COOKIE ? Les cookies sont des donn\u00e9es utilis\u00e9es par un serveur pour envoyer des informations d\u2019\u00e9tat au navigateur d\u2019un utilisateur, et par ce navigateur pour renvoyer des informations d\u2019\u00e9tat au serveur d\u2019origine. Les informations d\u2019\u00e9tat peuvent \u00eatre, par exemple, un identifiant de session, une langue, une date d\u2019expiration, [&#8230;]\n","protected":false},"author":1,"featured_media":0,"parent":0,"menu_order":0,"comment_status":"closed","ping_status":"closed","template":"","meta":{"_acf_changed":false,"footnotes":""},"class_list":["post-1900","page","type-page","status-publish","hentry"],"acf":[],"_links":{"self":[{"href":"https:\/\/lesfeesnaturelles.fr\/boutique\/wp-json\/wp\/v2\/pages\/1900","targetHints":{"allow":["GET"]}}],"collection":[{"href":"https:\/\/lesfeesnaturelles.fr\/boutique\/wp-json\/wp\/v2\/pages"}],"about":[{"href":"https:\/\/lesfeesnaturelles.fr\/boutique\/wp-json\/wp\/v2\/types\/page"}],"author":[{"embeddable":true,"href":"https:\/\/lesfeesnaturelles.fr\/boutique\/wp-json\/wp\/v2\/users\/1"}],"replies":[{"embeddable":true,"href":"https:\/\/lesfeesnaturelles.fr\/boutique\/wp-json\/wp\/v2\/comments?post=1900"}],"version-history":[{"count":0,"href":"https:\/\/lesfeesnaturelles.fr\/boutique\/wp-json\/wp\/v2\/pages\/1900\/revisions"}],"wp:attachment":[{"href":"https:\/\/lesfeesnaturelles.fr\/boutique\/wp-json\/wp\/v2\/media?parent=1900"}],"curies":[{"name":"wp","href":"https:\/\/api.w.org\/{rel}","templated":true}]}}