{"id":4701,"date":"2018-06-27T09:49:28","date_gmt":"2018-06-27T07:49:28","guid":{"rendered":"http:\/\/lesfeesnaturelles.fr\/boutique\/?page_id=4701"},"modified":"2018-06-27T20:03:49","modified_gmt":"2018-06-27T18:03:49","slug":"soldes","status":"publish","type":"page","link":"https:\/\/lesfeesnaturelles.fr\/boutique\/soldes\/","title":{"rendered":"Les soldes sont arriv\u00e9es !"},"content":{"rendered":"<p style=\"text-align: center;\"><span style=\"font-size: 115%;\">Vous trouverez sur cette page tous les produits b\u00e9n\u00e9ficiant actuellement d&rsquo;une promotion pour vous faciliter le shopping !<\/span><\/p>\n<p style=\"text-align: center;\"><span style=\"font-size: 120%;\"><strong><a href=\"http:\/\/lesfeesnaturelles.fr\/boutique\/\">Retour \u00e0 la boutique<\/a><\/strong><\/span><\/p>\n<div class=\"woocommerce columns-4 \"><div class=\"products row row-small large-columns-4 medium-columns-3 small-columns-2 has-shadow row-box-shadow-1 row-box-shadow-2-hover\">\n<div class=\"product-small col has-hover product type-product post-19652 status-publish first instock product_cat-coffrets-cinq-mondes product_cat-cremes-des-mains-et-des-pieds product_cat-gommages-et-exfoliants-corps product_cat-les-produits-cinq-mondes product_cat-nettoyants-corps-et-cheveux has-post-thumbnail sale shipping-taxable purchasable product-type-simple\">\n\t<div class=\"col-inner\">\n\t\n<div class=\"badge-container absolute left top z-1\">\n<div class=\"callout badge badge-square\"><div class=\"badge-inner secondary on-sale\"><span class=\"onsale\">-22%<\/span><\/div><\/div>\n<\/div>\n\t<div class=\"product-small box \">\n\t\t<div class=\"box-image\">\n\t\t\t<div class=\"image-fade_in_back\">\n\t\t\t\t<a href=\"https:\/\/lesfeesnaturelles.fr\/boutique\/produit\/trousse-routine-corps-cinq-mondes\/\">\n\t\t\t\t\t<img decoding=\"async\" width=\"247\" height=\"329\" src=\"https:\/\/lesfeesnaturelles.fr\/boutique\/wp-content\/uploads\/2024\/10\/cinq-mondes-trousse-corps-ouvert-247x329.jpg\" class=\"attachment-woocommerce_thumbnail size-woocommerce_thumbnail\" alt=\"Trousse routine corps - Cinq Mondes\" srcset=\"https:\/\/lesfeesnaturelles.fr\/boutique\/wp-content\/uploads\/2024\/10\/cinq-mondes-trousse-corps-ouvert-247x329.jpg 247w, https:\/\/lesfeesnaturelles.fr\/boutique\/wp-content\/uploads\/2024\/10\/cinq-mondes-trousse-corps-ouvert-300x400.jpg 300w, https:\/\/lesfeesnaturelles.fr\/boutique\/wp-content\/uploads\/2024\/10\/cinq-mondes-trousse-corps-ouvert-600x800.jpg 600w, https:\/\/lesfeesnaturelles.fr\/boutique\/wp-content\/uploads\/2024\/10\/cinq-mondes-trousse-corps-ouvert-768x1024.jpg 768w, https:\/\/lesfeesnaturelles.fr\/boutique\/wp-content\/uploads\/2024\/10\/cinq-mondes-trousse-corps-ouvert-1152x1536.jpg 1152w, https:\/\/lesfeesnaturelles.fr\/boutique\/wp-content\/uploads\/2024\/10\/cinq-mondes-trousse-corps-ouvert-510x680.jpg 510w, https:\/\/lesfeesnaturelles.fr\/boutique\/wp-content\/uploads\/2024\/10\/cinq-mondes-trousse-corps-ouvert.jpg 1200w\" sizes=\"(max-width: 247px) 100vw, 247px\" \/><img decoding=\"async\" width=\"247\" height=\"329\" src=\"https:\/\/lesfeesnaturelles.fr\/boutique\/wp-content\/uploads\/2024\/10\/cinq-mondes-trousse-corps-ferme-247x329.jpg\" class=\"show-on-hover absolute fill hide-for-small back-image\" alt=\"Alternative view of Trousse routine corps - Cinq Mondes\" aria-hidden=\"true\" srcset=\"https:\/\/lesfeesnaturelles.fr\/boutique\/wp-content\/uploads\/2024\/10\/cinq-mondes-trousse-corps-ferme-247x329.jpg 247w, https:\/\/lesfeesnaturelles.fr\/boutique\/wp-content\/uploads\/2024\/10\/cinq-mondes-trousse-corps-ferme-300x400.jpg 300w, https:\/\/lesfeesnaturelles.fr\/boutique\/wp-content\/uploads\/2024\/10\/cinq-mondes-trousse-corps-ferme-600x800.jpg 600w, https:\/\/lesfeesnaturelles.fr\/boutique\/wp-content\/uploads\/2024\/10\/cinq-mondes-trousse-corps-ferme-768x1024.jpg 768w, https:\/\/lesfeesnaturelles.fr\/boutique\/wp-content\/uploads\/2024\/10\/cinq-mondes-trousse-corps-ferme-1152x1536.jpg 1152w, https:\/\/lesfeesnaturelles.fr\/boutique\/wp-content\/uploads\/2024\/10\/cinq-mondes-trousse-corps-ferme-510x680.jpg 510w, https:\/\/lesfeesnaturelles.fr\/boutique\/wp-content\/uploads\/2024\/10\/cinq-mondes-trousse-corps-ferme.jpg 1200w\" sizes=\"(max-width: 247px) 100vw, 247px\" \/>\t\t\t\t<\/a>\n\t\t\t<\/div>\n\t\t\t<div class=\"image-tools is-small top right show-on-hover\">\n\t\t\t\t\t\t\t<\/div>\n\t\t\t<div class=\"image-tools is-small hide-for-small bottom left show-on-hover\">\n\t\t\t\t\t\t\t<\/div>\n\t\t\t<div class=\"image-tools grid-tools text-center hide-for-small bottom hover-slide-in show-on-hover\">\n\t\t\t\t<a href=\"#quick-view\" class=\"quick-view\" role=\"button\" data-prod=\"19652\" aria-haspopup=\"dialog\" aria-expanded=\"false\" data-flatsome-role-button>Aper\u00e7u<\/a>\t\t\t<\/div>\n\t\t\t\t\t<\/div>\n\n\t\t<div class=\"box-text box-text-products\">\n\t\t\t<div class=\"title-wrapper\">\t\t<p class=\"category uppercase is-smaller no-text-overflow product-cat op-8\">\n\t\t\tCoffrets Cinq Mondes\t\t<\/p>\n\t<p class=\"name product-title woocommerce-loop-product__title\"><a href=\"https:\/\/lesfeesnaturelles.fr\/boutique\/produit\/trousse-routine-corps-cinq-mondes\/\" class=\"woocommerce-LoopProduct-link woocommerce-loop-product__link\">Trousse routine corps &#8211; Cinq Mondes<\/a><\/p><\/div><div class=\"price-wrapper\">\n\t<span class=\"price\"><del aria-hidden=\"true\"><span class=\"woocommerce-Price-amount amount\"><bdi>89,00<span class=\"woocommerce-Price-currencySymbol\">&euro;<\/span><\/bdi><\/span><\/del> <span class=\"screen-reader-text\">Le prix initial \u00e9tait\u00a0: 89,00&euro;.<\/span><ins aria-hidden=\"true\"><span class=\"woocommerce-Price-amount amount\"><bdi>69,00<span class=\"woocommerce-Price-currencySymbol\">&euro;<\/span><\/bdi><\/span><\/ins><span class=\"screen-reader-text\">Le prix actuel est\u00a0: 69,00&euro;.<\/span><\/span>\n<\/div><div class=\"add-to-cart-button\"><a href=\"\/boutique\/wp-json\/wp\/v2\/pages\/4701?add-to-cart=19652\" aria-describedby=\"woocommerce_loop_add_to_cart_link_describedby_19652\" data-quantity=\"1\" class=\"primary is-small mb-0 button product_type_simple add_to_cart_button ajax_add_to_cart is-outline\" data-product_id=\"19652\" data-product_sku=\"1328000\" aria-label=\"Ajouter au panier\u00a0: &ldquo;Trousse routine corps - Cinq Mondes&rdquo;\" rel=\"nofollow\" data-success_message=\"\u00ab\u00a0Trousse routine corps - Cinq Mondes\u00a0\u00bb a \u00e9t\u00e9 ajout\u00e9 \u00e0 votre panier\" role=\"button\">Ajouter au panier<\/a><\/div>\t<span id=\"woocommerce_loop_add_to_cart_link_describedby_19652\" class=\"screen-reader-text\">\n\t\t\t<\/span>\n\t\t<\/div>\n\t<\/div>\n\t\t<\/div>\n<\/div><div class=\"product-small col has-hover out-of-stock product type-product post-20527 status-publish outofstock product_cat-coffrets-cinq-mondes product_cat-cremes-et-baumes-visage product_cat-demaquillants-et-lotions-cinq-mondes product_cat-formats-voyage product_cat-les-produits-cinq-mondes product_cat-masques-visage has-post-thumbnail sale shipping-taxable purchasable product-type-simple\">\n\t<div class=\"col-inner\">\n\t\n<div class=\"badge-container absolute left top z-1\">\n<div class=\"callout badge badge-square\"><div class=\"badge-inner secondary on-sale\"><span class=\"onsale\">-51%<\/span><\/div><\/div>\n<\/div>\n\t<div class=\"product-small box \">\n\t\t<div class=\"box-image\">\n\t\t\t<div class=\"image-fade_in_back\">\n\t\t\t\t<a href=\"https:\/\/lesfeesnaturelles.fr\/boutique\/produit\/vanity-hydratation-jeunesse-cinq-mondes\/\">\n\t\t\t\t\t<img decoding=\"async\" width=\"247\" height=\"304\" src=\"https:\/\/lesfeesnaturelles.fr\/boutique\/wp-content\/uploads\/2025\/05\/vanity_hydratation_et_jeunesse_png-247x304.webp\" class=\"attachment-woocommerce_thumbnail size-woocommerce_thumbnail\" alt=\"Vanity Hydratation &amp; Jeunesse - Cinq Mondes\" srcset=\"https:\/\/lesfeesnaturelles.fr\/boutique\/wp-content\/uploads\/2025\/05\/vanity_hydratation_et_jeunesse_png-247x304.webp 247w, https:\/\/lesfeesnaturelles.fr\/boutique\/wp-content\/uploads\/2025\/05\/vanity_hydratation_et_jeunesse_png-325x400.webp 325w, https:\/\/lesfeesnaturelles.fr\/boutique\/wp-content\/uploads\/2025\/05\/vanity_hydratation_et_jeunesse_png-650x800.webp 650w, https:\/\/lesfeesnaturelles.fr\/boutique\/wp-content\/uploads\/2025\/05\/vanity_hydratation_et_jeunesse_png-768x945.webp 768w, https:\/\/lesfeesnaturelles.fr\/boutique\/wp-content\/uploads\/2025\/05\/vanity_hydratation_et_jeunesse_png-510x628.webp 510w, https:\/\/lesfeesnaturelles.fr\/boutique\/wp-content\/uploads\/2025\/05\/vanity_hydratation_et_jeunesse_png.webp 975w\" sizes=\"(max-width: 247px) 100vw, 247px\" \/>\t\t\t\t<\/a>\n\t\t\t<\/div>\n\t\t\t<div class=\"image-tools is-small top right show-on-hover\">\n\t\t\t\t\t\t\t<\/div>\n\t\t\t<div class=\"image-tools is-small hide-for-small bottom left show-on-hover\">\n\t\t\t\t\t\t\t<\/div>\n\t\t\t<div class=\"image-tools grid-tools text-center hide-for-small bottom hover-slide-in show-on-hover\">\n\t\t\t\t<a href=\"#quick-view\" class=\"quick-view\" role=\"button\" data-prod=\"20527\" aria-haspopup=\"dialog\" aria-expanded=\"false\" data-flatsome-role-button>Aper\u00e7u<\/a>\t\t\t<\/div>\n\t\t\t<div class=\"out-of-stock-label\">Rupture de stock<\/div>\t\t<\/div>\n\n\t\t<div class=\"box-text box-text-products\">\n\t\t\t<div class=\"title-wrapper\">\t\t<p class=\"category uppercase is-smaller no-text-overflow product-cat op-8\">\n\t\t\tCoffrets Cinq Mondes\t\t<\/p>\n\t<p class=\"name product-title woocommerce-loop-product__title\"><a href=\"https:\/\/lesfeesnaturelles.fr\/boutique\/produit\/vanity-hydratation-jeunesse-cinq-mondes\/\" class=\"woocommerce-LoopProduct-link woocommerce-loop-product__link\">Vanity Hydratation &#038; Jeunesse &#8211; Cinq Mondes<\/a><\/p><\/div><div class=\"price-wrapper\">\n\t<span class=\"price\"><del aria-hidden=\"true\"><span class=\"woocommerce-Price-amount amount\"><bdi>192,00<span class=\"woocommerce-Price-currencySymbol\">&euro;<\/span><\/bdi><\/span><\/del> <span class=\"screen-reader-text\">Le prix initial \u00e9tait\u00a0: 192,00&euro;.<\/span><ins aria-hidden=\"true\"><span class=\"woocommerce-Price-amount amount\"><bdi>95,00<span class=\"woocommerce-Price-currencySymbol\">&euro;<\/span><\/bdi><\/span><\/ins><span class=\"screen-reader-text\">Le prix actuel est\u00a0: 95,00&euro;.<\/span><\/span>\n<\/div><div class=\"add-to-cart-button\"><a href=\"https:\/\/lesfeesnaturelles.fr\/boutique\/produit\/vanity-hydratation-jeunesse-cinq-mondes\/\" aria-describedby=\"woocommerce_loop_add_to_cart_link_describedby_20527\" data-quantity=\"1\" class=\"primary is-small mb-0 button product_type_simple is-outline\" data-product_id=\"20527\" data-product_sku=\"1348000\" aria-label=\"En savoir plus sur &ldquo;Vanity Hydratation &amp; Jeunesse - Cinq Mondes&rdquo;\" rel=\"nofollow\" data-success_message=\"\">Lire la suite<\/a><\/div>\t<span id=\"woocommerce_loop_add_to_cart_link_describedby_20527\" class=\"screen-reader-text\">\n\t\t\t<\/span>\n\t\t<\/div>\n\t<\/div>\n\t\t<\/div>\n<\/div><\/div><!-- row -->\n<\/div>\n<p style=\"text-align: center;\"><strong><span style=\"font-size: 120%;\"><a href=\"http:\/\/lesfeesnaturelles.fr\/boutique\/\">Retour \u00e0 la boutique<\/a><\/span><\/strong><\/p>\n","protected":false},"excerpt":{"rendered":"<p>Vous trouverez sur cette page tous les produits b\u00e9n\u00e9ficiant actuellement d&rsquo;une promotion pour vous faciliter le shopping ! Retour \u00e0 la boutique Retour \u00e0 la boutique<\/p>\n","protected":false},"author":1,"featured_media":0,"parent":0,"menu_order":0,"comment_status":"closed","ping_status":"closed","template":"","meta":{"_acf_changed":false,"footnotes":""},"class_list":["post-4701","page","type-page","status-publish","hentry"],"acf":[],"_links":{"self":[{"href":"https:\/\/lesfeesnaturelles.fr\/boutique\/wp-json\/wp\/v2\/pages\/4701","targetHints":{"allow":["GET"]}}],"collection":[{"href":"https:\/\/lesfeesnaturelles.fr\/boutique\/wp-json\/wp\/v2\/pages"}],"about":[{"href":"https:\/\/lesfeesnaturelles.fr\/boutique\/wp-json\/wp\/v2\/types\/page"}],"author":[{"embeddable":true,"href":"https:\/\/lesfeesnaturelles.fr\/boutique\/wp-json\/wp\/v2\/users\/1"}],"replies":[{"embeddable":true,"href":"https:\/\/lesfeesnaturelles.fr\/boutique\/wp-json\/wp\/v2\/comments?post=4701"}],"version-history":[{"count":0,"href":"https:\/\/lesfeesnaturelles.fr\/boutique\/wp-json\/wp\/v2\/pages\/4701\/revisions"}],"wp:attachment":[{"href":"https:\/\/lesfeesnaturelles.fr\/boutique\/wp-json\/wp\/v2\/media?parent=4701"}],"curies":[{"name":"wp","href":"https:\/\/api.w.org\/{rel}","templated":true}]}}