{"id":10361,"date":"2020-05-26T12:31:46","date_gmt":"2020-05-26T10:31:46","guid":{"rendered":"http:\/\/lesfeesnaturelles.fr\/boutique\/?post_type=product&#038;p=10361"},"modified":"2025-04-23T16:03:09","modified_gmt":"2025-04-23T14:03:09","slug":"masque-kaolin-et-fleurs-masque-purifiant-cinq-mondes","status":"publish","type":"product","link":"https:\/\/lesfeesnaturelles.fr\/boutique\/produit\/masque-kaolin-et-fleurs-masque-purifiant-cinq-mondes\/","title":{"rendered":"Masque Kaolin et Fleurs &#8211; Masque purifiant Cinq Mondes"},"content":{"rendered":"<p>Sa formule riche en <span class=\"prune\">Argile rouge<\/span> et <span class=\"prune\">Kaolin blanc<\/span> combin\u00e9s \u00e0 un <span class=\"prune\">extrait de Citron<\/span>, absorbe l\u2019exc\u00e8s de s\u00e9bum et permet de lutter contre les imperfections tout en \u00e9liminant les toxines accumul\u00e9es sur la peau. En compl\u00e9ment, les extraits d\u2019<span class=\"prune\">acides doux des 5 Fleurs de Bali\u00a0<\/span>apportent un coup d\u2019\u00e9clat instantan\u00e9.<\/p>\n<p>Ce masque de couleur nude, \u00e0 la texture fra\u00eeche est tr\u00e8s facile \u00e0 rincer et \u00e0 appliquer. Vous allez adorer son <span class=\"prune\">parfum bio ultra-sensoriel<\/span> : un concentr\u00e9 aromatique frais et p\u00e9tillant aux notes d\u2019Hesp\u00e9rid\u00e9s et d\u2019Ylang-Ylang, qui mettra instantan\u00e9ment vos sens en \u00e9veil\u00a0!<\/p>\n<p>Son petit plus\u00a0? Le temps de pose est modulable selon les besoins du moment de votre peau\u00a0pour une action rapide et efficace\u00a0!<\/p>\n<p><span style=\"color: #800000;\">B\u00e9n\u00e9fices des actifs :<\/span><\/p>\n<p><span style=\"color: #800000;\">Kaolin :<\/span> Argile pure compos\u00e9e essentiellement de min\u00e9raux \u00e0 fort pouvoir absorbant et matifiant qui permettent au Kaolin sous sa forme finale d&rsquo;absorber 14 fois son poids mol\u00e9culaire en toxines. Il laisse alors la peau, purifi\u00e9e et d\u00e9toxifi\u00e9e, en \u00e9liminant les cellules mortes et en \u00e9claircissant le teint.<\/p>\n<p><span style=\"color: #800000;\">Extrait de citron :<\/span> Pouvoir purifiant et protecteur, il embellit et purifie la peau.<\/p>\n<h3 class=\"product-advice__title\"><span style=\"color: #993366;\">CONSEIL DU SPA TH\u00c9RAPEUTE<\/span><\/h3>\n<p>Ce masque sur mesure doit \u00eatre appliqu\u00e9 en couche g\u00e9n\u00e9reuse 1 \u00e0 2 fois par semaine sur le visage et le cou en \u00e9vitant le contour des yeux. Laisser agir 3, 5 ou 10 minutes en fonction de l\u2019effet recherch\u00e9, puis rincer.<\/p>\n<ul>\n<li class=\"effetTempsDePose\">\n<h3><span class=\"prune\" style=\"color: #800000;\">3 minutes = Un coup d\u2019\u00e9clat express &#8211; Matifie et illumine.<\/span><\/h3>\n<ul>\n<li>\n<h4>90% \u00e9limine du s\u00e9bum &#8211; 81% redonne de l&rsquo;\u00e9clat au teint.<\/h4>\n<\/li>\n<\/ul>\n<\/li>\n<li class=\"effetTempsDePose\">\n<h3><span class=\"prune\" style=\"color: #800000;\">5 minutes = Une peau parfaitement nette &#8211; Lisse et am\u00e9liore la qualit\u00e9 de la peau.<\/span><\/h3>\n<ul>\n<li>\n<h4>81% resserre les pores &#8211; 90% Affine le grain de peau et lisse la peau.<\/h4>\n<\/li>\n<\/ul>\n<\/li>\n<li class=\"effetTempsDePose\">\n<h3><span class=\"prune\" style=\"color: #800000;\">10 minutes = Un pur moment cocooning. &#8211; Purifie et d\u00e9toxifie.<\/span><\/h3>\n<ul>\n<li>\n<h4>95% purifie &#8211; 90% d\u00e9toxifie.<\/h4>\n<\/li>\n<\/ul>\n<\/li>\n<\/ul>\n<p><img decoding=\"async\" src=\"https:\/\/www.cinqmondes.com\/media\/wysiwyg\/317_317-rincer%20visage.jpg\" \/><\/p>\n<p>&nbsp;<\/p>\n","protected":false},"excerpt":{"rendered":"<p><span style=\"color: #993366;\">Rituel de Bali, Indon\u00e9sie.<\/span><\/p>\n<p>Masque visage certifi\u00e9 bio et avec 99% d\u2019ingr\u00e9dients d\u2019origine naturelle, associant un duo d\u2019argiles \u00e0 des extraits de fruits et fleurs bio pour absorber l\u2019exc\u00e8s de s\u00e9bum et \u00e9liminer les toxines accumul\u00e9es, pour un teint instantan\u00e9ment purifi\u00e9 et \u00e9clatant.<\/p>\n<p>&nbsp;<\/p>\n\n","protected":false},"featured_media":20491,"template":"","meta":{"_acf_changed":false},"product_brand":[],"product_cat":[152,164],"product_tag":[190,200,199],"class_list":{"0":"post-10361","1":"product","2":"type-product","3":"status-publish","4":"has-post-thumbnail","6":"product_cat-les-produits-cinq-mondes","7":"product_cat-masques-visage","8":"product_tag-cinq-mondes","9":"product_tag-cosmetiques-naturels","10":"product_tag-masque-visage","12":"first","13":"instock","14":"shipping-taxable","15":"purchasable","16":"product-type-simple"},"acf":[],"_links":{"self":[{"href":"https:\/\/lesfeesnaturelles.fr\/boutique\/wp-json\/wp\/v2\/product\/10361","targetHints":{"allow":["GET"]}}],"collection":[{"href":"https:\/\/lesfeesnaturelles.fr\/boutique\/wp-json\/wp\/v2\/product"}],"about":[{"href":"https:\/\/lesfeesnaturelles.fr\/boutique\/wp-json\/wp\/v2\/types\/product"}],"wp:featuredmedia":[{"embeddable":true,"href":"https:\/\/lesfeesnaturelles.fr\/boutique\/wp-json\/wp\/v2\/media\/20491"}],"wp:attachment":[{"href":"https:\/\/lesfeesnaturelles.fr\/boutique\/wp-json\/wp\/v2\/media?parent=10361"}],"wp:term":[{"taxonomy":"product_brand","embeddable":true,"href":"https:\/\/lesfeesnaturelles.fr\/boutique\/wp-json\/wp\/v2\/product_brand?post=10361"},{"taxonomy":"product_cat","embeddable":true,"href":"https:\/\/lesfeesnaturelles.fr\/boutique\/wp-json\/wp\/v2\/product_cat?post=10361"},{"taxonomy":"product_tag","embeddable":true,"href":"https:\/\/lesfeesnaturelles.fr\/boutique\/wp-json\/wp\/v2\/product_tag?post=10361"}],"curies":[{"name":"wp","href":"https:\/\/api.w.org\/{rel}","templated":true}]}}