{"id":1045,"date":"2018-01-01T19:36:45","date_gmt":"2018-01-01T18:36:45","guid":{"rendered":"http:\/\/lesfeesnaturelles.fr\/boutique\/?post_type=product&#038;p=1045"},"modified":"2024-04-26T18:24:53","modified_gmt":"2024-04-26T16:24:53","slug":"mineral-silk-zao-makeup","status":"publish","type":"product","link":"https:\/\/lesfeesnaturelles.fr\/boutique\/produit\/mineral-silk-zao-makeup\/","title":{"rendered":"Min\u00e9ral silk Zao MakeUp"},"content":{"rendered":"<p>Le Mineral Silk est un v\u00e9ritable fond de teint poudre. Son originalit\u00e9 est li\u00e9e \u00e0 sa simplicit\u00e9 d\u2019utilisation.<\/p>\n<p>Id\u00e9alement utilis\u00e9 apr\u00e8s une cr\u00e8me hydratante, il s\u2019applique avec le pinceau kabuki. 100% naturel, il convient \u00e0 tous les types de peau, y compris les plus sensibles.<\/p>\n<p>Versez un peu de poudre dans le couvercle du pot en bambou. Ensuite, exercez une l\u00e9g\u00e8re pression du pinceau kabuki en tournant sur la poudre, afin d\u2019impr\u00e9gner les poils.<\/p>\n<p>Enfin, tapotez l\u00e9g\u00e8rement pour \u00e9liminer l\u2019exc\u00e8s de poudre avant de l\u2019appliquer sur le visage en dessinant des cercles.<\/p>\n<p>Comme la poudre compacte, le Mineral Silk permet \u00e9galement de fixer le maquillage pour une meilleure tenue.<\/p>\n<p>Pour r\u00e9hausser votre teint, apr\u00e8s l\u2019application de votre teinte, utilisez un MineralSilk plus fonc\u00e9 (2 num\u00e9ros) comme fard \u00e0 joues.<\/p>\n<p>Produit certifi\u00e9 Bio, 100 % d\u2019origine naturelle et Vegan.<\/p>\n<p><b>POIDS NET: <\/b>gr 13,5 \/ 0,47 oz<\/p>\n<p><b>RECHARGEABLE: <\/b>Oui<\/p>\n<p><img decoding=\"async\" class=\"d-inline-block\" src=\"https:\/\/d2t14ywz88mj4f.cloudfront.net\/sites\/5eb861c4d7b509001a4afe92\/theme\/images\/logo-spec-bio.png?1589319275\" alt=\"BIO\" \/><img decoding=\"async\" class=\"d-inline-block\" src=\"https:\/\/d2t14ywz88mj4f.cloudfront.net\/sites\/5eb861c4d7b509001a4afe92\/theme\/images\/logo-spec-ecocert.png?1589319275\" alt=\"ECOCERT\" \/><img decoding=\"async\" class=\"d-inline-block\" src=\"https:\/\/d2t14ywz88mj4f.cloudfront.net\/sites\/5eb861c4d7b509001a4afe92\/theme\/images\/logo-spec-peta.png?1589319275\" alt=\"PETA\" \/><img decoding=\"async\" class=\"d-inline-block\" src=\"https:\/\/d2t14ywz88mj4f.cloudfront.net\/sites\/5eb861c4d7b509001a4afe92\/theme\/images\/logo-spec-refillable.png?1589319275\" alt=\"REFILLABLE\" \/><img decoding=\"async\" class=\"d-inline-block\" src=\"https:\/\/d2t14ywz88mj4f.cloudfront.net\/sites\/5eb861c4d7b509001a4afe92\/theme\/images\/logo-spec-slow-cosmetic.png?1589319275\" alt=\"SLOW COSMETIQUE\" \/><\/p>\n<p>&nbsp;<\/p>\n<p>&nbsp;<\/p>\n<p>&nbsp;<\/p>\n<p>&nbsp;<\/p>\n","protected":false},"excerpt":{"rendered":"<p>Simple d\u2019utilisation, le Mineral silk est un fond de teint poudre qui matifie, unifie et sublime votre visage en toute l\u00e9g\u00e8ret\u00e9.<\/p>\n<p>Ce fond de teint poudre, \u00e0 base de poudre de riz bio a une texture ultra fine, douce et a\u00e9rienne qui donne un fini naturel et velout\u00e9 \u00e0 la peau. 100% d\u2019origine naturelle, il convient \u00e0 tous les types de peau, y compris les plus sensibles. Nous la recommandons tout particuli\u00e8rement aux peaux matures.<\/p>\n<p>Une formule 100% d\u2019origine naturelle, certifi\u00e9e Bio et Vegan.<\/p>\n<p><img decoding=\"async\" class=\"img-fluid\" src=\"https:\/\/s3.eu-west-3.amazonaws.com\/shopinvader-demo-public-assets\/cosmetika\/mineral-silk_900_130-73294.png\" alt=\"Mineral silk bio\" \/><\/p>\n<p>&nbsp;<\/p>\n","protected":false},"featured_media":10890,"template":"","meta":{"_acf_changed":false},"product_brand":[],"product_cat":[15,24],"product_tag":[17,54],"class_list":{"0":"post-1045","1":"product","2":"type-product","3":"status-publish","4":"has-post-thumbnail","6":"product_cat-cosmetiques-zao","7":"product_cat-teint-zao-cosmetiques-zao","8":"product_tag-cosmetique-vegan-bio-zao","9":"product_tag-mineral-silk","11":"first","12":"instock","13":"purchasable","14":"product-type-variable"},"acf":[],"_links":{"self":[{"href":"https:\/\/lesfeesnaturelles.fr\/boutique\/wp-json\/wp\/v2\/product\/1045","targetHints":{"allow":["GET"]}}],"collection":[{"href":"https:\/\/lesfeesnaturelles.fr\/boutique\/wp-json\/wp\/v2\/product"}],"about":[{"href":"https:\/\/lesfeesnaturelles.fr\/boutique\/wp-json\/wp\/v2\/types\/product"}],"wp:featuredmedia":[{"embeddable":true,"href":"https:\/\/lesfeesnaturelles.fr\/boutique\/wp-json\/wp\/v2\/media\/10890"}],"wp:attachment":[{"href":"https:\/\/lesfeesnaturelles.fr\/boutique\/wp-json\/wp\/v2\/media?parent=1045"}],"wp:term":[{"taxonomy":"product_brand","embeddable":true,"href":"https:\/\/lesfeesnaturelles.fr\/boutique\/wp-json\/wp\/v2\/product_brand?post=1045"},{"taxonomy":"product_cat","embeddable":true,"href":"https:\/\/lesfeesnaturelles.fr\/boutique\/wp-json\/wp\/v2\/product_cat?post=1045"},{"taxonomy":"product_tag","embeddable":true,"href":"https:\/\/lesfeesnaturelles.fr\/boutique\/wp-json\/wp\/v2\/product_tag?post=1045"}],"curies":[{"name":"wp","href":"https:\/\/api.w.org\/{rel}","templated":true}]}}