{"id":10534,"date":"2020-06-17T11:27:18","date_gmt":"2020-06-17T09:27:18","guid":{"rendered":"http:\/\/lesfeesnaturelles.fr\/boutique\/?post_type=product&#038;p=10534"},"modified":"2025-01-27T21:42:12","modified_gmt":"2025-01-27T20:42:12","slug":"solution-perfectrice-fillmed-by-filorga-skin-perfusion","status":"publish","type":"product","link":"https:\/\/lesfeesnaturelles.fr\/boutique\/produit\/solution-perfectrice-fillmed-by-filorga-skin-perfusion\/","title":{"rendered":"Solution perfectrice &#8211; Fillmed Skin Perfusion"},"content":{"rendered":"<p class=\"p1-texte\">La <strong>SOLUTION PERFECTRICE<\/strong> s&rsquo;utilise de la mani\u00e8re suivante, en respectant bien le protocole recommand\u00e9 pour chaque\u00a0type de peau :<\/p>\n<p class=\"p1-texte\">Appliquer \u00e0 l&rsquo;aide d&rsquo;un coton sur peau propre, avant le soin de nuit. \u00c9viter les yeux, le contour des yeux et les muqueuses.\u00a0Sans rin\u00e7age.<\/p>\n<p class=\"p1-texte\"><strong>Protocole peau normale :\u00a0<\/strong><\/p>\n<p class=\"p1-texte\">Utiliser la SOLUTION PERFECTRICE\u00a0plusieurs fois par semaine (mais pas tous les jours) selon les besoins de la\u00a0peau. Commencer par exemple par 2 fois par semaine puis augmenter progressivement \u00e0 3.<\/p>\n<p class=\"p1-texte\"><strong>Protocole peau mixte \u00e0 grasse :\u00a0<\/strong><\/p>\n<p class=\"p1-texte\">Utiliser la SOLUTION PERFECTRICE quotidiennement en cure d&rsquo;1 mois, matin et soir.<\/p>\n<p class=\"p1-texte\"><strong>Protocole peau sensible, d\u00e9licate :<\/strong><\/p>\n<p class=\"p1-texte\">Utiliser la SOLUTION PERFECTRICE 1 fois\u00a0par semaine apr\u00e8s un nettoyage doux de la peau.<\/p>\n<p class=\"p1-texte\"><strong>Protocole pr\u00e9- ou post-peeling :<\/strong><\/p>\n<p class=\"p1-texte\">Pour pr\u00e9parer ou prolonger les effets d&rsquo;un peeling effectu\u00e9 chez un m\u00e9decin esth\u00e9tique ou un dermatologue, utiliser la SOLUTION PERFECTRICE matin et\/ou soir en cure de 2 semaines. Apr\u00e8s le peeling, attendre quelques jours avant d&rsquo;appliquer la solution Perfectrice.<\/p>\n<p class=\"p1-texte\"><strong>Pr\u00e9cautions :\u00a0<\/strong><\/p>\n<p class=\"p1-texte\">&#8211;\u00a0Ne jamais appliquer sur une peau abim\u00e9e.<\/p>\n<p class=\"p1-texte\">&#8211; \u00c9viter les zones sensibles (contour des yeux, muqueuses).<\/p>\n<p class=\"p1-texte\">&#8211; Ne pas appliquer sur une peau qui a \u00e9t\u00e9 expos\u00e9e au soleil.<\/p>\n<p class=\"p1-texte\">&#8211; En cas d&rsquo;exposition solaire prolong\u00e9e en parall\u00e8le du traitement, utiliser une protection solaire.<\/p>\n<p>&nbsp;<\/p>\n<p><b><u>Ingr\u00e9dients :<\/p>\n<p><\/u><\/b>AQUA (WATER, EAU), PHENOXYETHANOL, GLUCONOLACTONE, SODIUM HYDROXIDE<\/p>\n","protected":false},"excerpt":{"rendered":"<p>Cette solution l\u00e9g\u00e8re est formul\u00e9e \u00e0 base de gluconolactone, un acide de fruit qui permet une exfoliation des cellules mortes en douceur. Elle lisse la texture de la peau, r\u00e9duit les irr\u00e9gularit\u00e9s et laisse la peau fraiche et nette.<\/p>\n<p><b>Indication :<\/b>Id\u00e9al pour tous types de peaux hors peaux sensibles<b><\/b><\/p>\n<p><b>Utilisation : <\/b>Appliquer tous les soirs sur peau propre avant le soin.<\/p>\n<p>Contenance : 100 ml<\/p>\n","protected":false},"featured_media":10603,"template":"","meta":{"_acf_changed":false},"product_brand":[],"product_cat":[36],"product_tag":[],"class_list":{"0":"post-10534","1":"product","2":"type-product","3":"status-publish","4":"has-post-thumbnail","6":"product_cat-filorga","8":"first","9":"instock","10":"shipping-taxable","11":"purchasable","12":"product-type-simple"},"acf":[],"_links":{"self":[{"href":"https:\/\/lesfeesnaturelles.fr\/boutique\/wp-json\/wp\/v2\/product\/10534","targetHints":{"allow":["GET"]}}],"collection":[{"href":"https:\/\/lesfeesnaturelles.fr\/boutique\/wp-json\/wp\/v2\/product"}],"about":[{"href":"https:\/\/lesfeesnaturelles.fr\/boutique\/wp-json\/wp\/v2\/types\/product"}],"wp:featuredmedia":[{"embeddable":true,"href":"https:\/\/lesfeesnaturelles.fr\/boutique\/wp-json\/wp\/v2\/media\/10603"}],"wp:attachment":[{"href":"https:\/\/lesfeesnaturelles.fr\/boutique\/wp-json\/wp\/v2\/media?parent=10534"}],"wp:term":[{"taxonomy":"product_brand","embeddable":true,"href":"https:\/\/lesfeesnaturelles.fr\/boutique\/wp-json\/wp\/v2\/product_brand?post=10534"},{"taxonomy":"product_cat","embeddable":true,"href":"https:\/\/lesfeesnaturelles.fr\/boutique\/wp-json\/wp\/v2\/product_cat?post=10534"},{"taxonomy":"product_tag","embeddable":true,"href":"https:\/\/lesfeesnaturelles.fr\/boutique\/wp-json\/wp\/v2\/product_tag?post=10534"}],"curies":[{"name":"wp","href":"https:\/\/api.w.org\/{rel}","templated":true}]}}