{"id":1082,"date":"2018-01-01T20:05:08","date_gmt":"2018-01-01T19:05:08","guid":{"rendered":"http:\/\/lesfeesnaturelles.fr\/boutique\/?post_type=product&#038;p=1082"},"modified":"2024-06-28T11:30:33","modified_gmt":"2024-06-28T09:30:33","slug":"terre-cuite-minerale-zao-makeup","status":"publish","type":"product","link":"https:\/\/lesfeesnaturelles.fr\/boutique\/produit\/terre-cuite-minerale-zao-makeup\/","title":{"rendered":"Terre cuite min\u00e9rale Zao MakeUp"},"content":{"rendered":"<div class=\"page\" title=\"Page 5\">\n<div class=\"section\">\n<div class=\"layoutArea\">\n<div class=\"column\">\n<p><strong>CONSEILS D\u2019UTILISATION :<\/strong><\/p>\n<p>\u00c0 l\u2019aide du Pinceau blush 703, appliquez la Terre cuite min\u00e9rale sur le contour du visage en dessinant le chiffre 3 de chaque c\u00f4t\u00e9 : partez du haut du front en suivant les racines de vos cheveux, descendez en suivant la courbe des pommettes et terminez sur la ligne des maxillaires. Appliquez \u00e9galement la Terre cuite min\u00e9rale directement sur le nez (pour les nez longs), ou sur les ailes du nez (pour les nez \u00e9pais).<\/p>\n<p>CONTENANCE : 15 g \/ 0.53 oz.RECHARGEABLE : Oui<\/p>\n<\/div>\n<div class=\"page\" title=\"Page 6\">\n<div class=\"section\">\n<div class=\"layoutArea\">\n<div class=\"column\">\n<p><strong>INGR\u00c9DIENTS CL\u00c9S :<\/strong><\/p>\n<p><strong><span style=\"color: #800080;\">Amidon de ma\u00efs bio<\/span><\/strong> : L\u2019amidon de ma\u00efs biologique est un support v\u00e9g\u00e9tal permettant une meilleure adh\u00e9sion de la poudre sur la peau, et donc une meilleure tenue du maquillage. Il facilite la dispersion des pigments et aide, en cela, \u00e0 l\u2019unicit\u00e9 de la teinte sur la peau.<\/p>\n<p><strong><span style=\"color: #800080;\">Poudre de bambou<\/span><\/strong> : Substance blanche extraite des jointures du bambou. Gr\u00e2ce \u00e0 sa teneur \u00e9lev\u00e9e en silice organique, elle remin\u00e9ralise, hydrate et participe \u00e0 la r\u00e9g\u00e9n\u00e9ration de votre peau tout en att\u00e9nuant la brillance des peaux mixtes et grasses.<\/p>\n<p><strong><span style=\"color: #800080;\">Huile de ricin bio<\/span><\/strong> \u00a0: Cette huile est int\u00e9ressante car elle est \u00e9molliente ce qui permet d\u2019assouplir et d\u2019adoucir la peau. Elle est \u00e9galement hydratante ce qui augmente la teneur en eau de la peau et la maintient douce et lisse.<\/p>\n<\/div>\n<\/div>\n<\/div>\n<\/div>\n<\/div>\n<\/div>\n<\/div>\n<p>&nbsp;<\/p>\n<p><img decoding=\"async\" class=\"d-inline-block\" src=\"https:\/\/d2t14ywz88mj4f.cloudfront.net\/sites\/5eb861c4d7b509001a4afe92\/theme\/images\/logo-spec-bio.png?1589319275\" alt=\"BIO\" \/><img decoding=\"async\" class=\"d-inline-block\" src=\"https:\/\/d2t14ywz88mj4f.cloudfront.net\/sites\/5eb861c4d7b509001a4afe92\/theme\/images\/logo-spec-ecocert.png?1589319275\" alt=\"ECOCERT\" \/><img decoding=\"async\" class=\"d-inline-block\" src=\"https:\/\/d2t14ywz88mj4f.cloudfront.net\/sites\/5eb861c4d7b509001a4afe92\/theme\/images\/logo-spec-refillable.png?1589319275\" alt=\"REFILLABLE\" \/><img decoding=\"async\" class=\"d-inline-block\" src=\"https:\/\/d2t14ywz88mj4f.cloudfront.net\/sites\/5eb861c4d7b509001a4afe92\/theme\/images\/logo-spec-peta.png?1589319275\" alt=\"PETA\" \/><img decoding=\"async\" class=\"d-inline-block\" src=\"https:\/\/d2t14ywz88mj4f.cloudfront.net\/sites\/5eb861c4d7b509001a4afe92\/theme\/images\/logo-spec-slow-cosmetic.png?1589319275\" alt=\"SLOW COSMETIQUE\" \/><\/p>\n<p>&nbsp;<\/p>\n<p>&nbsp;<\/p>\n<p>&nbsp;<\/p>\n","protected":false},"excerpt":{"rendered":"<div class=\"page\" title=\"Page 5\">\n<div class=\"section\">\n<div class=\"layoutArea\">\n<div class=\"column\">\n<p>Utilisez les Terres cuites min\u00e9rales Zao Make-Up pour un effet bonne mine instantan\u00e9. Elles permettent \u00e9galement de remodeler et red\u00e9finir les traits du visage.<\/p>\n<p>Nos Terres cuites min\u00e9rales sont id\u00e9ales pour structurer parfaitement la forme du visage et vous permettent de b\u00e9n\u00e9ficier d\u2019un teint hal\u00e9 toute l\u2019ann\u00e9e. Cuivre, dor\u00e9, bronze\u2026, choisissez la nuance qu\u2019il vous faut en fonction de votre carnation et de la saison.<\/p>\n<\/div>\n<\/div>\n<div class=\"layoutArea\">\n<div class=\"column\">\n<p>&nbsp;<\/p>\n<\/div>\n<\/div>\n<\/div>\n<\/div>\n<p>&nbsp;<\/p>\n","protected":false},"featured_media":13351,"template":"","meta":{"_acf_changed":false},"product_brand":[],"product_cat":[15,24],"product_tag":[17,47],"class_list":{"0":"post-1082","1":"product","2":"type-product","3":"status-publish","4":"has-post-thumbnail","6":"product_cat-cosmetiques-zao","7":"product_cat-teint-zao-cosmetiques-zao","8":"product_tag-cosmetique-vegan-bio-zao","9":"product_tag-poudre-terre-cuite-minerale","11":"first","12":"instock","13":"purchasable","14":"product-type-variable"},"acf":[],"_links":{"self":[{"href":"https:\/\/lesfeesnaturelles.fr\/boutique\/wp-json\/wp\/v2\/product\/1082","targetHints":{"allow":["GET"]}}],"collection":[{"href":"https:\/\/lesfeesnaturelles.fr\/boutique\/wp-json\/wp\/v2\/product"}],"about":[{"href":"https:\/\/lesfeesnaturelles.fr\/boutique\/wp-json\/wp\/v2\/types\/product"}],"wp:featuredmedia":[{"embeddable":true,"href":"https:\/\/lesfeesnaturelles.fr\/boutique\/wp-json\/wp\/v2\/media\/13351"}],"wp:attachment":[{"href":"https:\/\/lesfeesnaturelles.fr\/boutique\/wp-json\/wp\/v2\/media?parent=1082"}],"wp:term":[{"taxonomy":"product_brand","embeddable":true,"href":"https:\/\/lesfeesnaturelles.fr\/boutique\/wp-json\/wp\/v2\/product_brand?post=1082"},{"taxonomy":"product_cat","embeddable":true,"href":"https:\/\/lesfeesnaturelles.fr\/boutique\/wp-json\/wp\/v2\/product_cat?post=1082"},{"taxonomy":"product_tag","embeddable":true,"href":"https:\/\/lesfeesnaturelles.fr\/boutique\/wp-json\/wp\/v2\/product_tag?post=1082"}],"curies":[{"name":"wp","href":"https:\/\/api.w.org\/{rel}","templated":true}]}}