{"id":11038,"date":"2020-10-21T15:05:07","date_gmt":"2020-10-21T13:05:07","guid":{"rendered":"http:\/\/lesfeesnaturelles.fr\/boutique\/?post_type=product&#038;p=11038"},"modified":"2025-06-03T10:50:46","modified_gmt":"2025-06-03T08:50:46","slug":"coffret-cozy-beaute-zao-makeup","status":"publish","type":"product","link":"https:\/\/lesfeesnaturelles.fr\/boutique\/produit\/coffret-cozy-beaute-zao-makeup\/","title":{"rendered":"Coffret Cozy Beaut\u00e9 &#8211; Zao Makeup"},"content":{"rendered":"<div class=\"page\" title=\"Page 2\">\n<div class=\"section\">\n<div class=\"layoutArea\">\n<div class=\"column\">\n<ul>\n<li>Dimensions du coffret : 18 cm x 7,5 cm x 6 cm<\/li>\n<\/ul>\n<p>&nbsp;<\/p>\n<\/div>\n<\/div>\n<\/div>\n<\/div>\n","protected":false},"excerpt":{"rendered":"<div class=\"page\" title=\"Page 2\">\n<div class=\"section\">\n<div class=\"layoutArea\">\n<div class=\"column\">\n<p>Cet \u00e9l\u00e9gant coffret en bambou est compos\u00e9 d\u2019une bougie d\u2019ambiance 100% naturelle et v\u00e9g\u00e9tale associ\u00e9e \u00e0 2 produits de maquillage multi-usages certifi\u00e9s bio, 100% naturels, vegan et rechargeables :<\/p>\n<p>\u2022 Une Bambou box duo yeux compos\u00e9e d\u2019un highlighter Shine- up powder pour illuminer le teint et d\u2019un Fard poudre multi-usages brun fonc\u00e9 qui s\u2019utilise en Ombre \u00e0 paupi\u00e8res et en Eyeliner cake.<\/p>\n<p>\u2022 Un Baume joues &amp; l\u00e8vres qui s\u2019utilise en Fard \u00e0 joues et en Rouge \u00e0 l\u00e8vres.<\/p>\n<ul>\n<li>Une Bougie d\u2019ambiance senteur vanille, fabriqu\u00e9e artisanalement en France.<\/li>\n<li>Le petit + : un d\u00e9pliant tuto make-up \u00e0 l\u2019int\u00e9rieur. Une belle id\u00e9e cadeau pour No\u00ebl !<\/li>\n<\/ul>\n<\/div>\n<\/div>\n<\/div>\n<\/div>\n","protected":false},"featured_media":11049,"template":"","meta":{"_acf_changed":false},"product_brand":[],"product_cat":[15,78],"product_tag":[],"class_list":{"0":"post-11038","1":"product","2":"type-product","3":"status-publish","4":"has-post-thumbnail","6":"product_cat-cosmetiques-zao","7":"product_cat-palettes-zao","9":"first","10":"instock","11":"downloadable","12":"shipping-taxable","13":"purchasable","14":"product-type-simple"},"acf":[],"_links":{"self":[{"href":"https:\/\/lesfeesnaturelles.fr\/boutique\/wp-json\/wp\/v2\/product\/11038","targetHints":{"allow":["GET"]}}],"collection":[{"href":"https:\/\/lesfeesnaturelles.fr\/boutique\/wp-json\/wp\/v2\/product"}],"about":[{"href":"https:\/\/lesfeesnaturelles.fr\/boutique\/wp-json\/wp\/v2\/types\/product"}],"wp:featuredmedia":[{"embeddable":true,"href":"https:\/\/lesfeesnaturelles.fr\/boutique\/wp-json\/wp\/v2\/media\/11049"}],"wp:attachment":[{"href":"https:\/\/lesfeesnaturelles.fr\/boutique\/wp-json\/wp\/v2\/media?parent=11038"}],"wp:term":[{"taxonomy":"product_brand","embeddable":true,"href":"https:\/\/lesfeesnaturelles.fr\/boutique\/wp-json\/wp\/v2\/product_brand?post=11038"},{"taxonomy":"product_cat","embeddable":true,"href":"https:\/\/lesfeesnaturelles.fr\/boutique\/wp-json\/wp\/v2\/product_cat?post=11038"},{"taxonomy":"product_tag","embeddable":true,"href":"https:\/\/lesfeesnaturelles.fr\/boutique\/wp-json\/wp\/v2\/product_tag?post=11038"}],"curies":[{"name":"wp","href":"https:\/\/api.w.org\/{rel}","templated":true}]}}