{"id":1129,"date":"2018-01-01T21:45:13","date_gmt":"2018-01-01T20:45:13","guid":{"rendered":"http:\/\/lesfeesnaturelles.fr\/boutique\/?post_type=product&#038;p=1129"},"modified":"2025-07-07T15:52:29","modified_gmt":"2025-07-07T13:52:29","slug":"fard-a-paupieres-nacre-zao-makeup","status":"publish","type":"product","link":"https:\/\/lesfeesnaturelles.fr\/boutique\/produit\/fard-a-paupieres-nacre-zao-makeup\/","title":{"rendered":"Fard \u00e0 paupi\u00e8res nacr\u00e9 Zao MakeUp"},"content":{"rendered":"<h4>Application de l\u2019Ombre \u00e0 paupi\u00e8res nacr\u00e9e<\/h4>\n<p style=\"text-align: left;\">Appliquez le Primer yeux (259) puis une Ombre \u00e0 paupi\u00e8res claire ou medium sur l\u2019ensemble de la paupi\u00e8re mobile avec le Pinceau langue de chat 704. Ensuite, choisissez une teinte plus fonc\u00e9e pour souligner le ras des cils \u00e0 l\u2019aide du Pinceau biseaut\u00e9 706. Illuminez le coin int\u00e9rieur de l\u2019\u0153il avec une teinte claire. Pour un regard intense, utilisez une teinte fonc\u00e9e au niveau du coin externe de l\u2019\u0153il avec le Pinceau boule 705. Vous pouvez utiliser l\u2019Ombre \u00e0 paupi\u00e8res noire mate 206 comme eyeliner cake pour tracer un fin trait au ras des cils sup\u00e9rieurs. Pour finaliser le regard, appliquez sur vos cils l\u2019un de nos Mascaras Zao Make-Up.<\/p>\n<p style=\"text-align: left;\">Le fard \u00e0 paupi\u00e8res nacr\u00e9 est id\u00e9al pour un r\u00e9sultat sophistiqu\u00e9 et p\u00e9tillant, en soir\u00e9e par exemple. Sa texture agr\u00e9able rend son utilisation douce et simple. L\u2019effet nacr\u00e9 est plus particuli\u00e8rement conseill\u00e9 aux peaux jeunes pour \u00e9viter de marquer les rides, mais \u00e9galement pour des yeux enfonc\u00e9s ou avec de petites paupi\u00e8res mobiles pour les faire ressortir.<\/p>\n<p style=\"text-align: left;\">D\u00e9posez la couleur la plus claire sur toute la paupi\u00e8re mobile \u00e0 l\u2019aide d\u2019un pinceau estompe Zao. Appliquez une ombre \u00e0 paupi\u00e8res d&rsquo;intensit\u00e9 moyenne sur l&rsquo;angle externe de l&rsquo;\u0153il et remontez sous l&rsquo;arcade sourcili\u00e8re gr\u00e2ce \u00e0 un pinceau boule Zao. Terminez par un trait fin d&rsquo;ombre \u00e0 paupi\u00e8res fonc\u00e9e en suivant le contour de votre \u0153il pour intensifier votre regard en utilisant un pinceau biseaut\u00e9 Zao.<\/p>\n<p>&nbsp;<\/p>\n<p>Ingr\u00e9dients cl\u00e9s :<\/p>\n<p>Poudre de riz bio\u00a0est l&rsquo;une des plus anciennes ingr\u00e9dients cosm\u00e9tiques. Il a la capacit\u00e9 de matifier la peau sans obstruer les pores en ajustant la s\u00e9cr\u00e9tion de s\u00e9bum.<\/p>\n<p>Squalane v\u00e9g\u00e9tal :\u00a0Extrait de l\u2019huile d\u2019olive, le Squalane v\u00e9g\u00e9tal est un d\u00e9riv\u00e9 du squal\u00e8ne qui est un composant naturel du s\u00e9bum humain. Son excellente affinit\u00e9 avec la peau, par sa similarit\u00e9 avec les lipides naturels cutan\u00e9s, et ses propri\u00e9t\u00e9s \u00e9mollientes en font un actif id\u00e9al. Il renforce la barri\u00e8re hydrolipidique cutan\u00e9e, assouplit la peau et la prot\u00e8ge de la d\u00e9shydratation.<\/p>\n<p>Huile de graines de lin bio :\u00a0Riche en acides gras insatur\u00e9s (om\u00e9ga 6, om\u00e9ga 3) et en vitamines (A, E B, K), cette huile est tr\u00e8s nourrissante et r\u00e9g\u00e9n\u00e9rante. Gr\u00e2ce aux macromol\u00e9cules qu\u2019elle contient, elle contribue \u00e0 maintenir l\u2019eau dans l\u2019\u00e9piderme et am\u00e9liore consid\u00e9rablement son hydratation et son \u00e9lasticit\u00e9.<\/p>\n<p>Poudre de bambou :\u00a0Il est une Substance blanche extraite des jointures du bambou. Gr\u00e2ce \u00e0 sa teneur \u00e9lev\u00e9e en silice, elle remin\u00e9ralise, hydrate et participe \u00e0 la r\u00e9g\u00e9n\u00e9ration de votre peau tout en att\u00e9nuant la brillance des peaux mixtes et grasses.<\/p>\n<p><b>POIDS NET: <\/b>3 g \/ 0,10 oz<\/p>\n<p><b>RECHARGEABLE: <\/b>Oui<\/p>\n<div class=\"pt-2\"><img decoding=\"async\" class=\"d-inline-block\" src=\"https:\/\/d2t14ywz88mj4f.cloudfront.net\/sites\/5eb861c4d7b509001a4afe92\/theme\/images\/logo-spec-bio.png?1599687932\" alt=\"BIO\" \/> <img decoding=\"async\" class=\"d-inline-block\" src=\"https:\/\/d2t14ywz88mj4f.cloudfront.net\/sites\/5eb861c4d7b509001a4afe92\/theme\/images\/logo-spec-ecocert.png?1599687932\" alt=\"ECOCERT\" \/> <img decoding=\"async\" class=\"d-inline-block\" src=\"https:\/\/d2t14ywz88mj4f.cloudfront.net\/sites\/5eb861c4d7b509001a4afe92\/theme\/images\/logo-spec-natural.png?1599687932\" alt=\"NATURAL\" \/> <img decoding=\"async\" class=\"d-inline-block\" src=\"https:\/\/d2t14ywz88mj4f.cloudfront.net\/sites\/5eb861c4d7b509001a4afe92\/theme\/images\/logo-spec-peta.png?1599687932\" alt=\"PETA\" \/> <img decoding=\"async\" class=\"d-inline-block\" src=\"https:\/\/d2t14ywz88mj4f.cloudfront.net\/sites\/5eb861c4d7b509001a4afe92\/theme\/images\/logo-spec-refillable.png?1599687932\" alt=\"REFILLABLE\" \/> <img decoding=\"async\" class=\"d-inline-block\" src=\"https:\/\/d2t14ywz88mj4f.cloudfront.net\/sites\/5eb861c4d7b509001a4afe92\/theme\/images\/logo-spec-slow-cosmetic.png?1599687932\" alt=\"SLOW COSMETIQUE\" \/><\/div>\n<p>&nbsp;<\/p>\n","protected":false},"excerpt":{"rendered":"<p>Le regard, miroir de vos \u00e9motions\u2026 Intensifiez chacune d&rsquo;elles. Cr\u00e9ez des zones de lumi\u00e8res en combinant les nuances nacr\u00e9es pour plus de p\u00e9tillant. Associez vos recharges \u00e0 l\u2019infini pour multiplier vos tendances. Comme toutes les poudres, le fard \u00e0 paupi\u00e8res nacr\u00e9 est sans talc.<\/p>\n<p>&nbsp;<\/p>\n","protected":false},"featured_media":10968,"template":"","meta":{"_acf_changed":false},"product_brand":[],"product_cat":[15,26],"product_tag":[17,91],"class_list":{"0":"post-1129","1":"product","2":"type-product","3":"status-publish","4":"has-post-thumbnail","6":"product_cat-cosmetiques-zao","7":"product_cat-les-yeux-zao","8":"product_tag-cosmetique-vegan-bio-zao","9":"product_tag-fard-a-paupieres","11":"first","12":"instock","13":"purchasable","14":"product-type-variable"},"exclude_global_add_ons":[],"addons":[],"acf":[],"_links":{"self":[{"href":"https:\/\/lesfeesnaturelles.fr\/boutique\/wp-json\/wp\/v2\/product\/1129","targetHints":{"allow":["GET"]}}],"collection":[{"href":"https:\/\/lesfeesnaturelles.fr\/boutique\/wp-json\/wp\/v2\/product"}],"about":[{"href":"https:\/\/lesfeesnaturelles.fr\/boutique\/wp-json\/wp\/v2\/types\/product"}],"wp:featuredmedia":[{"embeddable":true,"href":"https:\/\/lesfeesnaturelles.fr\/boutique\/wp-json\/wp\/v2\/media\/10968"}],"wp:attachment":[{"href":"https:\/\/lesfeesnaturelles.fr\/boutique\/wp-json\/wp\/v2\/media?parent=1129"}],"wp:term":[{"taxonomy":"product_brand","embeddable":true,"href":"https:\/\/lesfeesnaturelles.fr\/boutique\/wp-json\/wp\/v2\/product_brand?post=1129"},{"taxonomy":"product_cat","embeddable":true,"href":"https:\/\/lesfeesnaturelles.fr\/boutique\/wp-json\/wp\/v2\/product_cat?post=1129"},{"taxonomy":"product_tag","embeddable":true,"href":"https:\/\/lesfeesnaturelles.fr\/boutique\/wp-json\/wp\/v2\/product_tag?post=1129"}],"curies":[{"name":"wp","href":"https:\/\/api.w.org\/{rel}","templated":true}]}}