{"id":11327,"date":"2021-02-11T14:08:36","date_gmt":"2021-02-11T13:08:36","guid":{"rendered":"http:\/\/lesfeesnaturelles.fr\/boutique\/?post_type=product&#038;p=11327"},"modified":"2026-03-15T00:58:26","modified_gmt":"2026-03-14T23:58:26","slug":"turban-en-microfibres-a-pois-rose","status":"publish","type":"product","link":"https:\/\/lesfeesnaturelles.fr\/boutique\/produit\/turban-en-microfibres-a-pois-rose\/","title":{"rendered":"Turban en Microfibres \u00e0 Pois Rose"},"content":{"rendered":"<div class=\"description\" data-v-568ba734=\"\">\n<p><strong data-v-568ba734=\"\">Dimensions<\/strong><\/p>\n<p class=\"description__description\" data-v-568ba734=\"\">H 17,5 cm L 14 cm P 3,8 cm<\/p>\n<\/div>\n<div class=\"description\" data-v-568ba734=\"\">\n<p><strong data-v-568ba734=\"\">Poids net<\/strong><\/p>\n<p class=\"description__description\" data-v-568ba734=\"\">99g<\/p>\n<\/div>\n<div class=\"description\" data-v-568ba734=\"\">\n<p><strong data-v-568ba734=\"\">Contenance<\/strong><\/p>\n<p class=\"description__description\" data-v-568ba734=\"\">N \/ A<\/p>\n<\/div>\n<div class=\"description\" data-v-568ba734=\"\">\n<p><strong data-v-568ba734=\"\">Composition<\/strong><\/p>\n<p class=\"description__description\" data-v-568ba734=\"\">Microfibre 100% polyester tricot\u00e9 + logo tiss\u00e9 + bouton (r\u00e9sine polyester insatur\u00e9e)<\/p>\n<\/div>\n","protected":false},"excerpt":{"rendered":"<div data-v-568ba734=\"\">\n<p class=\"description__description\" data-v-568ba734=\"\">Con\u00e7u dans un joli pois rose et blanc, ce turban pour cheveux en microfibre absorbe l&rsquo;humidit\u00e9 de vos m\u00e8ches humides rapidement et efficacement.<\/p>\n<p class=\"description__description\" data-v-568ba734=\"\">Bien plus l\u00e9ger que les serviettes lourdes, il ne tirera pas ou ne tra\u00eenera pas sur les cheveux pendant le s\u00e9chage et avec deux boutons, il conviendra \u00e0 ceux qui ont des cheveux \u00e0 la fois plus \u00e9pais et plus fins.<\/p>\n<p class=\"description__description\" data-v-568ba734=\"\">Alors enfilez un turban et concentrez-vous sur votre glamour!<\/p>\n<\/div>\n<h4 class=\"productpage-directions\">CONSEILS D&rsquo;UTILISATION<\/h4>\n<p class=\"productpage-directions-content\">Comment l&rsquo;utiliser ?<br \/>\n&#8211; Enroulez vos cheveux au-dessus de votre t\u00eate puis enfilez The Vintage Cosmetic Company Turban en Microfibres \u00e0 Pois Rose en le fixant \u00e0 l&rsquo;aide des boutons. Et voil\u00e0 !<\/p>\n","protected":false},"featured_media":11390,"template":"","meta":{"_acf_changed":false},"product_brand":[],"product_cat":[40],"product_tag":[],"class_list":{"0":"post-11327","1":"product","2":"type-product","3":"status-publish","4":"has-post-thumbnail","6":"product_cat-accessoires","8":"first","9":"instock","10":"shipping-taxable","11":"purchasable","12":"product-type-simple"},"acf":[],"_links":{"self":[{"href":"https:\/\/lesfeesnaturelles.fr\/boutique\/wp-json\/wp\/v2\/product\/11327","targetHints":{"allow":["GET"]}}],"collection":[{"href":"https:\/\/lesfeesnaturelles.fr\/boutique\/wp-json\/wp\/v2\/product"}],"about":[{"href":"https:\/\/lesfeesnaturelles.fr\/boutique\/wp-json\/wp\/v2\/types\/product"}],"wp:featuredmedia":[{"embeddable":true,"href":"https:\/\/lesfeesnaturelles.fr\/boutique\/wp-json\/wp\/v2\/media\/11390"}],"wp:attachment":[{"href":"https:\/\/lesfeesnaturelles.fr\/boutique\/wp-json\/wp\/v2\/media?parent=11327"}],"wp:term":[{"taxonomy":"product_brand","embeddable":true,"href":"https:\/\/lesfeesnaturelles.fr\/boutique\/wp-json\/wp\/v2\/product_brand?post=11327"},{"taxonomy":"product_cat","embeddable":true,"href":"https:\/\/lesfeesnaturelles.fr\/boutique\/wp-json\/wp\/v2\/product_cat?post=11327"},{"taxonomy":"product_tag","embeddable":true,"href":"https:\/\/lesfeesnaturelles.fr\/boutique\/wp-json\/wp\/v2\/product_tag?post=11327"}],"curies":[{"name":"wp","href":"https:\/\/api.w.org\/{rel}","templated":true}]}}