{"id":11330,"date":"2021-01-27T16:10:45","date_gmt":"2021-01-27T15:10:45","guid":{"rendered":"http:\/\/lesfeesnaturelles.fr\/boutique\/?post_type=product&#038;p=11330"},"modified":"2025-06-21T16:35:30","modified_gmt":"2025-06-21T14:35:30","slug":"bonnet-de-douche-leopard","status":"publish","type":"product","link":"https:\/\/lesfeesnaturelles.fr\/boutique\/produit\/bonnet-de-douche-leopard\/","title":{"rendered":"bonnet de douche L\u00e9opard"},"content":{"rendered":"","protected":false},"excerpt":{"rendered":"<p>Gardez vos cheveux secs et sans frisottis avec ce bonnet de douche \u00e0 imprim\u00e9 l\u00e9opard incroyablement sauvage.<\/p>\n<p>Avec une bordure \u00e9lastiqu\u00e9e noire et une doublure imperm\u00e9able \u00e0 pois blancs, il gardera vos cheveux aussi secs qu&rsquo;un os! Donc, que vous \u00e9conomisiez votre brushing ou que vous optiez simplement pour une journ\u00e9e sans lavage de cheveux, ce bonnet vous couvre &#8230; litt\u00e9ralement<\/p>\n<h4 class=\"productpage-directions\">CONSEILS D&rsquo;UTILISATION<\/h4>\n<p class=\"productpage-directions-content\">1) Avant de vous doucher, attachez vos cheveux en chignon ou en queue de cheval.<br \/>\n2) Des deux mains, tendez votre Bonnet de Bain\u00a0sur la t\u00eate en veillant \u00e0 ce que tous les cheveux soient \u00e0 l&rsquo;int\u00e9rieur.<\/p>\n<p>&nbsp;<\/p>\n","protected":false},"featured_media":11393,"template":"","meta":{"_acf_changed":false},"product_brand":[],"product_cat":[40],"product_tag":[],"class_list":{"0":"post-11330","1":"product","2":"type-product","3":"status-publish","4":"has-post-thumbnail","6":"product_cat-accessoires","8":"first","9":"instock","10":"shipping-taxable","11":"purchasable","12":"product-type-simple"},"acf":[],"_links":{"self":[{"href":"https:\/\/lesfeesnaturelles.fr\/boutique\/wp-json\/wp\/v2\/product\/11330","targetHints":{"allow":["GET"]}}],"collection":[{"href":"https:\/\/lesfeesnaturelles.fr\/boutique\/wp-json\/wp\/v2\/product"}],"about":[{"href":"https:\/\/lesfeesnaturelles.fr\/boutique\/wp-json\/wp\/v2\/types\/product"}],"wp:featuredmedia":[{"embeddable":true,"href":"https:\/\/lesfeesnaturelles.fr\/boutique\/wp-json\/wp\/v2\/media\/11393"}],"wp:attachment":[{"href":"https:\/\/lesfeesnaturelles.fr\/boutique\/wp-json\/wp\/v2\/media?parent=11330"}],"wp:term":[{"taxonomy":"product_brand","embeddable":true,"href":"https:\/\/lesfeesnaturelles.fr\/boutique\/wp-json\/wp\/v2\/product_brand?post=11330"},{"taxonomy":"product_cat","embeddable":true,"href":"https:\/\/lesfeesnaturelles.fr\/boutique\/wp-json\/wp\/v2\/product_cat?post=11330"},{"taxonomy":"product_tag","embeddable":true,"href":"https:\/\/lesfeesnaturelles.fr\/boutique\/wp-json\/wp\/v2\/product_tag?post=11330"}],"curies":[{"name":"wp","href":"https:\/\/api.w.org\/{rel}","templated":true}]}}