{"id":1150,"date":"2018-01-01T22:10:33","date_gmt":"2018-01-01T21:10:33","guid":{"rendered":"http:\/\/lesfeesnaturelles.fr\/boutique\/?post_type=product&#038;p=1150"},"modified":"2024-04-26T16:20:20","modified_gmt":"2024-04-26T14:20:20","slug":"poudre-a-sourcils-zao-makeup","status":"publish","type":"product","link":"https:\/\/lesfeesnaturelles.fr\/boutique\/produit\/poudre-a-sourcils-zao-makeup\/","title":{"rendered":"Poudre \u00e0 sourcils Zao MakeUp"},"content":{"rendered":"<p>La poudre \u00e0 sourcils est votre partenaire indispensable pour des sourcils merveilleusement dompt\u00e9s et dessin\u00e9s. Elle permet d\u2019\u00e9toffer naturellement la ligne de vos sourcils. Un sourcil fourni, \u00ab\u00a0\u00e9pais\u00a0\u00bb et bien dessin\u00e9 est souvent la cl\u00e9 d\u2019un regard intense, plein de caract\u00e8re. Pour choisir la bonne teinte, choisissez la m\u00eame couleur ou un ton plus fonc\u00e9 que la couleur de vos cheveux. La poudre \u00e0 sourcils s\u2019utilise de pr\u00e9f\u00e9rence avec le pinceau duo 156712<\/p>\n<p>Application de la Poudre \u00e0 sourcils<\/p>\n<p>La teinte 260 pour les sourcils blonds.<br \/>\nLa teinte 261 pour les sourcils blonds cendr\u00e9s.<br \/>\nLa teinte 262 pour les sourcils bruns.<\/p>\n<p>La poudre \u00e0 sourcils s\u2019utilise avec le Pinceau duo 712. Brossez vos sourcils \u00e0 l\u2019aide du goupillon. Comblez les irr\u00e9gularit\u00e9s du sourcil avec la Poudre \u00e0 sourcils appliqu\u00e9e gr\u00e2ce au c\u00f4t\u00e9 biseaut\u00e9 du pinceau. Utilisez \u00e0 nouveau le goupillon pour enlever l\u2019exc\u00e8s de mati\u00e8re et donner une forme naturelle aux sourcils.<\/p>\n<p>Astuce : Pour des sourcils encore plus travaill\u00e9s, utilisez les Crayons sourcils 601 \u2013 602 \u2013 603 \u2013 613.<\/p>\n<p>Produit certifi\u00e9 Bio, 100 % d\u2019origine naturelle et Vegan.<\/p>\n<p><b>POIDS NET: <\/b>3 gr \/ 0,11 oz<\/p>\n<p><b>RECHARGEABLE: <\/b>Oui<\/p>\n<div class=\"pt-2\"><img decoding=\"async\" class=\"d-inline-block\" src=\"https:\/\/d2t14ywz88mj4f.cloudfront.net\/sites\/5eb861c4d7b509001a4afe92\/theme\/images\/logo-spec-bio.png?1599687932\" alt=\"BIO\" \/> <img decoding=\"async\" class=\"d-inline-block\" src=\"https:\/\/d2t14ywz88mj4f.cloudfront.net\/sites\/5eb861c4d7b509001a4afe92\/theme\/images\/logo-spec-ecocert.png?1599687932\" alt=\"ECOCERT\" \/> <img decoding=\"async\" class=\"d-inline-block\" src=\"https:\/\/d2t14ywz88mj4f.cloudfront.net\/sites\/5eb861c4d7b509001a4afe92\/theme\/images\/logo-spec-natural.png?1599687932\" alt=\"NATURAL\" \/> <img decoding=\"async\" class=\"d-inline-block\" src=\"https:\/\/d2t14ywz88mj4f.cloudfront.net\/sites\/5eb861c4d7b509001a4afe92\/theme\/images\/logo-spec-peta.png?1599687932\" alt=\"PETA\" \/> <img decoding=\"async\" class=\"d-inline-block\" src=\"https:\/\/d2t14ywz88mj4f.cloudfront.net\/sites\/5eb861c4d7b509001a4afe92\/theme\/images\/logo-spec-refillable.png?1599687932\" alt=\"REFILLABLE\" \/> <img decoding=\"async\" class=\"d-inline-block\" src=\"https:\/\/d2t14ywz88mj4f.cloudfront.net\/sites\/5eb861c4d7b509001a4afe92\/theme\/images\/logo-spec-slow-cosmetic.png?1599687932\" alt=\"SLOW COSMETIQUE\" \/><\/div>\n<p>&nbsp;<\/p>\n","protected":false},"excerpt":{"rendered":"<p>Les sourcils sont la nouvelle obsession beaut\u00e9.<\/p>\n<p>Fins, affirm\u00e9s ou carr\u00e9ment \u00e9pais, naturels , broussailleux ou graphiques, faussement n\u00e9glig\u00e9s ou travaill\u00e9s \u00e0 l&rsquo;extr\u00eame, ils expriment une personnalit\u00e9 et structurent l&rsquo;architecture d&rsquo;un visage.<\/p>\n<p>A vous de \u00a0\u00bb styler \u00a0\u00bb vos sourcils gr\u00e2ce \u00e0 cette poudre \u00e0 sourcils ZAO selon vos envies et d&rsquo;affirmer votre personnalit\u00e9<\/p>\n<p>&nbsp;<\/p>\n<p><img decoding=\"async\" class=\"img-fluid\" src=\"https:\/\/s3.eu-west-3.amazonaws.com\/zaomakeup.com\/product_images\/eye-brow-powder-color-chart.png\" alt=\"Eye brow powder\" \/><\/p>\n<p>&nbsp;<\/p>\n<p>&nbsp;<\/p>\n","protected":false},"featured_media":10971,"template":"","meta":{"_acf_changed":false},"product_brand":[],"product_cat":[15,26],"product_tag":[17,92],"class_list":{"0":"post-1150","1":"product","2":"type-product","3":"status-publish","4":"has-post-thumbnail","6":"product_cat-cosmetiques-zao","7":"product_cat-les-yeux-zao","8":"product_tag-cosmetique-vegan-bio-zao","9":"product_tag-poudre-a-sourcils","11":"first","12":"instock","13":"purchasable","14":"product-type-variable"},"acf":[],"_links":{"self":[{"href":"https:\/\/lesfeesnaturelles.fr\/boutique\/wp-json\/wp\/v2\/product\/1150","targetHints":{"allow":["GET"]}}],"collection":[{"href":"https:\/\/lesfeesnaturelles.fr\/boutique\/wp-json\/wp\/v2\/product"}],"about":[{"href":"https:\/\/lesfeesnaturelles.fr\/boutique\/wp-json\/wp\/v2\/types\/product"}],"wp:featuredmedia":[{"embeddable":true,"href":"https:\/\/lesfeesnaturelles.fr\/boutique\/wp-json\/wp\/v2\/media\/10971"}],"wp:attachment":[{"href":"https:\/\/lesfeesnaturelles.fr\/boutique\/wp-json\/wp\/v2\/media?parent=1150"}],"wp:term":[{"taxonomy":"product_brand","embeddable":true,"href":"https:\/\/lesfeesnaturelles.fr\/boutique\/wp-json\/wp\/v2\/product_brand?post=1150"},{"taxonomy":"product_cat","embeddable":true,"href":"https:\/\/lesfeesnaturelles.fr\/boutique\/wp-json\/wp\/v2\/product_cat?post=1150"},{"taxonomy":"product_tag","embeddable":true,"href":"https:\/\/lesfeesnaturelles.fr\/boutique\/wp-json\/wp\/v2\/product_tag?post=1150"}],"curies":[{"name":"wp","href":"https:\/\/api.w.org\/{rel}","templated":true}]}}