{"id":1158,"date":"2018-01-02T09:29:52","date_gmt":"2018-01-02T08:29:52","guid":{"rendered":"http:\/\/lesfeesnaturelles.fr\/boutique\/?post_type=product&#038;p=1158"},"modified":"2026-02-23T16:15:32","modified_gmt":"2026-02-23T15:15:32","slug":"crayon-a-levres-zao-makeup","status":"publish","type":"product","link":"https:\/\/lesfeesnaturelles.fr\/boutique\/produit\/crayon-a-levres-zao-makeup\/","title":{"rendered":"Crayon \u00e0 l\u00e8vres Zao MakeUp"},"content":{"rendered":"<p>Le crayon contour des l\u00e8vres permet de dessiner vos l\u00e8vres et s&rsquo;utilise en compl\u00e9ment d&rsquo;un rouge \u00e0 l\u00e8vres ou d&rsquo;un gloss Zao. Il prolonge id\u00e9alement la tenue du rouge \u00e0 l\u00e8vres et l&#8217;emp\u00eache de filer. N&rsquo;h\u00e9sitez pas \u00e0 poudrer avec du min\u00e9ral silk ou de la poudre compacte Zao pour fixer le trait.\u00a0Les Crayons Zao Make-Up, \u00e0 la texture douce et tendre, permettent un maquillage facile et pr\u00e9cis des yeux, des sourcils et des l\u00e8vres.<\/p>\n<p>Produit certifi\u00e9 Eco, 100 % d\u2019origine naturelle et Vegan.<\/p>\n<p><b>POIDS NET: <\/b>1,14 g \/ 0,04 oz<\/p>\n<p><b>RECHARGEABLE: <\/b>Non<\/p>\n<p><img decoding=\"async\" class=\"d-inline-block\" src=\"https:\/\/d2t14ywz88mj4f.cloudfront.net\/sites\/5eb861c4d7b509001a4afe92\/theme\/images\/logo-spec-ecocert.png?1589319275\" alt=\"ECOCERT\" \/><img decoding=\"async\" class=\"d-inline-block\" src=\"https:\/\/d2t14ywz88mj4f.cloudfront.net\/sites\/5eb861c4d7b509001a4afe92\/theme\/images\/logo-spec-peta.png?1589319275\" alt=\"PETA\" \/><img decoding=\"async\" class=\"d-inline-block\" src=\"https:\/\/d2t14ywz88mj4f.cloudfront.net\/sites\/5eb861c4d7b509001a4afe92\/theme\/images\/logo-spec-slow-cosmetic.png?1589319275\" alt=\"SLOW COSMETIQUE\" \/><\/p>\n<p>&nbsp;<\/p>\n","protected":false},"excerpt":{"rendered":"<p>Multifonctions, les Crayons Zao Make-Up redessinent vos l\u00e8vres, intensifient votre regard et structurent vos sourcils au gr\u00e9 de vos envies. Leur formule ultra pigment\u00e9e vous permet de r\u00e9aliser des trac\u00e9s nets, intenses et couvrants.<\/p>\n<p>Les crayons l\u00e8vres s\u2019utilisent en compl\u00e9ment d\u2019un Rouge \u00e0 l\u00e8vres, d\u2019un Vernis \u00e0 l\u00e8vres ou d\u2019un Gloss Zao. Ils prolongent la tenue du rouge \u00e0 l\u00e8vres et l\u2019emp\u00eachent de filer. Tracez le contour des l\u00e8vres en commen\u00e7ant par le c\u0153ur, puis rejoindre les commissures. Pour plus de pr\u00e9cision, d\u00e9gradez le crayon en l\u2019estompant \u00e0 l\u2019aide du Pinceau l\u00e8vres 708.<\/p>\n<p>&nbsp;<\/p>\n<p>&nbsp;<\/p>\n<p>&nbsp;<\/p>\n<p>&nbsp;<\/p>\n","protected":false},"featured_media":10928,"template":"","meta":{"_acf_changed":false},"product_brand":[],"product_cat":[15,28],"product_tag":[17,98],"class_list":{"0":"post-1158","1":"product","2":"type-product","3":"status-publish","4":"has-post-thumbnail","6":"product_cat-cosmetiques-zao","7":"product_cat-les-levres-zao","8":"product_tag-cosmetique-vegan-bio-zao","9":"product_tag-crayon-levres","11":"first","12":"instock","13":"purchasable","14":"product-type-variable"},"acf":[],"_links":{"self":[{"href":"https:\/\/lesfeesnaturelles.fr\/boutique\/wp-json\/wp\/v2\/product\/1158","targetHints":{"allow":["GET"]}}],"collection":[{"href":"https:\/\/lesfeesnaturelles.fr\/boutique\/wp-json\/wp\/v2\/product"}],"about":[{"href":"https:\/\/lesfeesnaturelles.fr\/boutique\/wp-json\/wp\/v2\/types\/product"}],"wp:featuredmedia":[{"embeddable":true,"href":"https:\/\/lesfeesnaturelles.fr\/boutique\/wp-json\/wp\/v2\/media\/10928"}],"wp:attachment":[{"href":"https:\/\/lesfeesnaturelles.fr\/boutique\/wp-json\/wp\/v2\/media?parent=1158"}],"wp:term":[{"taxonomy":"product_brand","embeddable":true,"href":"https:\/\/lesfeesnaturelles.fr\/boutique\/wp-json\/wp\/v2\/product_brand?post=1158"},{"taxonomy":"product_cat","embeddable":true,"href":"https:\/\/lesfeesnaturelles.fr\/boutique\/wp-json\/wp\/v2\/product_cat?post=1158"},{"taxonomy":"product_tag","embeddable":true,"href":"https:\/\/lesfeesnaturelles.fr\/boutique\/wp-json\/wp\/v2\/product_tag?post=1158"}],"curies":[{"name":"wp","href":"https:\/\/api.w.org\/{rel}","templated":true}]}}