{"id":1229,"date":"2018-01-02T16:05:55","date_gmt":"2018-01-02T15:05:55","guid":{"rendered":"http:\/\/lesfeesnaturelles.fr\/boutique\/?post_type=product&#038;p=1229"},"modified":"2025-06-03T10:52:22","modified_gmt":"2025-06-03T08:52:22","slug":"pinceau-fard-a-joues-zao","status":"publish","type":"product","link":"https:\/\/lesfeesnaturelles.fr\/boutique\/produit\/pinceau-fard-a-joues-zao\/","title":{"rendered":"Pinceau fard \u00e0 joues Zao"},"content":{"rendered":"<p>ENTRETIEN : Lavez d\u00e9licatement vos pinceaux \u00e0 l\u2019eau froide, avec un savon doux et bien rincer. Faire ensuite s\u00e9cher \u00e0 plat sur un tissu.<\/p>\n<p>&nbsp;<\/p>\n","protected":false},"excerpt":{"rendered":"<p>Il permet une application pr\u00e9cise du fard \u00e0 joues et de la terre cuite min\u00e9rale. Les poils coup\u00e9s en biseau s&rsquo;adaptent parfaitement aux courbes de vos pommettes pour d\u00e9finir et modeler votre visage.<\/p>\n<p>Manche en bambou et poils synth\u00e9tiques plut\u00f4t que naturels car Zao s&rsquo;engage contre la maltraitance des animaux.<\/p>\n","protected":false},"featured_media":1240,"template":"","meta":{"_acf_changed":false},"product_brand":[],"product_cat":[15,79],"product_tag":[17],"class_list":{"0":"post-1229","1":"product","2":"type-product","3":"status-publish","4":"has-post-thumbnail","6":"product_cat-cosmetiques-zao","7":"product_cat-pinceaux-zao","8":"product_tag-cosmetique-vegan-bio-zao","10":"first","11":"instock","12":"purchasable","13":"product-type-simple"},"acf":[],"_links":{"self":[{"href":"https:\/\/lesfeesnaturelles.fr\/boutique\/wp-json\/wp\/v2\/product\/1229","targetHints":{"allow":["GET"]}}],"collection":[{"href":"https:\/\/lesfeesnaturelles.fr\/boutique\/wp-json\/wp\/v2\/product"}],"about":[{"href":"https:\/\/lesfeesnaturelles.fr\/boutique\/wp-json\/wp\/v2\/types\/product"}],"wp:featuredmedia":[{"embeddable":true,"href":"https:\/\/lesfeesnaturelles.fr\/boutique\/wp-json\/wp\/v2\/media\/1240"}],"wp:attachment":[{"href":"https:\/\/lesfeesnaturelles.fr\/boutique\/wp-json\/wp\/v2\/media?parent=1229"}],"wp:term":[{"taxonomy":"product_brand","embeddable":true,"href":"https:\/\/lesfeesnaturelles.fr\/boutique\/wp-json\/wp\/v2\/product_brand?post=1229"},{"taxonomy":"product_cat","embeddable":true,"href":"https:\/\/lesfeesnaturelles.fr\/boutique\/wp-json\/wp\/v2\/product_cat?post=1229"},{"taxonomy":"product_tag","embeddable":true,"href":"https:\/\/lesfeesnaturelles.fr\/boutique\/wp-json\/wp\/v2\/product_tag?post=1229"}],"curies":[{"name":"wp","href":"https:\/\/api.w.org\/{rel}","templated":true}]}}