{"id":1236,"date":"2018-01-02T16:05:58","date_gmt":"2018-01-02T15:05:58","guid":{"rendered":"http:\/\/lesfeesnaturelles.fr\/boutique\/?post_type=product&#038;p=1236"},"modified":"2025-06-03T10:52:15","modified_gmt":"2025-06-03T08:52:15","slug":"pinceau-sourcil-duo-zao","status":"publish","type":"product","link":"https:\/\/lesfeesnaturelles.fr\/boutique\/produit\/pinceau-sourcil-duo-zao\/","title":{"rendered":"Pinceau sourcils duo Zao"},"content":{"rendered":"<p>ENTRETIEN : Lavez d\u00e9licatement vos pinceaux \u00e0 l\u2019eau froide, avec un savon doux et bien rincer. Faire ensuite s\u00e9cher \u00e0 plat sur un tissu.<\/p>\n<p>&nbsp;<\/p>\n","protected":false},"excerpt":{"rendered":"<p>C\u2019est le tout en un pour le travail des sourcils. Il structure le regard gr\u00e2ce \u00e0 sa double utilisation :<br \/>\n&#8211; Le pinceau biseaut\u00e9 permet une application pr\u00e9cise de la poudre \u00e0 sourcils pour un r\u00e9sultat tr\u00e8s naturel.<br \/>\n&#8211; Le goupillon permet de coiffer les sourcils, de retirer l&rsquo;exc\u00e8s de poudre dans les sourcils mais \u00e9galement de s\u00e9parer les cils pour retirer l&rsquo;exc\u00e8s de mascara.<\/p>\n<p>Manche en bambou et poils synth\u00e9tiques plut\u00f4t que naturels car Zao s&rsquo;engage contre la maltraitance des animaux.<\/p>\n<p>&nbsp;<\/p>\n","protected":false},"featured_media":1249,"template":"","meta":{"_acf_changed":false},"product_brand":[],"product_cat":[15,79],"product_tag":[17],"class_list":{"0":"post-1236","1":"product","2":"type-product","3":"status-publish","4":"has-post-thumbnail","6":"product_cat-cosmetiques-zao","7":"product_cat-pinceaux-zao","8":"product_tag-cosmetique-vegan-bio-zao","10":"first","11":"instock","12":"purchasable","13":"product-type-simple"},"acf":[],"_links":{"self":[{"href":"https:\/\/lesfeesnaturelles.fr\/boutique\/wp-json\/wp\/v2\/product\/1236","targetHints":{"allow":["GET"]}}],"collection":[{"href":"https:\/\/lesfeesnaturelles.fr\/boutique\/wp-json\/wp\/v2\/product"}],"about":[{"href":"https:\/\/lesfeesnaturelles.fr\/boutique\/wp-json\/wp\/v2\/types\/product"}],"wp:featuredmedia":[{"embeddable":true,"href":"https:\/\/lesfeesnaturelles.fr\/boutique\/wp-json\/wp\/v2\/media\/1249"}],"wp:attachment":[{"href":"https:\/\/lesfeesnaturelles.fr\/boutique\/wp-json\/wp\/v2\/media?parent=1236"}],"wp:term":[{"taxonomy":"product_brand","embeddable":true,"href":"https:\/\/lesfeesnaturelles.fr\/boutique\/wp-json\/wp\/v2\/product_brand?post=1236"},{"taxonomy":"product_cat","embeddable":true,"href":"https:\/\/lesfeesnaturelles.fr\/boutique\/wp-json\/wp\/v2\/product_cat?post=1236"},{"taxonomy":"product_tag","embeddable":true,"href":"https:\/\/lesfeesnaturelles.fr\/boutique\/wp-json\/wp\/v2\/product_tag?post=1236"}],"curies":[{"name":"wp","href":"https:\/\/api.w.org\/{rel}","templated":true}]}}