{"id":1265,"date":"2018-01-02T16:44:16","date_gmt":"2018-01-02T15:44:16","guid":{"rendered":"http:\/\/lesfeesnaturelles.fr\/boutique\/?post_type=product&#038;p=1265"},"modified":"2023-06-23T11:48:38","modified_gmt":"2023-06-23T09:48:38","slug":"pochette-pinceaux-zao","status":"publish","type":"product","link":"https:\/\/lesfeesnaturelles.fr\/boutique\/produit\/pochette-pinceaux-zao\/","title":{"rendered":"Pochette pinceaux Zao"},"content":{"rendered":"<p>Jolie et pratique, la pochette \u00e0 pinceaux Zao se pr\u00eatent \u00e0 tous les usages, notamment nomades. Id\u00e9ale pour ranger vos pinceaux ou vos produits, \u00e0 l&rsquo;int\u00e9rieur de votre trousse maquillage, \u00e0 la maison ou en d\u00e9placement.<\/p>\n<p><strong>La pochette \u00e0 pinceaux est livr\u00e9e seule, sans accessoires.<\/strong><\/p>\n","protected":false},"excerpt":{"rendered":"<p>Dimensions : 185 x 120 mm<br \/>\nPochette livr\u00e9e sans accessoires<\/p>\n","protected":false},"featured_media":1256,"template":"","meta":{"_acf_changed":false},"product_brand":[],"product_cat":[40],"product_tag":[41],"class_list":{"0":"post-1265","1":"product","2":"type-product","3":"status-publish","4":"has-post-thumbnail","6":"product_cat-accessoires","7":"product_tag-accessoire","9":"first","10":"instock","11":"purchasable","12":"product-type-simple"},"acf":[],"_links":{"self":[{"href":"https:\/\/lesfeesnaturelles.fr\/boutique\/wp-json\/wp\/v2\/product\/1265","targetHints":{"allow":["GET"]}}],"collection":[{"href":"https:\/\/lesfeesnaturelles.fr\/boutique\/wp-json\/wp\/v2\/product"}],"about":[{"href":"https:\/\/lesfeesnaturelles.fr\/boutique\/wp-json\/wp\/v2\/types\/product"}],"wp:featuredmedia":[{"embeddable":true,"href":"https:\/\/lesfeesnaturelles.fr\/boutique\/wp-json\/wp\/v2\/media\/1256"}],"wp:attachment":[{"href":"https:\/\/lesfeesnaturelles.fr\/boutique\/wp-json\/wp\/v2\/media?parent=1265"}],"wp:term":[{"taxonomy":"product_brand","embeddable":true,"href":"https:\/\/lesfeesnaturelles.fr\/boutique\/wp-json\/wp\/v2\/product_brand?post=1265"},{"taxonomy":"product_cat","embeddable":true,"href":"https:\/\/lesfeesnaturelles.fr\/boutique\/wp-json\/wp\/v2\/product_cat?post=1265"},{"taxonomy":"product_tag","embeddable":true,"href":"https:\/\/lesfeesnaturelles.fr\/boutique\/wp-json\/wp\/v2\/product_tag?post=1265"}],"curies":[{"name":"wp","href":"https:\/\/api.w.org\/{rel}","templated":true}]}}