{"id":12916,"date":"2022-05-03T18:00:21","date_gmt":"2022-05-03T16:00:21","guid":{"rendered":"http:\/\/lesfeesnaturelles.fr\/boutique\/?post_type=product&#038;p=12916"},"modified":"2025-06-03T10:49:23","modified_gmt":"2025-06-03T08:49:23","slug":"palette-desert-rose-zao-makeup","status":"publish","type":"product","link":"https:\/\/lesfeesnaturelles.fr\/boutique\/produit\/palette-desert-rose-zao-makeup\/","title":{"rendered":"Palette D\u00e9sert rose &#8211; Zao Makeup"},"content":{"rendered":"<p><img decoding=\"async\" src=\"data:image\/png;base64,iVBORw0KGgoAAAANSUhEUgAAAsIAAACICAYAAADtTo36AAAAAXNSR0IArs4c6QAAAHhlWElmTU0AKgAAAAgABAEaAAUAAAABAAAAPgEbAAUAAAABAAAARgEoAAMAAAABAAIAAIdpAAQAAAABAAAATgAAAAAACmTpAAAEbwAKZOkAAARvAAOgAQADAAAAAQABAACgAgAEAAAAAQAAAsKgAwAEAAAAAQAAAIgAAAAA5BAp6QAAAAlwSFlzAABcTQAAXE0BnadqSQAAFrtJREFUeAHt3U1y3EYShuHW2LMW5Qu4T+eNlooYn8EToaU2Ph18AVteTzg0mSJKhMAGkFk\/qB+8jLCb7EYVsp4qgl+XIPF24wMBBBBAAAEEEEAAAQQQQAABBBBAAAEEEEAAAQQQQAABBBBAAAEEEEAAAQQQQAABBBBAAAEEEEAAAQQQQAABBBBAAAEEEEAAAQQQQAABBBBAAAEEEEAAAQQQQAABBBBAAAEEEEAAAQQQQAABBBBAAAEEEEAAAQQQQAABBBBAAAEEEEAAAQQQQAABBBBAAAEEEEAAAQQQQAABBBBAAAEEEEAAAQQQQAABBBBAAAEEEEAAAQQQQAABBBBAAAEEEEAAAQQQQAABBBBAAAEEEEAAAQQQQAABBBBAAAEEEEAAAQQQQAABBBBAAAEEEEAAAQQQQAABBBBAAAEEEEAAAQQQQAABBBBAAAEEEEAAAQQQQAABBBBAAAEEEEAAAQQQQAABBBBAAAEEEEAAAQQQQAABBBBAAAEEEEAAAQQQQAABBBBAAAEEEEAAAQQQQAABBBBAAAEEEEAAAQQQQAABBBBAAAEEEEAAAQQQQAABBBBAAAEEOhB400GNr0r86z\/vv7x60vDEu\/9+6nK8hqFxCAIIIIAAAggggIBToPlgGBt6rQ6E48dSKe5f3vzv6afffv\/7cc88i0BdAVnbn6WCt7FVsL5j5WiHQNsCcm2YpMKfo6v853Z\/9\/HTH9HtaVhFoMkgnBLCUhWvGoxLm48UHvaC1EjjTP1eaqX93nzlqLGnOS9tkcNzr4+zrMVpkjpeB6IGgk7Lte3NXYuvbVrmKraB9ZJrKCP300wQlgUZdbtDyckZORTX9D7rh1mptSF2uzuKvY5vpHEdjaXU2mh57muZ5LYubSxOk9T8OgSHgVQMNy3XFnhafzw0LDWAiuum1JBG6bd6EJZF2VwAXk\/uSIG4Je\/SP9DW85jja\/HbDcHhHL2NbYRxWccQ5qj0Y0troDWbFPuSruI0SW3bITgUXiHUtFxbYGn10Wx31gAqrJ+zhtbjeX6sVbQszOYDcLAJtfYciMMYwphaeHzz5d+fpa5byR9stcapY\/vz11+4V\/qkCZB1ZHqDclI5X08z8vo+05FzIZAiINeGSdofv7lJOYm37Q+3SX\/23QjEXrkix58ehGXyswVgazDNdc7Qj\/W8RWbM2Wmo2dns1MNHDQyE4fLLSNZ3lgC892Ys9Ryjru\/ys8sZEIgXkO\/bSVqnB+CdsJp8DgJx\/ARnbHlaEJYFkxyAYwPoul1qLdp+3WfGOcnSVeoY10UcjTfH+QgMa3W+3hOQNRcVgvdC76Pzydp\/Cs\/HnlPbs76DYvyjd+7iz0TLngXk+3SS+v0heCf0PvKQa8M9PB99Tu2AQBwYqzyeEoRlgSSF4KMQ5pVb9hdbW2i37MtbR6njQ22x\/ceMad1GaogKKVrzSDupI40ldj3lbhe7tnKEKFnnyaG45TWRwyj3fNMfAlYBuTZMcmzxAPyoHrk23MPz0XVoIP7wnn+CLUCe9Fg8CMuCiA7B63BVwiScI7ZObRf6KFGft8\/Yceh5co5D+voaGKSeqEDccljwzslIY\/GOPffxMeupVLhLWeO6JmQsQ94fn3vO6Q8Bi4B8P01ynC8EO3eALXXoMXJtuOtjVE3sDivdqR9Fg7AsgqgQnDOQWTXDOWNrtp6n5HGxtYexl6hN+o4OxATIEjPSb5+yvl1vqkoF4LUga3wtwtcInCsg14ZJzmgPwYUC8HrUcm2463Pu+rQRu8OqcMrHv0qcRQOZ\/uftWwOZ\/udtl\/P4mBpixpqzZu0rpoaYscbWLed6mufW9Rvn5p2zL\/IvMET\/JrDYmnO2m0N912PI6VG6r7NC8HIcKWu89\/W9dOBzBJoWOCkELw3k2nCff\/79sXz+8PPnMGwP+IcdcsAjgexBuPVA9gjh0XPzon300qvnPMe+apz4hHp7zbXeWjXLeaMDce9hgTAcv9hljZt3g2uE4OXIYtf4sg8+RwABm4BcGyY50hYWK4Tg5Sjk2hAXiJed8Hl2gaxB2BvIdDS1AplFUmtrub6evcVVb5lw7w4Thi0rd6xjrCFYA7B+v\/702++udVVKS9f4fP1oop5S46RfBGoJmEOwBmD9ef7xk29HttDApBYCcSHbmG6z3SPccyg7gpt\/mB0d1vzrrY1D6nmyhpyAy33DQYLHXgSO1nntHexeHKkTgdEE5Npw3w3zlXewR\/PeGk+2ILx1gq3nWwtlW3W2+rz3jUer3kchoVX\/lLoI83Y96xul1sOkrnP7qDkSAQSOBHYD5LJx42FSrg33Zbl8fr5AllsjPKFMA5n+d\/5QxznjaN4aEuY1Yfoj5BHutR1hDK18R7Uegltxog4ELifQeAi+3Hw0OuDkIOwJZY0adFWWx7u3NxwaiGUyLhOGu1p4FIsAAggggMCAAklB2BPK1K63YNbafHu9W6s\/dz2976r2Xn\/u+aQ\/BBBAAAEEzhZICsKeYgnBHq30Y3v19uwKpyvV74EwvD0H8sbv8J9M47aIbT9eQWBUAbk2TDK2\/X8yjdsiRp3+7OOKDsKe3cleQ1l27YQOr+TtCcOtBkkNaDLd3OaRsOZpigACCCCAQGmBqCB8pVBWegJy9z\/Km44RwnDuuaU\/BBBAAAEEEMgrEBWE85ZAb0cC1jceo4TgI49eXifM9zJT1IkAAgggcFUBdxC2hjIFJZilLyuPd\/rZ2uphhCA5whjaWhVUgwACCCCAQD4BdxC2npoQbJXKcxzeeRxL9OIJwyXOT58IIIAAAggg8FjAFYSvvDv5mI9nSwt4QmSrf3HOYzTCGDzj3TvWMvd47QnyGgJjCsi14S4j+2N3dD\/cpr8+vN\/\/lyV2O+DFqwi4grAVRRYpvznOirVznPWNx+jelkC0w9jES54xEO6amDKKQAABBBC4gECRIHwBN4aIgFuAMOwmMzXgjYOJiYMQuJ4Au8LXm\/OIEZuDMLuTEboJTfD+Hs8aIglF37v1\/pV13nsfJ\/UjgIBPQK4Nd2mxf3uEr0uOvqiAOQhf1IdhI5BVwBPsCPV2eqzsVhyJwKUE2BW+1HTHDJYgHKNGGwQSBAjDPjyrF2HY58rRCPQuYN4VJgz3PtVF6zcFYf6YvugcRHcuF4FL\/aXEkQKRdSy6OAh49m8RtdLr1Z+\/\/vLW3oojEUBgeAENw3Jt4F+SGH6m3QM0BWF3rzRIErC+8Ug6CY0R6EjA88ZBh8Wbh44ml1IRSBCQa8NdmtvvFWZ3OEF7zKYE4THnlVF1IOAJdwS7r7+p8kmm9W\/r1LI7bJXiOAT6FogKw+wO9z3pGasnCGfEpCsEvAKEYZ+Yxyv0TCAOEjwiMK6AOwwrBbdLjLsgHCP70XHs7qGyCC91v+ouxgkv4n0CMqdoUmAOwze5heizFGi+F3gOxF\/H9OXN\/55++u138+5ykxAUhQAC3wnMYVivDZO8YP+tcs+B+Lmvf273dx8\/2W+1+K4CvuhRgB3hHmftwjXPIWioAOMZE7dIvCx+j9tLq+fPwi7x1788w1+uW\/PwNQJdC8yBOC7Mhl1ivXWC2ye6XgfW4g93hHUhWDvjuHQBvNMNtYc5MHaz66ehTubetMPZ29jyzOjjXuYw7N4dXvc2B+NvT7Nj\/I2CTxDoUmAOw\/7d4fVol7vF+ho7xmuh7r8+DMLdj5ABINCJAGE4fqJyBeJQwToY6\/OE46DDIwL9CGQLxGHI62CszxOOg06XjwThLqeNohFA4JFA7kC8PMc6HI8YjNdjXI7\/7M9H9D3bkPO9CGQPxC9dh7909\/IMwfjFooPPCMIdTBIlXkdAgxy3SKTPdwjE2pPV03vWZWgktHn1jo9XX\/nFKN3c3nQ8Io5oQSAEYq1Frg2TPNj\/Up02snwsd40JxRaxqscQhKvyc3IEXgsQhl+bpDxDKE7Rq9uWMFzXf\/SzE4pHn2Hb+AjCNieOQgCBAQSWoTgMJ\/eOMTvFQZZHBPoRWIbiUHX2HWN2igNtU48E4aamg2IQeBbQwGYNaOyapa2akuE4hGJunYibI9zi3GiVR6BoOA6hmFsn8kxWQi8E4QQ8miJQUoAwXFJ3v+91OLa+KdnqlUC8JbP9PCF424ZX6gmsw3HyrjGBuN5kzmcmCFefAgpAYFuAMLxtc+Yry2CcEopb370nfJ65qjjXCALLYJwUijUQf3jPb7WrsCgIwhXQOSUCCPQrkBqK2R3ud+6pHIE9geRQzO7wHm+x1w5\/xbJM7JtiZ6fjVwJ4vyKJemKkna05eJl+rfS84\/g2Co1GbgGdG\/2enb9vTXMUTsJcBQkeERhPQK4J98W1wffrnp93h\/P\/s27jMWcZ0WEQtp5F\/kiAX8VsxeK4aIGUP5aOPmkDDeWC+iRlmIIWAavOhHnmKFTIXAUJHhEYV0BDsYyOMNzoFGcLwo2Ob9iyeOMx7NQysI4FNAzLf\/qnaKY3LTpUwnDHE07pCBgFNAzP1wZ7IGZn2KibdhhBOM2P1gicJqAhS05mCliEq9Om5eGJPHOlHTBfDxl5EoHhBDQQy6AIww3NLEG4ocmgFASOBDwBi3B1pFn2dZ0r+c+1O1y2InpHAIEWBDQMz9cGeyBuofBBazAF4XnCDgn44\/pDItMBVm9TZxw0nICsD3aGO5pV63zxxqWjSaVUBDIIyLXhLt0ch2Fukcigvd2FKQhvN+eVmgJXe+Nh\/YtyI\/2LETXXF+fOJ2ANw\/nOSE8IINCDgDkM9zCYTmskCHc6cZR9bQFPsGKnsZ+1wlz1M1dUisCpAuwKF+M2B2H5wav3uh1+XG2X8hCEA7IIWHeDs5ysk04Iw51M1FymZ776GhnVIoBAioBcG+7S\/vgWiZST0HZTwByEN3vghSICvPGIY+W2iDg3WiGAAAIIIHBFgSJBmF3hKy6lcmNmN3jb1rPLyB+7bzue9Yplvpins2aD8yDQjoBpV5jbI4pMmCsIW3cpi1R6wU6t3rzxuODiWAzZEq7C4YSsIMEjAggggAACt5srCHvACGceLY7dEvDsBl\/5tgjC8NYK4nkEEEAAAQS2BdxB2LpLuX1KXikhwBuPEqr0iQACCCCAAAIjC7iDsAeDcObRenys543HaN7sBj9eE1vPsiu8JcPzCCCAAAIIPBaICsJXDmePGcs+6\/EuWwm9ty5AGG59hqgPAQQQQKAlgaggrAPwhLPRdipbmsB1LaNYsxu8nlm+RgABBBBAAIHcAtFB2FvIKAHNO+5cx1\/pjQchOG3VsCuc5leytWVtX\/kvfZa0p28EWhaQa8Mk9f28W+M\/t\/u7j5\/4xRu7SP4Xk4KwJ5z5S6NFikCvbzwsQSHF5SptvWFYXN5exYZxIoAAAgggEASSgrB24gnDvYazgFX70WNdu9aY83tDMDtn+8qeMLzfE68igAACCCAwpsCPZw9Lw\/Doga6kqdpZ31D0ZE0ILrlq+ut7az30\/OZna0zL2el5fMtx8DkCpQTk+2iSvl\/fQtDxbQObY1oidjy+5TBa\/Dx5R1gH5Q22Mulf9L8WQXqoyePdg7XU+FnczX80T1iwr1JZK09y9N\/2FvWP3FsP+pvxdE3\/+esv5vVSf0S3296YWqiPGhDoQUC+jyap83UI1uL11w9rtvjw\/vHrekyDH7tjarDeEUvKEoQVxhPOAqQu2vB5y49fv7n0G2zjvxq1e71btZa6XCG4hnXv5+wxDB+Z9\/SrolnjR7PJ6whkFNBA3EkYlmvDJCPvKrhnnKlmusoWhHVE3nCmbVoNaKG2luvTGj0frY1F6nGHYHaDPTM+9rG97g5vzQpre0uG5xFwCnS6O7w5Sm6L2KTJ8ULWIKwFxYbhBkOaebe6Vu2x1jkWTmofhOBUQV\/7EXeFg0Cru8O6xudrw+FtHITgMJs8IpBRoNHdYbkufL2NQ0Z6vBtMCM64IB53lT0I62liApq20x8a8w8O\/bLKRws1eAYeY11zjHJuczhYOhAUlhpxn\/cShrXOeV2b721ubXdY17nM0mEAjptJWiFwTQG5Ltzna4P939JtbHdYrg2TzN5xAL7mFFcZdZEgrCPRxTovWPfANKi5GyU20HPGnjd2nIklf2see\/6UMX87ufETOVdUANbuCcFGZMNhsla6+ctzMbW2EIh1rctUmEMw69uwcDkEgYWAXBvu8qU9DGvbBgKxXBsmqcQegtkN1pkr\/lH8n0\/TkKaByzuS0Ebbe9t6jg\/n8bRZHlu6vuW59j4PdcSMJ7QJfeydx\/ua9O0KBcv+CQhLjWt+LmvyKWYNzYH41DdRMXWyxq+5rhl1uoBcG+7yPTdJT\/Zgqad9DsS324khM6rOE+tTlit\/FA\/CiqsBSxaCOwxr22W7XEFt2aeeI+YjVy0x595rk8M6x9jEODoA6\/gICHuznPaazG9UuEw7a3xrrVdbx6ypMwJxTF06Hta4KvCBQLyAXBvu2lq+Byd5aC4QR9WlAyIEq8JpH6cEYR1NCFeyMKICsfaxbhv61Nf2Ptbt9o61vGY9r6WvEsdofSljXre1jHfdJmVcBIQUPVtbmdOuwrCOSmvWR1lr7jdZIRBr+xzrK6YGPbd+5Dj\/c0\/8HwEEVECuDXd9lO\/LSR7iArF2kCGARtWg59aPDOd\/7oj\/ewSK3nawV4gsluhAvNdvydcsgbDk+WP67sm5h4AgnqYQNtJYluuupXFZ52JZ\/9bnR+PKda6j82zVl\/p8rvpT60htX9pPnCap8ThIVQgs5tpSkUu3P8Euq9VBvdnOdXCe0tNy5f6rBeGALouo+UDcYwAOvuGxZefSP9yCQY5HcRwmCKuHdTzBrsW58o4hjOXMx9puPRhZ56OkpThNUgdB2DoZscedFPrM8xk7jhztTrLIUeqofZx2a8QWYAiZsmCbC8Shtq3ae3o+jKUl55I\/0Hqam5q1yrro7haJtZeOQZ+TtW16k7JuX\/Jr1nhJXfpGYF9Arg13PaLJQEwA3p+8E1+tHoTDWFsJaqGOUNdoj2F8NQMx4aCtVSVrovswrKI6jiBbOxSzxsNM8IjAA4HnX3Rxf\/fxk++fQHvQleUpuTbcw3HVQzEBOExFM4\/Vb404kjgjsIVweFTLyK+Xdh4pGByFrB7HejQmXfs9jkvrtoxNj0v9aN3nLIdUx6P2pZ3FaZIatm+PqBhkDms7wmvl9YqGS4LTPBsZ73LsfP4i0HwQfin15TNZvNG3URB6XxyPPot1Lv2D6qjuM14Xm4d\/DN\/z2LfGpJ49j+vRetgb66Pj18\/16pE67rXD2V+f5S5Ok4ztdRhuINBs1nb2ZMSerwHDvdKTfRsf397YeQ0BBBBAAAEEEEAAAQQQQAABBBBAAAEEEEAAAQQQQAABBBBAAAEEEEAAAQQQQAABBBBAAAEEEEAAAQQQQAABBBBAAAEEEEAAAQQQQAABBBBAAAEEEEAAAQQQQAABBBBAAAEEEEAAAQQQQAABBBBAAAEEEEAAAQQQQAABBBBAAAEEEEAAAQQQQAABBBBAAAEEEEAAAQQQQAABBBBAAAEEEEAAAQQQQAABBBBAAAEEEEAAAQQQQAABBBBAAAEEEEAAAQQQQAABBBBAAAEEEEAAAQQQQAABBBBAAAEEEEAAAQQQQAABBBBAAAEEEEAAAQQQQAABBBBAAAEEEEAAAQQQQAABBBBAAAEEEEAAAQQQQAABBBBAAAEEEEAAAQQQQAABBBBAAAEEEEAAAQQQQAABBBBAAAEEEEAAAQQQQAABBBBAAAEEEEAAAQQQQAABBBBAAAEEEEAAAQQQQAABBBBAAAEEEECgF4H\/A0UoX\/XvuklkAAAAAElFTkSuQmCC\" alt=\"page3image3897682208\" width=\"84.672000\" height=\"16.320000\" \/> <img decoding=\"async\" src=\"data:image\/png;base64,iVBORw0KGgoAAAANSUhEUgAAA8YAAACICAYAAAAlK\/JAAAAAAXNSR0IArs4c6QAAAHhlWElmTU0AKgAAAAgABAEaAAUAAAABAAAAPgEbAAUAAAABAAAARgEoAAMAAAABAAIAAIdpAAQAAAABAAAATgAAAAAADMSZAAAFcgAMxJkAAAVyAAOgAQADAAAAAQABAACgAgAEAAAAAQAAA8agAwAEAAAAAQAAAIgAAAAA76bxhwAAAAlwSFlzAABcUAAAXFAB3YMXEAAAGERJREFUeAHt3cGy5LSSANBmgremh49kM\/vhG5j9bPhIBtZvwVjQinYX1+WULNuSfIjoqLplW8o8UsnOct3Lp0\/+I0CAAAECBAgQIECAAAECBAgQIECAAAECBAgQIECAAAECBAgQIECAAAECBAgQIECAAAECBAgQIECAAAECBAgQIECAAAECBAgQIECAAAECBAgQIECAAAECBAgQIECAAAECBAgQIECAAAECBAgQIECAAAECBAgQIECAAAECBAgQIECAAAECBAgQIECAAAECBAgQIECAAAECBAgQIECAAAECBAgQIECAAAECBAgQIECAAAECBAgQIECAAAECBAgQIECAAAECBAgQIECAAAECBAgQIECAAAECBAgQIECAAAECBAgQIECAAAECBAgQIECAAAECBAgQIECAAAECBAgQIECAAAECBAgQIECAAAECBAgQIECAAAECBAgQIECAAAECBAgQIECAAAECBAgQIECAAAECBAgQIECAAAECBAgQIECAAAECBAgQIECAAAECBAgQIECAAAECBAgQIECAAAECBAgQIECAAAECBAgQIECAAAECBAgQIECAAAECBAgQIECAAAECBAgQIECAAAECBAgQIECAAAECBAgQIECAAAECBAgQIECAAAECBAgQIECAAAECBAgQIECAAAECBAgQIECAAAECBAgQIECAAAECBAgQIECAAAECBAgQIEDgDoHv7uhUnx8L\/N9\/\/9efH2\/5+9X\/\/J\/\/NV7vgGwjQIBAJwJ76\/lemNb7PSHbCcwvsKwjvy9Z\/lCT6Z\/f\/fvzj7\/8+kfNsY4h8FSB6kLr6Ek\/Av6kC4Oo55kmWzGc2WdkHpy1z9X5bvV3Vn69tHvF\/NmyvaLvd869xvUu5qu2zWazlU8rz7vncqs8atrZs73LZi+umlxHOOYK7y3bK\/q+cwyWvKsL4UjcMxXL76xmyjMyrvZpJ1BVGG8tWO3C2m5pxkWx1PMMg70Yzuhze5TP33J1vnv9nZ\/xvT2cOX\/2bM\/s+51qr3G9i\/mqbbPY7OVxluddc\/qsfN61GzG+wyMS17u8Rt92pvme7Zl9Xz0uS66nFsLv8hm9eNyzGzW\/WfN6Nxd72lZcGO8tWFcnN8MCWWraOudo\/637vXqu5P7uyDfaZ45xtsez5k7U9az+t8ap17i24r3y9dFtovFfZXr13L4qr9xP1Ptqh2hcOY\/ZHs\/yjrqe1f9V47TkeVtB\/JrjiAVk1G+03GbN63XO9fzzf\/QcXCS2tIimf5F97UOAAAECBGoFejzXOAfWjqbjCFwvsLxff\/+yjlT93vAZEX\/357\/+ium3n3\/qJqZWeabcZsyrlY92\/inw\/T9fGvOVfMEy+qeIY+qLmgABAvMK5PPL0QzfnZ+O9pGPf9fH0fivPj7nFOk37TtT7pGc7TOOwDI\/u7lDvKX2pUD+NNpd1q188utfimN\/iCyDeHwrME1hnLPMJ1InyCzisQeBNB\/z3Owhnitj8F68UltfrQVq37el8369f22fKfd87Lq91iba+\/Qp+Wbrp3mYW\/ERX+ZI04J4r2ht0d+sBXJ81Oz5ZIHTCuMjC2eLk01u40gcT54Ycm8vcNVczHN\/L4Or4tmLw3YCPQpE30evsbd4X63bqI0jHbdu5zXO3n+uzfvKvK7yjVpcFc+VxiP3tYzboaJ4rwj+yGaZA5\/Xrx+JYaY7rTPlsh5fz9sLdPk7xmlxX\/87knb0hHKkj6PHOpkdFXQ8AQIE2gnUnDfyOatdFH+3dKTdlEdNLq1zuKq9J+V6lal+6gSWuVhdFKeCOL3vW\/w\/iJd2\/mpryaLq\/2f8paCc4nePZ8qlblY6KiLQZWH8GviRC4PU1tMuDl79\/EyAAAECMYHS4uro+SkW1d9f3U19Rfdf71ea0\/pYzwkQKBOoLYpbFsSvER8pkBWUr5p+nllgiMI4D8DRC5CeLw6O5paNPBIgQIDANQK1heqR6GrPFT2f\/149jsR65NjXOPxMoFRgmX\/Fd4rPLIhf41\/Wj6o7yKk4Tu+t0f\/CsyL\/dUb4+VVgqMI4B197YZCOd9LMih4JECBAYC1Qcn64oyhex3rkPLhux3MCBI4LpLXjy\/oR\/trxlQXxa4ZHCmTF8aumn2cSGLIwzgNQe2FQcvGT++rl8e6LsV4cxEGAAIGWAtHzQu15p2Ws67Z6i2cdm+cEniAQXTvWFqkobvE7xOs2a54v60f6Y11Fv388w13XGXKoGW\/H7AsMXRjn9GouDGoWstyfRwIECBAg0JNAOg++i2dv+7tjr9zW4tzcoo0rc9bXswR6KYqz+lOL45y\/RwJrgdP+d03rTq56nk78JSfEtO8oFwtXGeqHAAECTxOInjd6P1\/0Ht\/T5pV85xeIrh1ZoreiOMe1rB2fl1yKfz86Hz\/i45e7xl3cuR\/Rb9aYp7hjvB6c0guD0kVt3Vfr5z3F0jo37REgQGBkgdJzy8i53hW7c+Bd8vqtESiZr3f+PnE0t1Qcf1nnQl+tnuHryDPkEB1f+8UEpiuMU9qlFzAli1uM9Zy9SvM6JwqtEiBAgACBvgVGOa\/3rSi6LYGS+dXrXeKt3FKBvGx7THG85eD1ZwpMWRinoSwtIksWuTOmyt39n5GTNgkQIECAAAECMwm4Xvt2NEe\/6zp6\/N+Ohp+OCkxbGCeY0uL4KGbN8WmBjSyyI+RSk79jCBAgcKeA9fdO\/a99R8Yh7Z3OhdHzYbTNr1F4RqCtwGh3i3P2y3ssfNc4HzPyo+J45NFrG\/vUhXGiip5A075Xn0Sj\/ZXkkPLwHwECBAgQIECAQFuB6HVb6nXUojiLlRTHvRaWaQyWfHwtPA+qx12B6QvjJFBSWJYseru6b3aI9lMS+5vubCJAgAABAgQIELhAYPSiOBPNUBznXDwSiAg8ojBOECMWmCPGHJl09iFAgAABAlmg5oPi6Pkx2naOxSOBLYHoXJqlKN5yGO11xf1oI3ZvvI8pjEuYo4tfSZsl+6YTfvSkX9KufQkQIECAAAECBMoE7r4uLIu27d4zFJYz5NB2VLW2JfD91oYZX0\/FZi+Lm8J3xhkmJwIECBAoEThyTu7pnF6Ss33nFXC3uN+xTcXxst78vkT4Q79RiuxuAXeMN0bgyMl6o0kvEyBAgEBnApEPKZ0P7h+0yDhtRWn8tmS8TiAmkIrKZc\/H\/BGrXv+YWGy07HVE4HGF8ZGT6xFoxxIgQIAAAQIECIwlEP1gZfa7xSXFca8jXJKD4rjXUTw3rscVxokzWhxHF8Nzh0jrBAgQIHC3gPNB+xGImr47Z7\/bto442tf6GM8JEJhPQHE835i2zOiRhXFLQG0RIECAwNgC0eJq7CxFT4BAqUD0A5W0hvz4y6+hrxqXxtDT\/tGi0t3WnkZNLCUCjy2MoxdC0UWxBN2+BAgQIDCegPPBeGMmYgIECLwKRAv8dJwi\/1Vv7p8fWxjPPayyI0CAAIESAR+Wlmgd3zf6IUNkXCL7pIijfR7PTgsECPQuoDjufYTuiU9hfI+7XgkQIEBgUIFUYCmyBh08YRNoLBD9YKZxt7c1Fy0oR7jTGs0lYY+Qz22TYqKOH10YP20xm2jeSoUAAQLNBUrPCYrjuiE4w6107Ooid9STBM6Yp0\/ykyuBEQUeXRhHB8ziGJWyHwECBMYWKC2w0vnBOeKcMS8di0gUxiqiZB8CzxFY1plH\/T+anzOydZkqjOvcHEWAAAECkwrUFGQK5Ekng7QIEJheQHE8\/RCHE1QYh6nsSIAAAQJPEUjF8ZEC2Z3Jj2dK1KXGPnpMNIaPM\/Aqga8C0Tn39QjPCBDoWeDxhbFFrefpKTYCBAjcK3DkHJHvIufHezPROwECBNoILOti+OvHbXo8v5WSnPwhrvPH464eHl8Y3wWvXwIECBAYQyAVx0cK5JxlLpDzY37dIwECfQmk92hfEY0ZzWgFpOJ4zHnWMmqFcVDTIhmEshsBAgQmFWhVIGeeXCCvH\/O2GR+j59EjH0JEj43GMuM4yIkAgW0BxfG2zRO2fP+EJOVIgAABAgRaCeTi64zi6rXN3Fer2LVDgAABAgQIfCzgjvHHLl4lQIAAAQJvBVLRmv+93fHAxlQo538Hmrn90NeCfyugFh8EtGhjKz6vEyAwv8CyhoR\/h3q0r4vPP3rHMlQYH\/NzNAECBAgQ+JQL5DOLslwgR4tMw\/JegON7H1sJPFlAcfzM0fdV6meOu6wJECBA4CSBj4rj1kXYur2P+jspNc0SIECAAIFpBdwxnnZoJUaAAAECvQik4vX1X6vYUpG8LpRbtduqnWhsLQv8aFvR2FpZaIcAgXEElnXEV6rHGa4mkSqMmzBqhAABAgQIlAm0LpR7L5DLdOxNgACB+wUUx\/ePwZURKIyv1NYXAQIECBDYEFgXyhu7hF52FzTEZCcCBAiEBBTHIaYpdlIYTzGMkiBAgACBmQSOFsm93D2OFukp39bjF20zGmPr+LRHgAABAn0JKIz7Gg\/RECBAgACBbwSOFMmKvm8o\/UAgJBD9UCXU2IN3+vO7f3\/+8Zdf\/5iBYJkTft94hoHcyUFhvAOUN1sks4RHAgQIELhLoOZcdFdxHO23Jqeo\/5ltR2OwH4HZBJb39u9LTj\/MltdePst6ojjeQxp8++ML4+iJe\/BxFj4BAgQITCKQir3Sgs+57v3g83nvY+vHAubNxy5eJTCqwOML41EHTtwECBAg8GwBxfGzx1\/2BAhcL+Cu8fXmV\/aoML5SW18ECBAgQKChQM3d44bdbzYVvZNWWtxvdvhmQ7SPaMxvurKJAIEHCCiO5x1khfG8YyszAgQIEHiIgOLvIQMtzcsEou+pywLSUVcCiuOuhqNZMI8ujKOfDlscm803DREgQIDASQLOVSfBapbAG4HoteSbJobatOQb+sNbM\/1F6qEGSLCHBB5dGB+SczABAgQIEBhQ4OwL+Wj7Vxby0b6isQ847EImQKCxwLKu+CvVjU3vbk5hfPcIdNB\/9IKhg1AvC4HJZdQ6IkCgoYC1qyGmpggQ+EYgerf4m4Mm\/0FxPNcAfz9XOvFsop8Ku8j4aprMRveIjvvXrD0jQIAAgahAyRpbsm+0f\/sRaCmQrnki8zTt46vDX+VZfLXwbCwBd4zHGi\/REiBAgACBtwKRDzAjF\/tvO5l4I5uJB1dq1QLL+yL0u8XVHQx84LLm+kr1wOO3Dv2RhbGT3noKeE6AAAECBAgQIPCRQOSDpnTcd3\/+6\/fffv7ph4\/a8Nr8AorjOcb4kYVxdOiii2G0vZ73i+Y68ocK0dijFj2Pp9gIECBwtUB0jb06rpr+ZsqlJn\/HEFgLLO+H8N3iJ3+NWnG8njVjPn9cYexkN+ZEFTUBAgQIECBAoGcBd417Hh2xEdgXeFRhXFIUu2u4P3nsQYAAAQIECBCYXaDkmnC24tjd4rLZ7a5xmVdvez\/2r1K\/G4iSBfBdO6NtS3lHPjxI+4xmFMkrjddoeY02x8RLgMCcAqOtsZF4RzzXzTm7+sgqeo3UR7SiuFNgmSufl\/Uj9PXzLx+kfP7xl1\/\/uDNmff8t8Jg7xpGToEkRFxjJc6RY4yNgTwIECBAgQKBHgVnuGkeLuzQGT\/7d4h7noJjqBB5RGJcURk+\/Y\/jk\/J+ce93y4SgCBHoUiJzzWq53kf6SU8s+e3QX0\/wCJXN49OJYUXxsPi9zxf\/C6RjhLUdPXxhHT9i36A\/e6Qi2I8Q4+DQQPgECBIYTiBY4ziHDDW1XAY9aHC\/zPvQ14K6wOwymtDheUvC\/+7p5HKcujEtPaNET5c1jdnr3JQ6lxqcHv+qgJLaSnFddeEqAAAECBAg8SGD264XSothXqN9P\/mW+hO8cv2\/J1isEpi2MS4qiBD37QnfFZNIHAQIERhJI54mP\/o2Uw2uskXNfy\/NdpL8UY8s+X3Ou\/TkaUzTH2jgcN55AdO6kzEa6a7zM9aI7xYri8eauiN8LTFkYl57ESha495zzbC0xKfW+QqkkppJcr4hdHwQInC\/wbo1I295tPz+6uh5GjLkuU0cRuF+g5NohFcfp\/fnbzz91+1XZJT5F8UnTapkr7hqfZNu62ekK49ILg5KFrTV+7+2V2JS6n5l7SSwlOZ4Zs7YJEOhPoGQtuTv6kWK920r\/BFoJlF5D9Hr3eFk\/ioriVn5PameZK4rjAQZ8qsK49MKgdEEbYDxvDbHU\/4xgS2Iw\/meMgDYJzCWQ1pSSdaX37Fuue1GXln229o3GFs21dXzam0+gt+J4mdvFRbGvUM83L2X0t8AUhXE6YZWetKInw6dPlFKnmrFoYXxXvy1i1wYBAv0LlJ5jrsqoZO0rXc+vykE\/BEYWqHlf9VIcL+uHovjCybfMFXeNL\/Su6WrowrjkgmCNU7OIrY9\/2vMarysvImv6qsnpaeMuXwIzC6Q1oHQdqD3nnOVYs\/a1iuXOvlvloB0CrQS+rCV\/lLR35+8dL+\/fv37neYm36Hee3SkuGeGP913miuL4Y5ouXh22MK49KZdeCHUxSh0EUeOWxqh2nCIp17Zfk0skHvsQIDCeQM16ULv2tNQpXVtr8mwR7139lsQejbHUvCQG+44vsMyjqoLnygJ5mcNVBXEaHUVxuzlaO1faRaClLYHvtzb0+vqRE1P05Ndr7nfHlfxq\/NMxLe1rYsh2LePIbXokQGBsgSNrW8r8ynWlZv27Mr6xZ4LoCRwTWN5rqTj+tLxPf18eiu7GfimQTylAa+LJEgriLOHxCQJDFMY1FwLrwXNRsNY49jxZ1ozH+pja8Vi3UZpFbZ+l\/difAIExBfIaUbPO5GNyG2cI5D5K2z4jpmgsZ\/Rdmn90\/xRrJK+0z0h5RfO3X1uBZY58XuZKcXGcomhZINfGkDUUxVmi\/eOROdI+Gi1mgS4L48jJKSew9+gEtidUvj2b1o7T+rjc1lYU63239tl7fa+PveNtJ0DgOQJ5vahZe9bH5HaOyK3bK22nRf+lfdqfAIGvAst7sLo4Tq3kAjm3GClSlzWjqhjPfawfI\/2t9\/e8XODoHCnv0RF7AqcVxkdO6HtBR7a7KIgoHdsnGR8d56PH72VgHuwJ2X6nwNnz\/2huT37\/5Nxrx+ij43KbW+Py0TFb+757fa+fd8faRoBAO4HlvVj91erXKF4L5dftrX5WELeS1M6IAqcVxndhuCC4Vj57t7qgaxV9jqtVe9oh8ESB9L5++nsp599ijWvRxrt5mGN9t8\/RbdEcrojlaC6vx6eYI\/mlfUbM7zVfP18nsMyXZgXyWVEriM+Sfd9umhvLmtLsTv\/73mzdE5imMHaS2hvqc7dn\/8hFxZmR5DjO7EPbBAg8TyCvLXevcR\/J59g+2uY1AgT6EVjeq90VyAri++dHmheK4\/vHIUUwfGHsgqCPiZSjyONx9cVj7jfH4ZEAgTYC6b3s\/fXVcm1x9Tr3NYq\/n61jed3mZwIE+hVY3ru3F8gK4r7mR5oTiuP7x+S7mhDuvBhwIVAzYvcec9Z8MRe2x3XPfCa7XnPdi2t79PracsZc2bM5o8+zVfdyatX\/3TaRPO+O8ah1jznuxTS6+XrMnpTrOu\/0fMn91K\/UzlQM71mNmOteTmmOjJhXinuU\/6oK45Tc3sLVAmCmhb6Fxyxt1Mwdc6F89LecZ7TsNdetuMpH854jzpwrWzZn9nm14laO0Th6tXiXV68xR83zfj3muBXTLObZPj0+Kdd13h89XyyqiuUnFFBbNiPnvpVTmhsj5\/XR3PYaAQIECBAgQIAAAQIECBAgQIAAAQIECBAgQIAAAQIECBAgQIAAAQIECBAgQIAAAQIECBAgQIAAAQIECBAgQIAAAQIECBAgQIAAAQIECBAgQIAAAQIECBAgQIAAAQIECBAgQIAAAQIECBAgQIAAAQIECBAgQIAAAQIECBAgQIAAAQIECBAgQIAAAQIECBAgQIAAAQIECBAgQIAAAQIECBAgQIAAAQIECBAgQIAAAQIECBAgQIAAAQIECBAgQIAAAQIECBAgQIAAAQIECBAgQIAAAQIECBAgQIAAAQIECBAgQIAAAQIECBAgQIAAAQIECBAgQIAAAQIECBAgQIAAAQIECBAgQIAAAQIECBAgQIAAAQIECBAgQIAAAQIECBAgQIAAAQIECBAgQIAAAQIECBAgQIAAAQIECBAgQIAAAQIECBAgQIAAAQIECBAgQIAAAQIECBAgQIAAAQIECBAgQIAAAQIECBAgQIAAAQIECBAgQIAAAQIECBAgQIAAAQIECBAgQIAAAQIECBAgQIAAAQIECBAgQIAAAQIECBAgQIAAAQIECBAgQIAAAQIECBAgQIAAAQIECBD4p8D\/A5T3Ht40OcnUAAAAAElFTkSuQmCC\" alt=\"page3image3897664416\" width=\"115.820000\" height=\"16.320000\" \/><\/p>\n<p>TEINT : Pour donner de l&rsquo;e\u0301clat et un effet bonne mine a\u0300 votre teint, pre\u0301levez les 3 teintes de la Sublime mosaic a\u0300 l&rsquo;aide du Pinceau poudre 702 avec un mouvement circulaire et appliquez sur les contours de votre visage.<br \/>\nVous pouvez e\u0301galement utiliser les trois teintes de la Sublime mosaic se\u0301pare\u0301ment, la plus claire pour illuminer certaines zones (menton, arc de cupidon, nez, &#8230;), la rose en fard a\u0300 joues et la marron en terre cuite pour structurer la forme du visage.<\/p>\n<p>YEUX : Pour sublimer vos yeux, appliquez les Ombres a\u0300 paupie\u0300res au doigt ou avec le co\u0302te\u0301 langue de chat du pinceau et de\u0301posez en tapotant pour plus de couvrance. Puis lissez vers l&rsquo;exte\u0301rieur de l&rsquo;\u0153il afin de le de\u0301grader. Pour re\u0301aliser un ras de cils utilisez l\u2019embout biseaute\u0301 du pinceau.<\/p>\n<p>LE\u0300VRES : Pour vos le\u0300vres, utilisez l\u2019embout langue de chat du pinceau et pre\u0301levez directement le Gloss ou le Rouge a\u0300 le\u0300vres. De\u0301posez le au centre de vos le\u0300vres puis e\u0301tirez la matie\u0300re vers l&rsquo;exte\u0301rieur. Pour des le\u0300vres parfaitement de\u0301finies, servez-vous du bout du pinceau pour en dessiner le contour avec pre\u0301cision.<\/p>\n","protected":false},"excerpt":{"rendered":"<p>Pour cet \u00e9t\u00e9 Zao a cr\u00e9\u00e9 une Palette de maquillage en \u00e9dition limit\u00e9e regroupant 7 produits pour sublimer le teint, les yeux et les l\u00e8vres.<\/p>\n<p>La Palette Desert rose est compos\u00e9e de :<br \/>\n\u2022 Une Sublime mosaic : une poudre \u00e9clat et bonne mine, compos\u00e9e du Fard \u00e0 joues 327, de la Terre cuite 342 &amp; d\u2019uneShine-up powder dor\u00e9e.<br \/>\n\u2022Trois Ombres \u00e0 paupi\u00e8res mates : 218 Beige abricot, 219 Vieux rose et 220 Taupe.<br \/>\n\u2022 Une Ombre \u00e0 paupi\u00e8res ultra shiny : 270 Champagne<br \/>\n\u2022 Un Rouge \u00e0 l\u00e8vres cr\u00e8me : 408 Rose framboise<br \/>\n\u2022 Un Gloss cr\u00e8me : 409 Rose dor\u00e9<br \/>\n\u2022 Un pinceau double embout : avec un c\u00f4t\u00e9 langue de chat et un c\u00f4t\u00e9 biseaut\u00e9.<\/p>\n<p>Cette poudre \u00e9clat et bonne mine est compos\u00e9e du Fard \u00e0 joues 327, de la Terre cuite 342 &amp; d\u2019une nouvelle Shine-up powder dor\u00e9e 312. Elle permet d\u2019illuminer tout en donnant un effet h\u00e2l\u00e9 tr\u00e8s naturel et de structurer le visage. Les trois poudres peuvent \u00eatre m\u00e9lang\u00e9es ou s\u2019utiliser s\u00e9par\u00e9ment pour retrouver leur fonction d\u2019origine.<\/p>\n<p>TERRE CUITE MINERALE 342 : Une poudre de soleil cuivr\u00e9e l\u00e9g\u00e8rement scintillante qui r\u00e9hausse toutes les carnations de peau dans un effet h\u00e2l\u00e9.<\/p>\n<p>FARD A JOUES 327 : Une teinte rose corail subtilement iris\u00e9e pour apporter un effet frais et lumineux adapt\u00e9e \u00e0 toutes les tonalit\u00e9s de peau : froide ou chaude.<\/p>\n<p>SHINE UP POWDER 312 : Une toute nouvelle couleur de Shine up powder dor\u00e9e, qui apportera un effet scintillant et mettra en valeur la carnation de la peau.<\/p>\n","protected":false},"featured_media":12917,"template":"","meta":{"_acf_changed":false},"product_brand":[],"product_cat":[78],"product_tag":[],"class_list":{"0":"post-12916","1":"product","2":"type-product","3":"status-publish","4":"has-post-thumbnail","6":"product_cat-palettes-zao","8":"first","9":"instock","10":"shipping-taxable","11":"purchasable","12":"product-type-simple"},"exclude_global_add_ons":[],"addons":[],"acf":[],"_links":{"self":[{"href":"https:\/\/lesfeesnaturelles.fr\/boutique\/wp-json\/wp\/v2\/product\/12916","targetHints":{"allow":["GET"]}}],"collection":[{"href":"https:\/\/lesfeesnaturelles.fr\/boutique\/wp-json\/wp\/v2\/product"}],"about":[{"href":"https:\/\/lesfeesnaturelles.fr\/boutique\/wp-json\/wp\/v2\/types\/product"}],"wp:featuredmedia":[{"embeddable":true,"href":"https:\/\/lesfeesnaturelles.fr\/boutique\/wp-json\/wp\/v2\/media\/12917"}],"wp:attachment":[{"href":"https:\/\/lesfeesnaturelles.fr\/boutique\/wp-json\/wp\/v2\/media?parent=12916"}],"wp:term":[{"taxonomy":"product_brand","embeddable":true,"href":"https:\/\/lesfeesnaturelles.fr\/boutique\/wp-json\/wp\/v2\/product_brand?post=12916"},{"taxonomy":"product_cat","embeddable":true,"href":"https:\/\/lesfeesnaturelles.fr\/boutique\/wp-json\/wp\/v2\/product_cat?post=12916"},{"taxonomy":"product_tag","embeddable":true,"href":"https:\/\/lesfeesnaturelles.fr\/boutique\/wp-json\/wp\/v2\/product_tag?post=12916"}],"curies":[{"name":"wp","href":"https:\/\/api.w.org\/{rel}","templated":true}]}}