{"id":13167,"date":"2022-07-21T11:15:22","date_gmt":"2022-07-21T09:15:22","guid":{"rendered":"http:\/\/lesfeesnaturelles.fr\/boutique\/?post_type=product&#038;p=13167"},"modified":"2024-10-18T12:07:27","modified_gmt":"2024-10-18T10:07:27","slug":"elixir-precieux-purifiant-cinq-mondes-2","status":"publish","type":"product","link":"https:\/\/lesfeesnaturelles.fr\/boutique\/produit\/elixir-precieux-purifiant-cinq-mondes-2\/","title":{"rendered":"Elixir Pr\u00e9cieux Purifiant  &#8211; Cinq Mondes"},"content":{"rendered":"<p>Inspir\u00e9 des oasis \u00e9gyptiennes et de leurs effluves botaniques, sa senteur \u00e9voque une herboristerie antique.<\/p>\n<p>\u00c0 utiliser en association avec l\u2019<span class=\"bold\">Onguent de Jeunesse Peaux normales \u00e0 mixtes <\/span>pour une peau durablement plus saine.<\/p>\n<p><span style=\"color: #993366;\">Ingr\u00e9dients actifs :<\/span><\/p>\n<p>L&rsquo;huile de Chanvre : Plante mill\u00e9naire originaire d&rsquo;Egypte, l&rsquo;huile de chanvre apporte des acides gras insatur\u00e9s ( om\u00e9ga3,6) ce qui aide l&rsquo;organisme \u00e0 constituer en continu les \u00e9l\u00e9ments n\u00e9cessaires \u00e0 la r\u00e9paration et la cicatrisation de la peau.<\/p>\n<p>L&rsquo;huile de Cumin noir : Le proph\u00e8te Mahomet l&rsquo;immortalisa telle que : \u00a0\u00bb l&rsquo;huile de Cumin Noir gu\u00e9rit tout\u00a0\u00bb. Elle est aujourd&rsquo;hui exploit\u00e9e pour ses propri\u00e9t\u00e9s calmantes, r\u00e9g\u00e9n\u00e9rantes, anti-inflammatoires et pour son action de r\u00e9gulation du s\u00e9bum. Elle assainit la peau de ses imperfections.<\/p>\n<p>Complexe de Phytoph\u00e9nols : Permet d&rsquo;agir sur l&rsquo;hypers\u00e9cr\u00e9tion de s\u00e9bum. Il agit directement au coeur des s\u00e9bocytes, cellules cibles situ\u00e9es dans la glande s\u00e9bac\u00e9e, pour diminuer la s\u00e9cr\u00e9tion de s\u00e9bum. Il permet ainsi de limiter l&rsquo;apparition d&rsquo;imperfections.<\/p>\n<p>&nbsp;<\/p>\n<p><span style=\"color: #993366;\">Conseil du spa th\u00e9rateupe:<\/span><\/p>\n<p>En cure d&rsquo;un mois, appliquez matin et soir 3 \u00e0 5 gouttes avant votre cr\u00e8me Onguent de jeunesse Peaux normales \u00e0 mixtes, sur le visage, le cou et le d\u00e9collet\u00e9 puis massez en mouvements circulaires ascendants.<\/p>\n<p><span style=\"color: #993366;\">Contenance<\/span> : 15 ml<\/p>\n","protected":false},"excerpt":{"rendered":"<p>\u2013 NOUVEAUX FORMAT ET FORMULE \u2013<\/p>\n<p>Concentr\u00e9 d&rsquo;huiles 100% v\u00e9g\u00e9tales et certifi\u00e9 bio, ce s\u00e9rum est un soin purifiant qui permet de r\u00e9tablir l\u2019\u00e9quilibre de la peau. Id\u00e9al pour les peaux mixtes \u00e0 grasses et sujettes aux imperfections.<\/p>\n<p>L\u2019<span class=\"prune\">\u00c9lixir Pr\u00e9cieux Purifiant<\/span> est un concentr\u00e9 puissant d\u2019huiles 100% v\u00e9g\u00e9tales, riches en acides gras essentiels (Om\u00e9ga 3 et 6) sp\u00e9cialement con\u00e7u pour les peaux mixtes \u00e0 grasses. Il associe les b\u00e9n\u00e9fices de l\u2019huile de Cumin Noir, l\u2019huile Sacr\u00e9e des Pharaons traditionnellement utilis\u00e9e en \u00c9gypte pour ses propri\u00e9t\u00e9s purifiantes, \u00e0 l\u2019actif expert Polyph\u00e9nols, pour r\u00e9tablir l\u2019\u00e9quilibre de la peau en r\u00e9gulant l\u2019exc\u00e8s de s\u00e9bum et ainsi diminuer les imperfections.<\/p>\n<p><span style=\"color: #993366;\">Ne pas utiliser chez la femme enceinte ou allaitante, ne convient pas aux peaux sensibles.<\/span><\/p>\n\n<p>&nbsp;<\/p>\n","protected":false},"featured_media":19216,"template":"","meta":{"_acf_changed":false},"product_brand":[],"product_cat":[152,165],"product_tag":[],"class_list":{"0":"post-13167","1":"product","2":"type-product","3":"status-publish","4":"has-post-thumbnail","6":"product_cat-les-produits-cinq-mondes","7":"product_cat-serums-et-boosters-visage","9":"first","10":"instock","11":"shipping-taxable","12":"purchasable","13":"product-type-simple"},"acf":[],"_links":{"self":[{"href":"https:\/\/lesfeesnaturelles.fr\/boutique\/wp-json\/wp\/v2\/product\/13167","targetHints":{"allow":["GET"]}}],"collection":[{"href":"https:\/\/lesfeesnaturelles.fr\/boutique\/wp-json\/wp\/v2\/product"}],"about":[{"href":"https:\/\/lesfeesnaturelles.fr\/boutique\/wp-json\/wp\/v2\/types\/product"}],"wp:featuredmedia":[{"embeddable":true,"href":"https:\/\/lesfeesnaturelles.fr\/boutique\/wp-json\/wp\/v2\/media\/19216"}],"wp:attachment":[{"href":"https:\/\/lesfeesnaturelles.fr\/boutique\/wp-json\/wp\/v2\/media?parent=13167"}],"wp:term":[{"taxonomy":"product_brand","embeddable":true,"href":"https:\/\/lesfeesnaturelles.fr\/boutique\/wp-json\/wp\/v2\/product_brand?post=13167"},{"taxonomy":"product_cat","embeddable":true,"href":"https:\/\/lesfeesnaturelles.fr\/boutique\/wp-json\/wp\/v2\/product_cat?post=13167"},{"taxonomy":"product_tag","embeddable":true,"href":"https:\/\/lesfeesnaturelles.fr\/boutique\/wp-json\/wp\/v2\/product_tag?post=13167"}],"curies":[{"name":"wp","href":"https:\/\/api.w.org\/{rel}","templated":true}]}}