{"id":14364,"date":"2023-09-25T16:25:19","date_gmt":"2023-09-25T14:25:19","guid":{"rendered":"https:\/\/lesfeesnaturelles.fr\/boutique\/?post_type=product&#038;p=14364"},"modified":"2024-07-20T20:53:27","modified_gmt":"2024-07-20T18:53:27","slug":"lait-demaquillant-velours-intuitive-skin-zao","status":"publish","type":"product","link":"https:\/\/lesfeesnaturelles.fr\/boutique\/produit\/lait-demaquillant-velours-intuitive-skin-zao\/","title":{"rendered":"Lait d\u00e9maquillant velours &#8211; Intuitive Skin &#8211; Zao"},"content":{"rendered":"<p>CONSEILS D&rsquo;UTILISATION :\u00a0D\u00e9posez une noisette de lait d\u00e9maquillant sur un coton puis passez-le d\u00e9licatement sur l&rsquo;ensemble du visage y compris les yeux et le cou. Ou bien utilisez le lait directement au doigt en faisant des mouvements circulaires, puis rincez.<\/p>\n<p>Usage quotidien, le soir.<\/p>\n<p>CONTENANCE : 100ml &#8211; PAO : 12 Mois &#8211;\u00a0MADE IN FRANCE<\/p>\n<p>PARFUM : Vanille<\/p>\n<p>INGR\u00c9DIENTS CL\u00c9S :<\/p>\n<ul>\n<li>Eau de bleuet bio : Cette eau florale est traditionnellement connue pour apaiser et revitaliser les yeux fatigu\u00e9s ou d\u00e9licats, mais aussi pour ses vertus apaisantes, astringentes et revitalisantes qui font merveille sur la peau.<\/li>\n<li>Aloe Vera bio : Connu pour ses vertus adoucissantes et calmantes, l&rsquo;alo\u00e8s Vera r\u00e9pare et apaise les peaux les plus fragiles. SonPH est proche de celui de la peau ( 4,5), c&rsquo;est un excellent hydratant, il favorise son \u00e9lasticit\u00e9 et pr\u00e9vient du vieillissement cutan\u00e9.<\/li>\n<li>Eau de bambou bio : Apaisante et purifiante, l&rsquo;eau florale de bambou hydrate la peau en profondeur tout en ratifiant les \u00e9ventuelles brillance. Sa richesse en silice organique laisse un voile doux et soyeux: la peau est apais\u00e9e est aussi velout\u00e9e.<\/li>\n<\/ul>\n","protected":false},"excerpt":{"rendered":"<p>Avec son doux parfum de vanille, ce lait velours d\u00e9maquille et hydrate m\u00eame les peaux les plus sensibles. Sa texture onctueuse laisse la peau douce et confortable.<br \/>\nLe Lait D\u00e9maquillant Velours est compos\u00e9 d\u2019Eau de Bleuet Bio et d\u2019Eau de Bambou Bio aux propri\u00e9t\u00e9s apaisante, revitalisant et purifiante.<\/p>\n<p>Mais \u00e9galement, d\u2019Aloe Vera Bio connu pour ses vertus adoucissante et calmante.<\/p>\n<p>TYPES DE PEAUX : Toutes peaux, m\u00eame sensibles.<\/p>\n","protected":false},"featured_media":14370,"template":"","meta":{"_acf_changed":false},"product_brand":[],"product_cat":[15,16],"product_tag":[],"class_list":{"0":"post-14364","1":"product","2":"type-product","3":"status-publish","4":"has-post-thumbnail","6":"product_cat-cosmetiques-zao","7":"product_cat-soins-zao","9":"first","10":"instock","11":"shipping-taxable","12":"purchasable","13":"product-type-simple"},"acf":[],"_links":{"self":[{"href":"https:\/\/lesfeesnaturelles.fr\/boutique\/wp-json\/wp\/v2\/product\/14364","targetHints":{"allow":["GET"]}}],"collection":[{"href":"https:\/\/lesfeesnaturelles.fr\/boutique\/wp-json\/wp\/v2\/product"}],"about":[{"href":"https:\/\/lesfeesnaturelles.fr\/boutique\/wp-json\/wp\/v2\/types\/product"}],"wp:featuredmedia":[{"embeddable":true,"href":"https:\/\/lesfeesnaturelles.fr\/boutique\/wp-json\/wp\/v2\/media\/14370"}],"wp:attachment":[{"href":"https:\/\/lesfeesnaturelles.fr\/boutique\/wp-json\/wp\/v2\/media?parent=14364"}],"wp:term":[{"taxonomy":"product_brand","embeddable":true,"href":"https:\/\/lesfeesnaturelles.fr\/boutique\/wp-json\/wp\/v2\/product_brand?post=14364"},{"taxonomy":"product_cat","embeddable":true,"href":"https:\/\/lesfeesnaturelles.fr\/boutique\/wp-json\/wp\/v2\/product_cat?post=14364"},{"taxonomy":"product_tag","embeddable":true,"href":"https:\/\/lesfeesnaturelles.fr\/boutique\/wp-json\/wp\/v2\/product_tag?post=14364"}],"curies":[{"name":"wp","href":"https:\/\/api.w.org\/{rel}","templated":true}]}}