{"id":14365,"date":"2023-09-25T16:25:19","date_gmt":"2023-09-25T14:25:19","guid":{"rendered":"https:\/\/lesfeesnaturelles.fr\/boutique\/?post_type=product&#038;p=14365"},"modified":"2025-11-12T21:15:18","modified_gmt":"2025-11-12T20:15:18","slug":"gelee-micellaire-demaquillante-intuitive-skin-zao","status":"publish","type":"product","link":"https:\/\/lesfeesnaturelles.fr\/boutique\/produit\/gelee-micellaire-demaquillante-intuitive-skin-zao\/","title":{"rendered":"Gel\u00e9e micellaire d\u00e9maquillante &#8211; Intuitive Skin &#8211; Zao"},"content":{"rendered":"<p>CONSEILS D&rsquo;UTILISATION : D\u00e9posez une noisette de Gel\u00e9e micellaire d\u00e9maquillante sur un coton puis passez-le d\u00e9licatement sur l&rsquo;ensemble du visage y compris les yeux et le cou. Ou bien, pr\u00e9levez une noisette dans vos mains pr\u00e9alablement humidifi\u00e9es, \u00e9mulsionnez en mouvements circulaires, puis rincez.<\/p>\n<p>Usage quotidien, le soir.<\/p>\n<p>CONTENANCE : 100 ml. &#8211;\u00a0PAO : 12 Mois &#8211;\u00a0Made in France<\/p>\n<p>PARFUM : vanille<\/p>\n<p>INGR\u00c9DIENTS CL\u00c9S :<\/p>\n<ul>\n<li>Eau de bambou bio : Apaisante et purifiante<\/li>\n<li>Aloe Vera bio : Adoucissant et calmant<\/li>\n<li>Eau d&rsquo;hamam\u00e9lis bio : Astringente et tonifiante.<\/li>\n<\/ul>\n","protected":false},"excerpt":{"rendered":"<p>Avec son agr\u00e9able parfum de vanille, cette gel\u00e9e micellaire d\u00e9maquille avec douceur, en \u00e9liminant le maquillage et les impuret\u00e9s sur la peau. Elle laisse un fini frais et une peau plus nette.<\/p>\n<p>Elle est id\u00e9ale pour toutes les peaux, m\u00eame les plus sensibles, gr\u00e2ce \u00e0 ses ingr\u00e9dients apaisants comme l\u2019Eau de Bambou Bio, adoucissants comme l\u2019Aloe Vera Bio ou encore astringents, comme l\u2019eau d\u2019Hamam\u00e9lis Bio.<\/p>\n<p>TYPE DE PEAUX : Toutes peaux, m\u00eame sensibles.<\/p>\n","protected":false},"featured_media":14366,"template":"","meta":{"_acf_changed":false},"product_brand":[],"product_cat":[15,16],"product_tag":[],"class_list":{"0":"post-14365","1":"product","2":"type-product","3":"status-publish","4":"has-post-thumbnail","6":"product_cat-cosmetiques-zao","7":"product_cat-soins-zao","9":"first","10":"outofstock","11":"shipping-taxable","12":"purchasable","13":"product-type-simple"},"acf":[],"_links":{"self":[{"href":"https:\/\/lesfeesnaturelles.fr\/boutique\/wp-json\/wp\/v2\/product\/14365","targetHints":{"allow":["GET"]}}],"collection":[{"href":"https:\/\/lesfeesnaturelles.fr\/boutique\/wp-json\/wp\/v2\/product"}],"about":[{"href":"https:\/\/lesfeesnaturelles.fr\/boutique\/wp-json\/wp\/v2\/types\/product"}],"wp:featuredmedia":[{"embeddable":true,"href":"https:\/\/lesfeesnaturelles.fr\/boutique\/wp-json\/wp\/v2\/media\/14366"}],"wp:attachment":[{"href":"https:\/\/lesfeesnaturelles.fr\/boutique\/wp-json\/wp\/v2\/media?parent=14365"}],"wp:term":[{"taxonomy":"product_brand","embeddable":true,"href":"https:\/\/lesfeesnaturelles.fr\/boutique\/wp-json\/wp\/v2\/product_brand?post=14365"},{"taxonomy":"product_cat","embeddable":true,"href":"https:\/\/lesfeesnaturelles.fr\/boutique\/wp-json\/wp\/v2\/product_cat?post=14365"},{"taxonomy":"product_tag","embeddable":true,"href":"https:\/\/lesfeesnaturelles.fr\/boutique\/wp-json\/wp\/v2\/product_tag?post=14365"}],"curies":[{"name":"wp","href":"https:\/\/api.w.org\/{rel}","templated":true}]}}