{"id":14373,"date":"2023-09-25T16:22:04","date_gmt":"2023-09-25T14:22:04","guid":{"rendered":"https:\/\/lesfeesnaturelles.fr\/boutique\/?post_type=product&#038;p=14373"},"modified":"2024-01-31T21:07:25","modified_gmt":"2024-01-31T20:07:25","slug":"savon-detox-visage-intuitive-skin-zao","status":"publish","type":"product","link":"https:\/\/lesfeesnaturelles.fr\/boutique\/produit\/savon-detox-visage-intuitive-skin-zao\/","title":{"rendered":"Savon d\u00e9tox visage &#8211; Intuitive Skin &#8211; Zao"},"content":{"rendered":"<p>CONSEILS D&rsquo;UTILISATION : Passez le savon sous l&rsquo;eau puis faites-le mousser entre vos mains. Appliquez ensuite la mousse sur le visage en mouvements circulaires. bien insister sur la zone T du visage ( menton, nez et front ) . Rincez abondamment \u00e0 l&rsquo;eau claire. Evitez le contact avec les yeux.<\/p>\n<p>Usage quotidien, matin et soir.<\/p>\n<p>POIDS: \u00a070 g &#8211; PAO : 18 Mois \u00a0&#8211; Made in France<\/p>\n<p>Parfum : Sans parfum<\/p>\n<p>INGR\u00c9DIENTS CL\u00c9S :<\/p>\n<ul>\n<li>Charbon de bambou : Pour exfolier la peau en douceur &#8211; Pour r\u00e9duire les exc\u00e8s de s\u00e9bum &#8211; Pour \u00e9liminer les impuret\u00e9s.<\/li>\n<\/ul>\n","protected":false},"excerpt":{"rendered":"<p>Notre savon d\u00e9tox visage nettoie en profondeur tout en pr\u00e9servant la peau. Adapt\u00e9 aux peaux normales, mixtes ou grasses, sa couleur vient du charbon de bambou qui va permettre d\u2019exfolier la peau en douceur, de r\u00e9duire les exc\u00e8s de s\u00e9bum et d\u2019\u00e9liminer les impuret\u00e9s.<\/p>\n<p>TYPES DE PEAUX : Peaux normales, mixtes ou grasses.<\/p>\n","protected":false},"featured_media":14374,"template":"","meta":{"_acf_changed":false},"product_brand":[],"product_cat":[15,16],"product_tag":[],"class_list":{"0":"post-14373","1":"product","2":"type-product","3":"status-publish","4":"has-post-thumbnail","6":"product_cat-cosmetiques-zao","7":"product_cat-soins-zao","9":"first","10":"instock","11":"shipping-taxable","12":"purchasable","13":"product-type-simple"},"acf":[],"_links":{"self":[{"href":"https:\/\/lesfeesnaturelles.fr\/boutique\/wp-json\/wp\/v2\/product\/14373","targetHints":{"allow":["GET"]}}],"collection":[{"href":"https:\/\/lesfeesnaturelles.fr\/boutique\/wp-json\/wp\/v2\/product"}],"about":[{"href":"https:\/\/lesfeesnaturelles.fr\/boutique\/wp-json\/wp\/v2\/types\/product"}],"wp:featuredmedia":[{"embeddable":true,"href":"https:\/\/lesfeesnaturelles.fr\/boutique\/wp-json\/wp\/v2\/media\/14374"}],"wp:attachment":[{"href":"https:\/\/lesfeesnaturelles.fr\/boutique\/wp-json\/wp\/v2\/media?parent=14373"}],"wp:term":[{"taxonomy":"product_brand","embeddable":true,"href":"https:\/\/lesfeesnaturelles.fr\/boutique\/wp-json\/wp\/v2\/product_brand?post=14373"},{"taxonomy":"product_cat","embeddable":true,"href":"https:\/\/lesfeesnaturelles.fr\/boutique\/wp-json\/wp\/v2\/product_cat?post=14373"},{"taxonomy":"product_tag","embeddable":true,"href":"https:\/\/lesfeesnaturelles.fr\/boutique\/wp-json\/wp\/v2\/product_tag?post=14373"}],"curies":[{"name":"wp","href":"https:\/\/api.w.org\/{rel}","templated":true}]}}