{"id":14483,"date":"2023-10-29T10:53:57","date_gmt":"2023-10-29T09:53:57","guid":{"rendered":"https:\/\/lesfeesnaturelles.fr\/boutique\/?post_type=product&#038;p=14483"},"modified":"2025-06-03T10:48:06","modified_gmt":"2025-06-03T08:48:06","slug":"selection-scarlett-zao-makeup","status":"publish","type":"product","link":"https:\/\/lesfeesnaturelles.fr\/boutique\/produit\/selection-scarlett-zao-makeup\/","title":{"rendered":"S\u00e9lection Scarlett &#8211; Zao Makeup"},"content":{"rendered":"","protected":false},"excerpt":{"rendered":"<p>La s\u00e9lection Scarlett est compos\u00e9e de \u00a0:<\/p>\n<p>1 Rouge \u00e0 l\u00e8vres Audacieux Rouge : Avec son fini mat ultra intense, notre Rouge \u00e0 l\u00e8vres Audacieux apporte une couvrance totale et confortable. Sa tenue longue dur\u00e9e et sa couleur ultra-pigment\u00e9e habilleront tous vos looks, qu\u2019ils soient simples ou sophistiqu\u00e9s !<\/p>\n<p>1 Mascara Alo\u00e9 Vera 090 Noir : La formule d\u00e9velopp\u00e9e pour le mascara aloe vera Zao Make-up et la forme sp\u00e9cifique de sa brosse poils permettent une application cils \u00e0 cils.<\/p>\n<p>1 Pochon cadeau au ruban rouge : Cet \u00e9l\u00e9gant pochon en tissu est l\u2019emballage parfait pour un cadeau z\u00e9ro d\u00e9chet ou \u00e0 r\u00e9utiliser dans sa salle de bain, dans son sac de voyage pour ranger vos affaire personnelles.<\/p>\n<p>&nbsp;<\/p>\n<p>&nbsp;<\/p>\n","protected":false},"featured_media":14484,"template":"","meta":{"_acf_changed":false},"product_brand":[],"product_cat":[15,26,78],"product_tag":[],"class_list":{"0":"post-14483","1":"product","2":"type-product","3":"status-publish","4":"has-post-thumbnail","6":"product_cat-cosmetiques-zao","7":"product_cat-les-yeux-zao","8":"product_cat-palettes-zao","10":"first","11":"instock","12":"shipping-taxable","13":"purchasable","14":"product-type-simple"},"acf":[],"_links":{"self":[{"href":"https:\/\/lesfeesnaturelles.fr\/boutique\/wp-json\/wp\/v2\/product\/14483","targetHints":{"allow":["GET"]}}],"collection":[{"href":"https:\/\/lesfeesnaturelles.fr\/boutique\/wp-json\/wp\/v2\/product"}],"about":[{"href":"https:\/\/lesfeesnaturelles.fr\/boutique\/wp-json\/wp\/v2\/types\/product"}],"wp:featuredmedia":[{"embeddable":true,"href":"https:\/\/lesfeesnaturelles.fr\/boutique\/wp-json\/wp\/v2\/media\/14484"}],"wp:attachment":[{"href":"https:\/\/lesfeesnaturelles.fr\/boutique\/wp-json\/wp\/v2\/media?parent=14483"}],"wp:term":[{"taxonomy":"product_brand","embeddable":true,"href":"https:\/\/lesfeesnaturelles.fr\/boutique\/wp-json\/wp\/v2\/product_brand?post=14483"},{"taxonomy":"product_cat","embeddable":true,"href":"https:\/\/lesfeesnaturelles.fr\/boutique\/wp-json\/wp\/v2\/product_cat?post=14483"},{"taxonomy":"product_tag","embeddable":true,"href":"https:\/\/lesfeesnaturelles.fr\/boutique\/wp-json\/wp\/v2\/product_tag?post=14483"}],"curies":[{"name":"wp","href":"https:\/\/api.w.org\/{rel}","templated":true}]}}