{"id":14489,"date":"2023-10-29T11:29:35","date_gmt":"2023-10-29T10:29:35","guid":{"rendered":"https:\/\/lesfeesnaturelles.fr\/boutique\/?post_type=product&#038;p=14489"},"modified":"2025-07-22T14:17:38","modified_gmt":"2025-07-22T12:17:38","slug":"coffret-beauty-addict-zao-makeup","status":"publish","type":"product","link":"https:\/\/lesfeesnaturelles.fr\/boutique\/produit\/coffret-beauty-addict-zao-makeup\/","title":{"rendered":"Coffret Beauty Addict &#8211; Zao Makeup"},"content":{"rendered":"","protected":false},"excerpt":{"rendered":"<p>Ce coffret beauty addict est compos\u00e9 de :<\/p>\n<p>1 Vernis \u00e0 ongles 650 Rouge Carmin : Ce vernis \u00e0 ongles bio-sourc\u00e9 n\u2019a rien \u00e0 envier aux produits conventionnels. En effet il s\u00e8che rapidement, a une tr\u00e8s bonne couvrance et une excellente tenue. Enfin, sa brillance apporte de l\u2019\u00e9clat et met vos ongles en valeur.<\/p>\n<p>1 Crayon multi &#8211; usages 551 noir : Enrichie en huiles v\u00e9g\u00e9tales bio, leur texture douce facilite l\u2019application, tout en permettant un trac\u00e9 de pr\u00e9cision.<\/p>\n<p>1 Lotion tonique \u00e9clat : Avec son parfum qui rappelle les fruits d\u2019\u00e9t\u00e9, cette lotion tonique \u00e9clat offre un shot d\u2019\u00e9clat et de fraicheur \u00e0 votre peau. Elle permet de parfaire le d\u00e9maquillage ou simplement, tonifier la peau. Elle est id\u00e9ale pour toutes les peaux, m\u00eame les plus sensibles.<\/p>\n<p>1 Bougie Mille &amp; une nuit : Senteur Fleur d&rsquo;oranger<\/p>\n<p>1 Pochon cadeau dor\u00e9.<\/p>\n<p>&nbsp;<\/p>\n","protected":false},"featured_media":14491,"template":"","meta":{"_acf_changed":false},"product_brand":[],"product_cat":[15,142,26,78,16],"product_tag":[],"class_list":{"0":"post-14489","1":"product","2":"type-product","3":"status-publish","4":"has-post-thumbnail","6":"product_cat-cosmetiques-zao","7":"product_cat-les-vernis-et-soins-mains-zao","8":"product_cat-les-yeux-zao","9":"product_cat-palettes-zao","10":"product_cat-soins-zao","12":"first","13":"instock","14":"shipping-taxable","15":"purchasable","16":"product-type-simple"},"acf":[],"_links":{"self":[{"href":"https:\/\/lesfeesnaturelles.fr\/boutique\/wp-json\/wp\/v2\/product\/14489","targetHints":{"allow":["GET"]}}],"collection":[{"href":"https:\/\/lesfeesnaturelles.fr\/boutique\/wp-json\/wp\/v2\/product"}],"about":[{"href":"https:\/\/lesfeesnaturelles.fr\/boutique\/wp-json\/wp\/v2\/types\/product"}],"wp:featuredmedia":[{"embeddable":true,"href":"https:\/\/lesfeesnaturelles.fr\/boutique\/wp-json\/wp\/v2\/media\/14491"}],"wp:attachment":[{"href":"https:\/\/lesfeesnaturelles.fr\/boutique\/wp-json\/wp\/v2\/media?parent=14489"}],"wp:term":[{"taxonomy":"product_brand","embeddable":true,"href":"https:\/\/lesfeesnaturelles.fr\/boutique\/wp-json\/wp\/v2\/product_brand?post=14489"},{"taxonomy":"product_cat","embeddable":true,"href":"https:\/\/lesfeesnaturelles.fr\/boutique\/wp-json\/wp\/v2\/product_cat?post=14489"},{"taxonomy":"product_tag","embeddable":true,"href":"https:\/\/lesfeesnaturelles.fr\/boutique\/wp-json\/wp\/v2\/product_tag?post=14489"}],"curies":[{"name":"wp","href":"https:\/\/api.w.org\/{rel}","templated":true}]}}