{"id":14708,"date":"2023-11-21T11:18:22","date_gmt":"2023-11-21T10:18:22","guid":{"rendered":"https:\/\/lesfeesnaturelles.fr\/boutique\/?post_type=product&#038;p=14708"},"modified":"2026-03-30T17:13:23","modified_gmt":"2026-03-30T15:13:23","slug":"onguent-de-jeunesse-peaux-seches-cinq-mondes-2","status":"publish","type":"product","link":"https:\/\/lesfeesnaturelles.fr\/boutique\/produit\/onguent-de-jeunesse-peaux-seches-cinq-mondes-2\/","title":{"rendered":"Onguent de Jeunesse &#8211; Peaux S\u00e8ches &#8211; Cinq Mondes"},"content":{"rendered":"<p>Cinq Mondes s\u2019est inspir\u00e9 de la pharmacop\u00e9e traditionnelle chinoise pour d\u00e9velopper les Onguent de Jeunesse\u00ae afin de restaurer l\u2019hydratation pour pr\u00e9venir les rides de d\u00e9shydratation et plus globalement, du vieillissement cutan\u00e9.<br \/>\nCet Onguent de Jeunesse\u00ae est LA solution sp\u00e9cialement formul\u00e9e pour les peaux s\u00e8ches, gr\u00e2ce \u00e0 une formule naturelle antioxydante et hydratante. Sa texture riche et onctueuse offre un v\u00e9ritable confort \u00e0 la peau, tout en diminuant les sensations de tiraillements.<br \/>\nLa peau est durablement hydrat\u00e9e et retrouve sa souplesse.<\/p>\n<p>Conseils d&rsquo;utilisation :<\/p>\n<p>Matin et soir, appliquez 1 \u00e0 2 pompes sur le visage et le cou, pr\u00e9alablement nettoy\u00e9s et s\u00e9ch\u00e9s. Massez du centre vers l&rsquo;ext\u00e9rieur du visage en r\u00e9alisant des mouvements circulaires, puis de la base du cou au menton. S&rsquo;utilise seul ou associ\u00e9 \u00e0 votre s\u00e9rum Cinq Mondes.<\/p>\n<p>Contenance : 50 ml<\/p>\n","protected":false},"excerpt":{"rendered":"<p>Cette cr\u00e8me apporte une nutrition optimale, apaise les peaux d\u00e9shydrat\u00e9es et diminue les premiers signes de l\u2019\u00e2ge. La peau est souple et repulp\u00e9e, les rides de d\u00e9shydratation sont att\u00e9nu\u00e9es. Sa texture riche et onctueuse enveloppe la peau d\u2019un voile r\u00e9confortant.<\/p>\n<p>&nbsp;<\/p>\n","protected":false},"featured_media":14709,"template":"","meta":{"_acf_changed":false},"product_brand":[],"product_cat":[166,152],"product_tag":[],"class_list":{"0":"post-14708","1":"product","2":"type-product","3":"status-publish","4":"has-post-thumbnail","6":"product_cat-cremes-et-baumes-visage","7":"product_cat-les-produits-cinq-mondes","9":"first","10":"outofstock","11":"shipping-taxable","12":"purchasable","13":"product-type-simple"},"acf":[],"_links":{"self":[{"href":"https:\/\/lesfeesnaturelles.fr\/boutique\/wp-json\/wp\/v2\/product\/14708","targetHints":{"allow":["GET"]}}],"collection":[{"href":"https:\/\/lesfeesnaturelles.fr\/boutique\/wp-json\/wp\/v2\/product"}],"about":[{"href":"https:\/\/lesfeesnaturelles.fr\/boutique\/wp-json\/wp\/v2\/types\/product"}],"wp:featuredmedia":[{"embeddable":true,"href":"https:\/\/lesfeesnaturelles.fr\/boutique\/wp-json\/wp\/v2\/media\/14709"}],"wp:attachment":[{"href":"https:\/\/lesfeesnaturelles.fr\/boutique\/wp-json\/wp\/v2\/media?parent=14708"}],"wp:term":[{"taxonomy":"product_brand","embeddable":true,"href":"https:\/\/lesfeesnaturelles.fr\/boutique\/wp-json\/wp\/v2\/product_brand?post=14708"},{"taxonomy":"product_cat","embeddable":true,"href":"https:\/\/lesfeesnaturelles.fr\/boutique\/wp-json\/wp\/v2\/product_cat?post=14708"},{"taxonomy":"product_tag","embeddable":true,"href":"https:\/\/lesfeesnaturelles.fr\/boutique\/wp-json\/wp\/v2\/product_tag?post=14708"}],"curies":[{"name":"wp","href":"https:\/\/api.w.org\/{rel}","templated":true}]}}