{"id":16,"date":"2017-12-28T21:36:23","date_gmt":"2017-12-28T20:36:23","guid":{"rendered":"http:\/\/lesfeesnaturelles.fr\/boutique\/?post_type=product&#038;p=16"},"modified":"2022-06-28T15:21:50","modified_gmt":"2022-06-28T13:21:50","slug":"eau-dissolvante-100-ml-zao-makeup","status":"publish","type":"product","link":"https:\/\/lesfeesnaturelles.fr\/boutique\/produit\/eau-dissolvante-100-ml-zao-makeup\/","title":{"rendered":"Eau Dissolvante  (100 ml) Zao MakeUp"},"content":{"rendered":"<p>Pour retirer le vernis \u00e0 ongles, il faut utiliser des ingr\u00e9dients ayant de bonnes propri\u00e9t\u00e9s de solvant. L&rsquo;ac\u00e9tone et ac\u00e9tate d&rsquo;\u00e9thyle sont les plus couramment utilis\u00e9s pour leur efficacit\u00e9 et leur prix attractif. Pourtant, ils ont bien connus pour leurs effets dess\u00e9chants sur la peau et les ongles. Tr\u00e8s volatiles, ils ont irritants pour les yeux et les voies respiratoires. Ce sont aussi des composants fortement inflammables. Voil\u00e0 pourquoi Zao a choisi de travailler sur un dissolvant doux et respectueux de l&rsquo;environnement.<\/p>\n<p>Conseil d&rsquo;utilisation : Le dissolvant s&rsquo;utilise en impr\u00e9gnant un coton de produit en en le laissant quelques secondes sur l&rsquo;ongle. Frotter l\u00e9g\u00e8rement le coton sur l&rsquo;ongle. Rincer ensuite les mains \u00e0 l&rsquo;eau. Ne pas exposer \u00e0 la chaleur.<\/p>\n<p>&nbsp;<\/p>\n<p><strong>CONTENANCE\u00a0: <\/strong>100 ml<\/p>\n<p><strong>RECHARGEABLE\u00a0: <\/strong>Non<\/p>\n<p><img decoding=\"async\" class=\"alignnone wp-image-30120 size-full\" src=\"https:\/\/zaomakeup.com\/wp-content\/uploads\/2018\/03\/certification-logo-d%C3%A9maquillant-e1521633804834.png\" alt=\"Ceci est une image repr\u00e9sentant les certifications et labels des produits Zao Make-Up.\" width=\"455\" height=\"105\" \/><\/p>\n","protected":false},"excerpt":{"rendered":"<p>L\u2019eau dissolvante Zao est formul\u00e9e <b>sans ac\u00e9tone et sans ac\u00e9tate d\u2019\u00e9thyle. <\/b>Sa formule <b>100% d\u2018origine naturelle et certifi\u00e9e bio, <\/b>est enrichie en\u00a0 <b>hydrolat de bambou bio <\/b>reconnu pour ses vertus <b>hydratante et r\u00e9g\u00e9n\u00e9rante. <\/b><strong>Elle \u00e9limine en douceur le vernis \u00e0 ongles<\/strong> sans dess\u00e9cher la peau, ni agresser les ongles.<\/p>\n<p>Une formule 100% d\u2019origine naturelle, certifi\u00e9e Bio et Vegan.<\/p>\n","protected":false},"featured_media":11289,"template":"","meta":{"_acf_changed":false},"product_brand":[],"product_cat":[15,142],"product_tag":[17,18],"class_list":{"0":"post-16","1":"product","2":"type-product","3":"status-publish","4":"has-post-thumbnail","6":"product_cat-cosmetiques-zao","7":"product_cat-les-vernis-et-soins-mains-zao","8":"product_tag-cosmetique-vegan-bio-zao","9":"product_tag-eau-dissolvante","11":"first","12":"instock","13":"purchasable","14":"product-type-simple"},"acf":[],"_links":{"self":[{"href":"https:\/\/lesfeesnaturelles.fr\/boutique\/wp-json\/wp\/v2\/product\/16","targetHints":{"allow":["GET"]}}],"collection":[{"href":"https:\/\/lesfeesnaturelles.fr\/boutique\/wp-json\/wp\/v2\/product"}],"about":[{"href":"https:\/\/lesfeesnaturelles.fr\/boutique\/wp-json\/wp\/v2\/types\/product"}],"wp:featuredmedia":[{"embeddable":true,"href":"https:\/\/lesfeesnaturelles.fr\/boutique\/wp-json\/wp\/v2\/media\/11289"}],"wp:attachment":[{"href":"https:\/\/lesfeesnaturelles.fr\/boutique\/wp-json\/wp\/v2\/media?parent=16"}],"wp:term":[{"taxonomy":"product_brand","embeddable":true,"href":"https:\/\/lesfeesnaturelles.fr\/boutique\/wp-json\/wp\/v2\/product_brand?post=16"},{"taxonomy":"product_cat","embeddable":true,"href":"https:\/\/lesfeesnaturelles.fr\/boutique\/wp-json\/wp\/v2\/product_cat?post=16"},{"taxonomy":"product_tag","embeddable":true,"href":"https:\/\/lesfeesnaturelles.fr\/boutique\/wp-json\/wp\/v2\/product_tag?post=16"}],"curies":[{"name":"wp","href":"https:\/\/api.w.org\/{rel}","templated":true}]}}