{"id":16739,"date":"2024-03-06T13:27:59","date_gmt":"2024-03-06T12:27:59","guid":{"rendered":"https:\/\/lesfeesnaturelles.fr\/boutique\/?post_type=product&#038;p=16739"},"modified":"2026-04-24T18:31:23","modified_gmt":"2026-04-24T16:31:23","slug":"creme-riche-hydratante-intuitive-skin-zao","status":"publish","type":"product","link":"https:\/\/lesfeesnaturelles.fr\/boutique\/produit\/creme-riche-hydratante-intuitive-skin-zao\/","title":{"rendered":"Cr\u00e8me riche hydratante &#8211; Intuitive Skin &#8211; Zao"},"content":{"rendered":"<div class=\"page\" title=\"Page 3\">\n<div class=\"section\">\n<div class=\"layoutArea\">\n<div class=\"column\">\n<p>TYPES DE PEAU : Peaux normales a\u0300 se\u0300ches, me\u0302me sensibles<\/p>\n<p>FRE\u0301QUENCE D\u2019UTILISATION : Matin et soir. Usage quotidien.<\/p>\n<p>CONSEILS D\u2019UTILISATION : Sur peau nettoye\u0301e et apre\u0300s votre se\u0301rum, appliquez une noisette de cre\u0300me sur l&rsquo;ensemble du visage et du cou. Pour le visage lissez de l&rsquo;inte\u0301rieur vers l&rsquo;exte\u0301rieur et pour le cou lissez du bas vers le haut.<\/p>\n<p>PARFUM : fleur de figuier et mandarine<\/p>\n<div class=\"page\" title=\"Page 3\">\n<div class=\"section\">\n<div class=\"layoutArea\">\n<div class=\"column\">\n<p>TEST D\u2019USAGE : 100% des femmes ont senti que leur peau e\u0301tait hydrate\u0301e<\/p>\n<div class=\"page\" title=\"Page 4\">\n<div class=\"section\">\n<div class=\"layoutArea\">\n<div class=\"column\">\n<p>INGRE\u0301DIENTS CLE\u0301S :<\/p>\n<p>Aloe\u0301 vera bio : Connu pour ses vertus adoucissantes et calmantes, l\u2019aloe\u0301 vera re\u0301pare et apaise les peaux les plus fragiles. Son PH est proche de celui de la peau (4,5), c&rsquo;est un excellent hydratant, il favorise son e\u0301lasticite\u0301 et pre\u0301vient du vieillissement cutane\u0301.<\/p>\n<p>Beurre de karite\u0301 bio : Le beurre de karite\u0301 est extrait des fruits du karite\u0301, arbre poussant uniquement a\u0300 l&rsquo;e\u0301tat sauvage dans les savanes arbore\u0301es de l&rsquo;Afrique de l&rsquo;Ouest. Sa composition en acide gras lui confe\u0300re des proprie\u0301te\u0301s hydratantes et nourrissantes.<\/p>\n<p>Eau florale de bambou bio : Apaisante et purifiante, l\u2019eau florale de bambou hydrate la peau en profondeur tout en matifiant les e\u0301ventuelles brillances. Sa richesse en silice organique laisse un voile doux et soyeux : la peau apaise\u0301e est aussi veloute\u0301e.<\/p>\n<div class=\"page\" title=\"Page 4\">\n<div class=\"section\">\n<div class=\"layoutArea\">\n<div class=\"column\">\n<div class=\"page\" title=\"Page 4\">\n<div class=\"section\">\n<div class=\"layoutArea\">\n<div class=\"column\">\n<p>INGRE\u0301DIENTS D&rsquo;ORIGINE NATURELLE : 100%<\/p>\n<p>CONTENANCE : 50 ml \/ 1.69 fl.oz. PAO : 12M<br \/>\nMADE IN : FRANCE<br \/>\nPACKAGING : Plastique 30% recycle\u0301<\/p>\n<\/div>\n<div class=\"column\">\n<p>INGRE\u0301DIENTS ISSUS DE L\u2019AGRICULTURE BIOLOGIQUE : 46%<\/p>\n<\/div>\n<\/div>\n<\/div>\n<\/div>\n<\/div>\n<\/div>\n<\/div>\n<\/div>\n<\/div>\n<\/div>\n<\/div>\n<\/div>\n<\/div>\n<\/div>\n<\/div>\n<\/div>\n<\/div>\n<\/div>\n<\/div>\n<\/div>\n","protected":false},"excerpt":{"rendered":"<div class=\"page\" title=\"Page 3\">\n<div class=\"section\">\n<div class=\"layoutArea\">\n<div class=\"column\">\n<p>Cette cr\u00e8me offre une exp\u00e9rience sensorielle unique, enveloppant votre peau d&rsquo;une texture douce et velout\u00e9e. Le beurre de karit\u00e9, riche en acides gras essentiels, p\u00e9n\u00e8tre en profondeur pour nourrir intens\u00e9ment, tandis que l&rsquo;aloe vera apaise et hydrate d\u00e9licatement. La peau retrouve douceur et confort.<\/p>\n<p>100% des femmes sentent leur peau hydrat\u00e9e apr\u00e8s l&rsquo;utilisation de notre Cr\u00e8me riche hydratante*.<br \/>\nCette cr\u00e8me ZAO est certifi\u00e9e bio, vegan, 100% d&rsquo;origine naturelle et made in France.<\/p>\n<p>&nbsp;<\/p>\n<\/div>\n<\/div>\n<\/div>\n<\/div>\n","protected":false},"featured_media":16777,"template":"","meta":{"_acf_changed":false},"product_brand":[],"product_cat":[15,16],"product_tag":[],"class_list":{"0":"post-16739","1":"product","2":"type-product","3":"status-publish","4":"has-post-thumbnail","6":"product_cat-cosmetiques-zao","7":"product_cat-soins-zao","9":"first","10":"instock","11":"shipping-taxable","12":"purchasable","13":"product-type-simple"},"acf":[],"_links":{"self":[{"href":"https:\/\/lesfeesnaturelles.fr\/boutique\/wp-json\/wp\/v2\/product\/16739","targetHints":{"allow":["GET"]}}],"collection":[{"href":"https:\/\/lesfeesnaturelles.fr\/boutique\/wp-json\/wp\/v2\/product"}],"about":[{"href":"https:\/\/lesfeesnaturelles.fr\/boutique\/wp-json\/wp\/v2\/types\/product"}],"wp:featuredmedia":[{"embeddable":true,"href":"https:\/\/lesfeesnaturelles.fr\/boutique\/wp-json\/wp\/v2\/media\/16777"}],"wp:attachment":[{"href":"https:\/\/lesfeesnaturelles.fr\/boutique\/wp-json\/wp\/v2\/media?parent=16739"}],"wp:term":[{"taxonomy":"product_brand","embeddable":true,"href":"https:\/\/lesfeesnaturelles.fr\/boutique\/wp-json\/wp\/v2\/product_brand?post=16739"},{"taxonomy":"product_cat","embeddable":true,"href":"https:\/\/lesfeesnaturelles.fr\/boutique\/wp-json\/wp\/v2\/product_cat?post=16739"},{"taxonomy":"product_tag","embeddable":true,"href":"https:\/\/lesfeesnaturelles.fr\/boutique\/wp-json\/wp\/v2\/product_tag?post=16739"}],"curies":[{"name":"wp","href":"https:\/\/api.w.org\/{rel}","templated":true}]}}