{"id":1692,"date":"2018-02-28T14:09:36","date_gmt":"2018-02-28T13:09:36","guid":{"rendered":"http:\/\/lesfeesnaturelles.fr\/boutique\/?post_type=product&#038;p=1692"},"modified":"2025-08-09T13:14:45","modified_gmt":"2025-08-09T11:14:45","slug":"mascara-aloe-vera-081-brun-fonce-zao-makeup","status":"publish","type":"product","link":"https:\/\/lesfeesnaturelles.fr\/boutique\/produit\/mascara-aloe-vera-081-brun-fonce-zao-makeup\/","title":{"rendered":"Mascara aloe vera  (091 brun fonc\u00e9) Zao MakeUp"},"content":{"rendered":"<p>La formule d\u00e9velopp\u00e9e pour le mascara volume &amp; gainant Zao permet d&rsquo;\u00e9paissir le cil en lui donnant davantage de volume pour densifier le regard. La forme sp\u00e9cifique de la brosse lui conf\u00e8re un effet \u00ab\u00a0gainant\u00a0\u00bb qui enveloppe le cil en le courbant. Sa formule 100 % naturelle permet une utilisation quotidienne, y compris pour celles dont les yeux sont sensibles. Travaillez d&rsquo;abord les cils sup\u00e9rieurs, en tenant la brosse horizontalement au plus pr\u00e8s de la racine puis remontez en effectuant un zigzag tout en regardant vers le bas. Bien insister sur la partie ext\u00e9rieure pour agrandir l&rsquo;\u0153il, au centre pour un regard plus ouvert. Veillez \u00e0 ouvrir votre mascara en une fois avec douceur ! \u00c9vitez les allers-retours pour r\u00e9cup\u00e9rer la mati\u00e8re sur la brosse. Si la brosse est trop charg\u00e9e, enlevez l\u2019exc\u00e8dent \u00e0 l\u2019aide d\u2019un mouchoir et surtout pas au bord du tube. Une fois le mascara appliqu\u00e9, il se peut que vous ayez quelques particules sur la peau. Laissez s\u00e9cher et \u00e0 l\u2019aide d\u2019un coton-tige d\u00e9collez les, doucement, sans frotter.<\/p>\n<p><img decoding=\"async\" src=\"https:\/\/zaomakeup.com\/wp-content\/uploads\/2018\/02\/zao-make-up-teintes-mascara-aloe-vera.png\" \/><\/p>\n","protected":false},"excerpt":{"rendered":"<p>Alli\u00e9 des beaux yeux qui p\u00e9tillent, c&rsquo;est son r\u00e9sultat imm\u00e9diat qui donne au mascara son pouvoir unique.<\/p>\n<p>R\u00e9v\u00e9lateur de beaut\u00e9 en un tour de main, il est \u00e0 la fois une arme de s\u00e9duction et un objet de fascination, attisant toutes les curiosit\u00e9s et toutes les convoitises.<\/p>\n<p>Il allonge, recourbe, \u00e9toffe et d\u00e9ploie les cils pour intensifier et agrandir le regard, exaltant sa luminosit\u00e9 en lui conf\u00e9rant une profondeur intense et infinie.<\/p>\n<p>&nbsp;<\/p>\n","protected":false},"featured_media":10958,"template":"","meta":{"_acf_changed":false},"product_brand":[],"product_cat":[15,26],"product_tag":[17,90],"class_list":{"0":"post-1692","1":"product","2":"type-product","3":"status-publish","4":"has-post-thumbnail","6":"product_cat-cosmetiques-zao","7":"product_cat-les-yeux-zao","8":"product_tag-cosmetique-vegan-bio-zao","9":"product_tag-mascara","11":"first","12":"instock","13":"purchasable","14":"product-type-variable"},"acf":[],"_links":{"self":[{"href":"https:\/\/lesfeesnaturelles.fr\/boutique\/wp-json\/wp\/v2\/product\/1692","targetHints":{"allow":["GET"]}}],"collection":[{"href":"https:\/\/lesfeesnaturelles.fr\/boutique\/wp-json\/wp\/v2\/product"}],"about":[{"href":"https:\/\/lesfeesnaturelles.fr\/boutique\/wp-json\/wp\/v2\/types\/product"}],"wp:featuredmedia":[{"embeddable":true,"href":"https:\/\/lesfeesnaturelles.fr\/boutique\/wp-json\/wp\/v2\/media\/10958"}],"wp:attachment":[{"href":"https:\/\/lesfeesnaturelles.fr\/boutique\/wp-json\/wp\/v2\/media?parent=1692"}],"wp:term":[{"taxonomy":"product_brand","embeddable":true,"href":"https:\/\/lesfeesnaturelles.fr\/boutique\/wp-json\/wp\/v2\/product_brand?post=1692"},{"taxonomy":"product_cat","embeddable":true,"href":"https:\/\/lesfeesnaturelles.fr\/boutique\/wp-json\/wp\/v2\/product_cat?post=1692"},{"taxonomy":"product_tag","embeddable":true,"href":"https:\/\/lesfeesnaturelles.fr\/boutique\/wp-json\/wp\/v2\/product_tag?post=1692"}],"curies":[{"name":"wp","href":"https:\/\/api.w.org\/{rel}","templated":true}]}}