{"id":17366,"date":"2024-04-25T11:32:23","date_gmt":"2024-04-25T09:32:23","guid":{"rendered":"https:\/\/lesfeesnaturelles.fr\/boutique\/?post_type=product&#038;p=17366"},"modified":"2025-11-12T21:15:31","modified_gmt":"2025-11-12T20:15:31","slug":"baume-color-repulp-zao-makeup","status":"publish","type":"product","link":"https:\/\/lesfeesnaturelles.fr\/boutique\/produit\/baume-color-repulp-zao-makeup\/","title":{"rendered":"Baume Color &#038; Repulp Zao Makeup"},"content":{"rendered":"<p>Conseils d&rsquo;utilisation :<\/p>\n<p>Le baume \u00e0 l\u00e8vres Color &amp; Repulp peut \u00eatre appliqu\u00e9 directement sur les l\u00e8vres ou \u00e0 l\u2019aide du Pinceau l\u00e8vres 708. Avec sa l\u00e9g\u00e8re teinte il suffira \u00e0 redonner une brillance naturelle \u00e0 vos l\u00e8vres tout en les prot\u00e9geant du froid et de la s\u00e9cheresse.<\/p>\n<p>Ingr\u00e9dients :<\/p>\n<p><b>Extrait d&rsquo;Argan<\/b><br \/>\nEn plus de ses propri\u00e9t\u00e9s nourrissantes, antioxydantes et r\u00e9g\u00e9n\u00e9rantes, cet actif pr\u00e9sent dans l\u2019argassential est le secret qui permet de repulper vos l\u00e8vres en boostant votre collag\u00e8ne naturel.<\/p>\n<p><b>Extrait de menthe poivr\u00e9e<\/b><br \/>\nLa menthe poivr\u00e9e a des propri\u00e9t\u00e9s apaisantes et anti-inflammatoires et aide \u00e0 soulager les l\u00e8vres gerc\u00e9es ou irrit\u00e9es. En plus, ses propri\u00e9t\u00e9s antibact\u00e9riennes contribuent \u00e0 garder des l\u00e8vres parfaites.<\/p>\n<p><b>Huile de ricin<\/b><br \/>\nSon acide gras, l\u2019acide ricinol\u00e9ique fait de cette huile un soin de beaut\u00e9 aux vertus \u00e9tonnantes. Connue depuis l\u2019Antiquit\u00e9, elle soulage les affections de la peau par son action adoucissante, purifiante et cicatrisante.<\/p>\n<p>&nbsp;<\/p>\n<p><b>MADE IN :<\/b> Italie\u00a0<b>POIDS NET :<\/b> 3.5 gr \/ 0.12 oz.\u00a0<b>PAO<\/b>(p\u00e9riode apr\u00e8s ouverture): 12 mois\u00a0<b>RECHARGEABLE:<\/b> Oui<\/p>\n<p>&nbsp;<\/p>\n<p><img decoding=\"async\" class=\"img-fluid lazypreload ls-is-cached lazyloaded\" src=\"https:\/\/d2fbcuj4bufmni.cloudfront.net\/zao_labels\/logo-spec-bio_cosmos_organic.png\" alt=\"Cosmebio cosmos\" width=\"56\" height=\"56\" \/> <img decoding=\"async\" class=\"img-fluid lazypreload ls-is-cached lazyloaded\" src=\"https:\/\/d2fbcuj4bufmni.cloudfront.net\/zao_labels\/logo-spec-natural.png\" alt=\"100% natural\" width=\"56\" height=\"56\" \/> <img decoding=\"async\" class=\"img-fluid lazypreload ls-is-cached lazyloaded\" src=\"https:\/\/d2fbcuj4bufmni.cloudfront.net\/zao_labels\/logo-spec-peta.png\" alt=\"Peta\" width=\"56\" height=\"56\" \/><img decoding=\"async\" class=\"img-fluid lazypreload ls-is-cached lazyloaded\" src=\"https:\/\/d2fbcuj4bufmni.cloudfront.net\/zao_labels\/logo-spec-slow-cosmetic.png\" alt=\"Slow cosm\u00e9tique\" width=\"56\" height=\"56\" \/><img decoding=\"async\" class=\"img-fluid lazypreload ls-is-cached lazyloaded\" src=\"https:\/\/d2fbcuj4bufmni.cloudfront.net\/zao_labels\/logo-spec-refillable.png\" alt=\"Rechargeable\" width=\"56\" height=\"56\" \/><\/p>\n<p>&nbsp;<\/p>\n","protected":false},"excerpt":{"rendered":"<p>Mettez en valeur la beaut\u00e9 naturelle de vos l\u00e8vres avec nos Baumes certifi\u00e9s bio, vegan et 100% naturels.<\/p>\n<p>Nous vous proposons des teintes aux pigments v\u00e9g\u00e9taux, enrichies en ingr\u00e9dients bio, pour une hydratation intense. La touche de couleur d\u00e9licate de ces baumes accompagn\u00e9e de l\u2019effet repulpant de l\u2019Argassential permettent de rehausser naturellement la beaut\u00e9 de vos l\u00e8vres.<\/p>\n<p>En 28 jours le collag\u00e8ne naturel de vos l\u00e8vres sera reboost\u00e9, vos l\u00e8vres auront gagn\u00e9 en moyenne 8 % de volume en plus.<\/p>\n<p>Petit + : nous avons ajout\u00e9 une touche de menthe poivr\u00e9e \u00e0 notre formule pour laisser une sensation de fra\u00eecheur sur vos l\u00e8vres et contribuer \u00e0 l\u2019aspect repulp\u00e9 de celles-ci.<\/p>\n","protected":false},"featured_media":17435,"template":"","meta":{"_acf_changed":false},"product_brand":[],"product_cat":[15,28],"product_tag":[],"class_list":{"0":"post-17366","1":"product","2":"type-product","3":"status-publish","4":"has-post-thumbnail","6":"product_cat-cosmetiques-zao","7":"product_cat-les-levres-zao","9":"first","10":"outofstock","11":"shipping-taxable","12":"purchasable","13":"product-type-variable"},"acf":[],"_links":{"self":[{"href":"https:\/\/lesfeesnaturelles.fr\/boutique\/wp-json\/wp\/v2\/product\/17366","targetHints":{"allow":["GET"]}}],"collection":[{"href":"https:\/\/lesfeesnaturelles.fr\/boutique\/wp-json\/wp\/v2\/product"}],"about":[{"href":"https:\/\/lesfeesnaturelles.fr\/boutique\/wp-json\/wp\/v2\/types\/product"}],"wp:featuredmedia":[{"embeddable":true,"href":"https:\/\/lesfeesnaturelles.fr\/boutique\/wp-json\/wp\/v2\/media\/17435"}],"wp:attachment":[{"href":"https:\/\/lesfeesnaturelles.fr\/boutique\/wp-json\/wp\/v2\/media?parent=17366"}],"wp:term":[{"taxonomy":"product_brand","embeddable":true,"href":"https:\/\/lesfeesnaturelles.fr\/boutique\/wp-json\/wp\/v2\/product_brand?post=17366"},{"taxonomy":"product_cat","embeddable":true,"href":"https:\/\/lesfeesnaturelles.fr\/boutique\/wp-json\/wp\/v2\/product_cat?post=17366"},{"taxonomy":"product_tag","embeddable":true,"href":"https:\/\/lesfeesnaturelles.fr\/boutique\/wp-json\/wp\/v2\/product_tag?post=17366"}],"curies":[{"name":"wp","href":"https:\/\/api.w.org\/{rel}","templated":true}]}}