{"id":18368,"date":"2024-06-21T11:20:21","date_gmt":"2024-06-21T09:20:21","guid":{"rendered":"https:\/\/lesfeesnaturelles.fr\/boutique\/?post_type=product&#038;p=18368"},"modified":"2025-12-09T23:16:14","modified_gmt":"2025-12-09T22:16:14","slug":"huile-aromatique-gelifiee-cinq-mondes","status":"publish","type":"product","link":"https:\/\/lesfeesnaturelles.fr\/boutique\/produit\/huile-aromatique-gelifiee-cinq-mondes\/","title":{"rendered":"Huile Aromatique G\u00e9lifi\u00e9e &#8211; Cinq Mondes"},"content":{"rendered":"<p>L\u2019Huile G\u00e9lifi\u00e9e Aromatique est formul\u00e9 sur la base d\u2019un trio v\u00e9g\u00e9tal et \u00e0 trois effets principaux :<\/p>\n<p>&#8211; D\u00e9lasse et apaise les tensions<br \/>\nLe combo ancestral d\u2019extrait d\u2019huile de Ben, d\u2019extrait de Mythe et d\u2019extrait d\u2019Iris, entretient la souplesse, rafra\u00eechit, apaise et d\u00e9lasse les tensions.<\/p>\n<p>&#8211; Hydrate intens\u00e9ment<br \/>\nEntrant dans la composition de l\u2019Huile G\u00e9lifi\u00e9e Aromatique, la Figue, particuli\u00e8rement riche en sucres libres, oses acides et acide malique, permet de r\u00e9guler la perte en eau du corps et assure une excellente hydratation pendant et apr\u00e8s le soin.<\/p>\n<p>&#8211; Sensation de bien-\u00eatre<br \/>\nL\u2019action chauffante du soin procure une sensation de bien-\u00eatre qui participe \u00e0 la relaxation compl\u00e8te du corps et de l\u2019esprit.<\/p>\n<p>Au c\u0153ur de la cit\u00e9 de Sparte, la senteur bois\u00e9e du c\u00e8dre souligne les notes vivifiantes de la menthe poivr\u00e9e et d\u00e9licate du lavandin.<\/p>\n<p>Conseil d&rsquo;utilisation : Une double application :<br \/>\nPost-Sportifs : appliquer en massage ample et profond au niveau des zones sollicit\u00e9es (jambes, bras, dos).<br \/>\nPost-Tensions : appliquer en massage ample et profond au niveau des zones sujettes aux tensions musculaires.<\/p>\n<p>&nbsp;<\/p>\n<p>&nbsp;<\/p>\n<p>&nbsp;<\/p>\n","protected":false},"excerpt":{"rendered":"<p>V\u00e9ritable soin d\u00e9lassant, ce gel-en-huile aide \u00e0 rel\u00e2cher les tensions et apaiser le corps en douceur. Id\u00e9al apr\u00e8s l&rsquo;effort, il procure une sensation de d\u00e9contraction et de bien-\u00eatre imm\u00e9diat pour une r\u00e9cup\u00e9ration sportive optimale.<\/p>\n<p>TYPE DE PEAU : Tous types de peaux<\/p>\n","protected":false},"featured_media":18369,"template":"","meta":{"_acf_changed":false},"product_brand":[],"product_cat":[169,152],"product_tag":[],"class_list":{"0":"post-18368","1":"product","2":"type-product","3":"status-publish","4":"has-post-thumbnail","6":"product_cat-hydratants-corps","7":"product_cat-les-produits-cinq-mondes","9":"first","10":"instock","11":"shipping-taxable","12":"purchasable","13":"product-type-simple"},"exclude_global_add_ons":[],"addons":[],"acf":[],"_links":{"self":[{"href":"https:\/\/lesfeesnaturelles.fr\/boutique\/wp-json\/wp\/v2\/product\/18368","targetHints":{"allow":["GET"]}}],"collection":[{"href":"https:\/\/lesfeesnaturelles.fr\/boutique\/wp-json\/wp\/v2\/product"}],"about":[{"href":"https:\/\/lesfeesnaturelles.fr\/boutique\/wp-json\/wp\/v2\/types\/product"}],"wp:featuredmedia":[{"embeddable":true,"href":"https:\/\/lesfeesnaturelles.fr\/boutique\/wp-json\/wp\/v2\/media\/18369"}],"wp:attachment":[{"href":"https:\/\/lesfeesnaturelles.fr\/boutique\/wp-json\/wp\/v2\/media?parent=18368"}],"wp:term":[{"taxonomy":"product_brand","embeddable":true,"href":"https:\/\/lesfeesnaturelles.fr\/boutique\/wp-json\/wp\/v2\/product_brand?post=18368"},{"taxonomy":"product_cat","embeddable":true,"href":"https:\/\/lesfeesnaturelles.fr\/boutique\/wp-json\/wp\/v2\/product_cat?post=18368"},{"taxonomy":"product_tag","embeddable":true,"href":"https:\/\/lesfeesnaturelles.fr\/boutique\/wp-json\/wp\/v2\/product_tag?post=18368"}],"curies":[{"name":"wp","href":"https:\/\/api.w.org\/{rel}","templated":true}]}}