{"id":19209,"date":"2024-08-23T11:29:37","date_gmt":"2024-08-23T09:29:37","guid":{"rendered":"https:\/\/lesfeesnaturelles.fr\/boutique\/?post_type=product&#038;p=19209"},"modified":"2026-02-18T20:32:04","modified_gmt":"2026-02-18T19:32:04","slug":"serum-riche-de-jeunesse-cinq-mondes","status":"publish","type":"product","link":"https:\/\/lesfeesnaturelles.fr\/boutique\/produit\/serum-riche-de-jeunesse-cinq-mondes\/","title":{"rendered":"S\u00e9rum riche de jeunesse &#8211; Cinq Mondes"},"content":{"rendered":"<p>Le S\u00e9rum Riche de Jeunesse est LA solution sp\u00e9cialement formul\u00e9e pour une correction multi-rides globale (visage, cou et d\u00e9collet\u00e9), gr\u00e2ce \u00e0 une formule naturelle antioxydante et hydratante. Sa texture riche et velout\u00e9e offre un v\u00e9ritable confort, tout en liftant et lissant la peau.<\/p>\n<p>Le d\u00e9collet\u00e9 est d\u00e9froiss\u00e9 et les rides sont lift\u00e9es d\u00e8s la premi\u00e8re application et le galbe du visage est raffermi, la peau est visiblement repulp\u00e9e au fil des utilisations.<br \/>\nPour une correction multi-rides compl\u00e8te, ajoutez \u00e0 votre routine la Cr\u00e8me Riche de Jeunesse pour hydrater et repulper la peau en profondeur.<\/p>\n<p>Notre gamme Riche de jeunesse est fabriqu\u00e9e \u00e0 100% en Europe avec des flacons en verre et un bouchage en h\u00eatre. Les \u00e9tuis de la gamme sont certifi\u00e9s FSC.<\/p>\n<p>30 ml.<\/p>\n","protected":false},"excerpt":{"rendered":"<p>Ce s\u00e9rum correcteur multi-rides (visage, cou et d\u00e9collet\u00e9) agit efficacement contre les signes de l\u2019\u00e2ge. Effet liftant en une semaine. Les rides du visage sont liss\u00e9es, celles du cou et du d\u00e9collet\u00e9 sont att\u00e9nu\u00e9es. La peau para\u00eet visiblement plus jeune. Contient 98% d\u2019ingr\u00e9dients d\u2019origine naturelle.<\/p>\n<p>TYPE DE PEAU : Tous types de peaux<\/p>\n<p>PR\u00c9OCCUPATIONS : Perte de fermet\u00e9<\/p>\n","protected":false},"featured_media":19213,"template":"","meta":{"_acf_changed":false},"product_brand":[],"product_cat":[152,165],"product_tag":[],"class_list":{"0":"post-19209","1":"product","2":"type-product","3":"status-publish","4":"has-post-thumbnail","6":"product_cat-les-produits-cinq-mondes","7":"product_cat-serums-et-boosters-visage","9":"first","10":"outofstock","11":"shipping-taxable","12":"purchasable","13":"product-type-simple"},"acf":[],"_links":{"self":[{"href":"https:\/\/lesfeesnaturelles.fr\/boutique\/wp-json\/wp\/v2\/product\/19209","targetHints":{"allow":["GET"]}}],"collection":[{"href":"https:\/\/lesfeesnaturelles.fr\/boutique\/wp-json\/wp\/v2\/product"}],"about":[{"href":"https:\/\/lesfeesnaturelles.fr\/boutique\/wp-json\/wp\/v2\/types\/product"}],"wp:featuredmedia":[{"embeddable":true,"href":"https:\/\/lesfeesnaturelles.fr\/boutique\/wp-json\/wp\/v2\/media\/19213"}],"wp:attachment":[{"href":"https:\/\/lesfeesnaturelles.fr\/boutique\/wp-json\/wp\/v2\/media?parent=19209"}],"wp:term":[{"taxonomy":"product_brand","embeddable":true,"href":"https:\/\/lesfeesnaturelles.fr\/boutique\/wp-json\/wp\/v2\/product_brand?post=19209"},{"taxonomy":"product_cat","embeddable":true,"href":"https:\/\/lesfeesnaturelles.fr\/boutique\/wp-json\/wp\/v2\/product_cat?post=19209"},{"taxonomy":"product_tag","embeddable":true,"href":"https:\/\/lesfeesnaturelles.fr\/boutique\/wp-json\/wp\/v2\/product_tag?post=19209"}],"curies":[{"name":"wp","href":"https:\/\/api.w.org\/{rel}","templated":true}]}}