{"id":19652,"date":"2024-10-18T10:52:44","date_gmt":"2024-10-18T08:52:44","guid":{"rendered":"https:\/\/lesfeesnaturelles.fr\/boutique\/?post_type=product&#038;p=19652"},"modified":"2026-03-01T19:38:35","modified_gmt":"2026-03-01T18:38:35","slug":"trousse-routine-corps-cinq-mondes","status":"publish","type":"product","link":"https:\/\/lesfeesnaturelles.fr\/boutique\/produit\/trousse-routine-corps-cinq-mondes\/","title":{"rendered":"Trousse routine corps &#8211; Cinq Mondes"},"content":{"rendered":"<h4><strong>Contenu de la Trousse :<\/strong><\/h4>\n<ul>\n<li><strong>Pur\u00e9e de Papaye (150ml)<\/strong> : Un exfoliant corporel doux \u00e0 base d&rsquo;enzymes naturelles de papaye, qui \u00e9limine les cellules mortes et lisse la peau pour un toucher velout\u00e9 et un \u00e9clat instantan\u00e9.<\/li>\n<li><strong>Cr\u00e8me Mains d\u2019Ange (75ml)<\/strong> : Une cr\u00e8me pour les mains riche et hydratante, formul\u00e9e pour nourrir et prot\u00e9ger la peau tout en laissant un voile de douceur soyeuse. Id\u00e9ale pour contrer les effets du froid sur les mains.<\/li>\n<li><strong>Eau Fra\u00eeche \u00c9gyptienne (25ml)<\/strong> : Une brume rafra\u00eechissante aux notes envo\u00fbtantes inspir\u00e9e des rituels de beaut\u00e9 de l&rsquo;\u00c9gypte ancienne. Laissez-vous emporter par son parfum d\u00e9licat tout en hydratant subtilement votre peau.<\/li>\n<\/ul>\n","protected":false},"excerpt":{"rendered":"<p>Cette trousse \u00e9l\u00e9gante et pratique Cinq Mondes est le cadeau id\u00e9al pour prendre soin de son corps pendant la saison hivernale. D\u00e9couvrez une s\u00e9lection de soins corps iconiques aux textures riches et aux parfums envo\u00fbtants, pour hydrater, nourrir et sublimer la peau.<\/p>\n<p>\ud83c\udf84 <strong>Le cadeau parfait pour se dorloter ou offrir un moment de bien-\u00eatre sensoriel !<\/strong> \ud83c\udf84<\/p>\n","protected":false},"featured_media":19668,"template":"","meta":{"_acf_changed":false},"product_brand":[],"product_cat":[194,170,167,152,168],"product_tag":[],"class_list":{"0":"post-19652","1":"product","2":"type-product","3":"status-publish","4":"has-post-thumbnail","6":"product_cat-coffrets-cinq-mondes","7":"product_cat-cremes-des-mains-et-des-pieds","8":"product_cat-gommages-et-exfoliants-corps","9":"product_cat-les-produits-cinq-mondes","10":"product_cat-nettoyants-corps-et-cheveux","12":"first","13":"instock","14":"sale","15":"shipping-taxable","16":"purchasable","17":"product-type-simple"},"exclude_global_add_ons":[],"addons":[],"acf":[],"_links":{"self":[{"href":"https:\/\/lesfeesnaturelles.fr\/boutique\/wp-json\/wp\/v2\/product\/19652","targetHints":{"allow":["GET"]}}],"collection":[{"href":"https:\/\/lesfeesnaturelles.fr\/boutique\/wp-json\/wp\/v2\/product"}],"about":[{"href":"https:\/\/lesfeesnaturelles.fr\/boutique\/wp-json\/wp\/v2\/types\/product"}],"wp:featuredmedia":[{"embeddable":true,"href":"https:\/\/lesfeesnaturelles.fr\/boutique\/wp-json\/wp\/v2\/media\/19668"}],"wp:attachment":[{"href":"https:\/\/lesfeesnaturelles.fr\/boutique\/wp-json\/wp\/v2\/media?parent=19652"}],"wp:term":[{"taxonomy":"product_brand","embeddable":true,"href":"https:\/\/lesfeesnaturelles.fr\/boutique\/wp-json\/wp\/v2\/product_brand?post=19652"},{"taxonomy":"product_cat","embeddable":true,"href":"https:\/\/lesfeesnaturelles.fr\/boutique\/wp-json\/wp\/v2\/product_cat?post=19652"},{"taxonomy":"product_tag","embeddable":true,"href":"https:\/\/lesfeesnaturelles.fr\/boutique\/wp-json\/wp\/v2\/product_tag?post=19652"}],"curies":[{"name":"wp","href":"https:\/\/api.w.org\/{rel}","templated":true}]}}