{"id":20516,"date":"2025-04-26T15:50:43","date_gmt":"2025-04-26T13:50:43","guid":{"rendered":"https:\/\/lesfeesnaturelles.fr\/boutique\/?post_type=product&#038;p=20516"},"modified":"2026-02-23T11:31:03","modified_gmt":"2026-02-23T10:31:03","slug":"trousse-voyage-peau-seche-cinq-mondes","status":"publish","type":"product","link":"https:\/\/lesfeesnaturelles.fr\/boutique\/produit\/trousse-voyage-peau-seche-cinq-mondes\/","title":{"rendered":"Trousse voyage &#8211; Peau S\u00e8che &#8211; Cinq Mondes"},"content":{"rendered":"","protected":false},"excerpt":{"rendered":"<p>*Edition limit\u00e9e*<\/p>\n<p>La Trousse id\u00e9ale pour les week-ends prolong\u00e9s et les vacances d&rsquo;\u00e9t\u00e9 est arriv\u00e9e ! Emportez partout votre routine de best-sellers visage sp\u00e9cial peaux s\u00e8che dans une sublime trousse \u00a0irr\u00e9sistible.<\/p>\n<p>Eau Micellaire Aux 5 Fleurs\u00ae (Visage) 25mL : Une eau micellaire aux fleurs tropicales de Bali certifi\u00e9e bio qui nettoie visage, yeux et d\u00e9collet\u00e9. D\u00e9maquille et tonifie en un seul geste<\/p>\n<p class=\"product-title product_title entry-title\">Masque hydratation intense aux 7 plantes chinoises 20mL : Un shot d\u2019hydratation instantan\u00e9e adapt\u00e9 \u00e0 toutes les peaux, dont les plus assoiff\u00e9es.<\/p>\n<p>P\u00e2te de fleurs 20mL: Une texture baume fondante qui d\u00e9maquille \u00e0 l\u2019eau et laisse la peau fra\u00eeche et confortable. Id\u00e9ale pour les peaux normales \u00e0 s\u00e8ches.<\/p>\n<p>Cr\u00e8me Confort Intense\u00ae (Visage) 20mL : Une cr\u00e8me SOS nourrissante et r\u00e9paratrice pour les peaux s\u00e8ches et ab\u00eem\u00e9es.<\/p>\n<p>Inclus: \u00a0Pochette motif al\u00e9atoire.<\/p>\n<p>&nbsp;<\/p>\n<p>&nbsp;<\/p>\n","protected":false},"featured_media":20512,"template":"","meta":{"_acf_changed":false},"product_brand":[],"product_cat":[194,166,162,191,152,164],"product_tag":[],"class_list":{"0":"post-20516","1":"product","2":"type-product","3":"status-publish","4":"has-post-thumbnail","6":"product_cat-coffrets-cinq-mondes","7":"product_cat-cremes-et-baumes-visage","8":"product_cat-demaquillants-et-lotions-cinq-mondes","9":"product_cat-formats-voyage","10":"product_cat-les-produits-cinq-mondes","11":"product_cat-masques-visage","13":"first","14":"outofstock","15":"shipping-taxable","16":"purchasable","17":"product-type-simple"},"acf":[],"_links":{"self":[{"href":"https:\/\/lesfeesnaturelles.fr\/boutique\/wp-json\/wp\/v2\/product\/20516","targetHints":{"allow":["GET"]}}],"collection":[{"href":"https:\/\/lesfeesnaturelles.fr\/boutique\/wp-json\/wp\/v2\/product"}],"about":[{"href":"https:\/\/lesfeesnaturelles.fr\/boutique\/wp-json\/wp\/v2\/types\/product"}],"wp:featuredmedia":[{"embeddable":true,"href":"https:\/\/lesfeesnaturelles.fr\/boutique\/wp-json\/wp\/v2\/media\/20512"}],"wp:attachment":[{"href":"https:\/\/lesfeesnaturelles.fr\/boutique\/wp-json\/wp\/v2\/media?parent=20516"}],"wp:term":[{"taxonomy":"product_brand","embeddable":true,"href":"https:\/\/lesfeesnaturelles.fr\/boutique\/wp-json\/wp\/v2\/product_brand?post=20516"},{"taxonomy":"product_cat","embeddable":true,"href":"https:\/\/lesfeesnaturelles.fr\/boutique\/wp-json\/wp\/v2\/product_cat?post=20516"},{"taxonomy":"product_tag","embeddable":true,"href":"https:\/\/lesfeesnaturelles.fr\/boutique\/wp-json\/wp\/v2\/product_tag?post=20516"}],"curies":[{"name":"wp","href":"https:\/\/api.w.org\/{rel}","templated":true}]}}