{"id":20527,"date":"2025-05-08T12:28:39","date_gmt":"2025-05-08T10:28:39","guid":{"rendered":"https:\/\/lesfeesnaturelles.fr\/boutique\/?post_type=product&#038;p=20527"},"modified":"2026-02-23T11:31:03","modified_gmt":"2026-02-23T10:31:03","slug":"vanity-hydratation-jeunesse-cinq-mondes","status":"publish","type":"product","link":"https:\/\/lesfeesnaturelles.fr\/boutique\/produit\/vanity-hydratation-jeunesse-cinq-mondes\/","title":{"rendered":"Vanity Hydratation &#038; Jeunesse &#8211; Cinq Mondes"},"content":{"rendered":"<p>D\u00e9couvrez nos produits iconiques en format voyage et full size dans notre Vanity sign\u00e9 Cinq Mondes. Votre vanity se compose :<\/p>\n<p>&gt; Eau Micellaire Aux 5 Fleurs\u00ae (Visage) 25mL : Une eau micellaire aux fleurs tropicales de Bali certifi\u00e9e bio qui nettoie visage, yeux et d\u00e9collet\u00e9. D\u00e9maquille et tonifie en un seul geste.<\/p>\n<p>&gt; Essence [Pr\u00e9+Pro]biotique\u00ae (Visage) 25mL : Le S\u00e9rum-en-Eau qui gorge la peau d\u2019hydratation et pr\u00e9vient le vieillissement pr\u00e9matur\u00e9.<\/p>\n<p>&gt; Masque Hydratation Intense (Visage) 60mL : Un shot d\u2019hydratation instantan\u00e9e adapt\u00e9 \u00e0 toutes les peaux, dont les plus assoiff\u00e9es.<\/p>\n<p>&gt; Onguent de Jeunesse Peaux S\u00e8ches (Visage) 50mL : Cette cr\u00e8me apporte une nutrition optimale, apaise les peaux d\u00e9shydrat\u00e9es et diminue les premiers signes de l\u2019\u00e2ge.<\/p>\n","protected":false},"excerpt":{"rendered":"<div class=\"product-desc\">\n<div class=\"cms-content cms-view-more-content cms-collapsed\">\n<div class=\"product attribute overview\">\n<div class=\"value\">Une exp\u00e9rience immersive unique \u00e0 travers diff\u00e9rents produits, o\u00f9 sensorialit\u00e9 et efficacit\u00e9 promettent une beaut\u00e9 holistique.<br \/>\nCinq Mondes a imagin\u00e9 pour vous un vanity avec les quatre essentiels \u00e0 emporter facilement !<\/div>\n<div><\/div>\n<div class=\"value\">Cette trousse contient : Une Eau Micellaire aux 5 Fleurs\u00ae 25mL, une Essence [Pr\u00e9+Pro]biotique\u00ae 25mL, un Masque Hydratation Intense 60mL et un Onguent de Jeunesse Peaux S\u00e8ches 50mL.Valeur 192\u20ac<\/p>\n<\/div>\n<\/div>\n<\/div>\n<\/div>\n<div class=\"attribut-list skin-type\">\n<div class=\"label\">TYPE DE PEAU : <span style=\"font-size: 14.4px;\">Tous types de peaux<\/span><\/div>\n<\/div>\n","protected":false},"featured_media":20528,"template":"","meta":{"_acf_changed":false},"product_brand":[],"product_cat":[194,166,162,191,152,164],"product_tag":[],"class_list":{"0":"post-20527","1":"product","2":"type-product","3":"status-publish","4":"has-post-thumbnail","6":"product_cat-coffrets-cinq-mondes","7":"product_cat-cremes-et-baumes-visage","8":"product_cat-demaquillants-et-lotions-cinq-mondes","9":"product_cat-formats-voyage","10":"product_cat-les-produits-cinq-mondes","11":"product_cat-masques-visage","13":"first","14":"outofstock","15":"sale","16":"shipping-taxable","17":"purchasable","18":"product-type-simple"},"acf":[],"_links":{"self":[{"href":"https:\/\/lesfeesnaturelles.fr\/boutique\/wp-json\/wp\/v2\/product\/20527","targetHints":{"allow":["GET"]}}],"collection":[{"href":"https:\/\/lesfeesnaturelles.fr\/boutique\/wp-json\/wp\/v2\/product"}],"about":[{"href":"https:\/\/lesfeesnaturelles.fr\/boutique\/wp-json\/wp\/v2\/types\/product"}],"wp:featuredmedia":[{"embeddable":true,"href":"https:\/\/lesfeesnaturelles.fr\/boutique\/wp-json\/wp\/v2\/media\/20528"}],"wp:attachment":[{"href":"https:\/\/lesfeesnaturelles.fr\/boutique\/wp-json\/wp\/v2\/media?parent=20527"}],"wp:term":[{"taxonomy":"product_brand","embeddable":true,"href":"https:\/\/lesfeesnaturelles.fr\/boutique\/wp-json\/wp\/v2\/product_brand?post=20527"},{"taxonomy":"product_cat","embeddable":true,"href":"https:\/\/lesfeesnaturelles.fr\/boutique\/wp-json\/wp\/v2\/product_cat?post=20527"},{"taxonomy":"product_tag","embeddable":true,"href":"https:\/\/lesfeesnaturelles.fr\/boutique\/wp-json\/wp\/v2\/product_tag?post=20527"}],"curies":[{"name":"wp","href":"https:\/\/api.w.org\/{rel}","templated":true}]}}