{"id":4616,"date":"2018-06-06T11:32:35","date_gmt":"2018-06-06T09:32:35","guid":{"rendered":"http:\/\/lesfeesnaturelles.fr\/boutique\/?post_type=product&#038;p=4616"},"modified":"2025-07-23T16:06:28","modified_gmt":"2025-07-23T14:06:28","slug":"eyeliner-pinceau-rechargeable-zao-makeup","status":"publish","type":"product","link":"https:\/\/lesfeesnaturelles.fr\/boutique\/produit\/eyeliner-pinceau-rechargeable-zao-makeup\/","title":{"rendered":"Eyeliner pinceau Rechargeable Zao MakeUp"},"content":{"rendered":"<p>Les Eyeliners Zao Make-Up assurent un maquillage intense et longue tenue. Leur formule riche en gel d\u2019aloe vera bio respecte et prend soin des yeux sensibles. L\u2019Eyeliner pinceau souligne votre regard gr\u00e2ce \u00e0 finesse extr\u00eame du pinceau applicateur qui garantit un trac\u00e9 subtil et pr\u00e9cis. L\u2019Eyeliner pinceau est id\u00e9al pour les make-up artist. Il est disponible en 5 couleurs : Noir intense 070, Brun fonc\u00e9 071, Bleu \u00e9lectrique 072, Vert \u00e9meraude 073 et Prune 074. Une formule 100% d\u2019origine naturelle, certifi\u00e9e Bio et Vegan. Application de l\u2019Eyeliner: AGITEZ AVANT UTILISATION. Pour acc\u00e9der plus facilement \u00e0 la racine des cils, fermez la paupi\u00e8re et tirez l\u00e9g\u00e8rement la peau vers le haut avec un doigt sur le sourcil. En commen\u00e7ant par le centre de l\u2019\u0153il et en tra\u00e7ant vers l\u2019ext\u00e9rieur puis l\u2019int\u00e9rieur, il est plus facile d\u2019obtenir un trait parfait. Petit conseil : Sur une petite paupi\u00e8re mobile, pr\u00e9f\u00e9rez un trait fin. Plus la paupi\u00e8re mobile est haute et plus le trait peut \u00eatre large.<\/p>\n<p>&nbsp;<\/p>\n","protected":false},"excerpt":{"rendered":"<p>L\u2019Eyeliner bio ZAO Make-Up souligne le regard pour y apporter charme et intensit\u00e9.<\/p>\n<p>Cet eyeliner liquide permet de dessiner une ligne pr\u00e9cise qui tient toute la journ\u00e9e sur la paupi\u00e8re.<\/p>\n<p>Feutre ou pinceau, \u00e0 vous de choisir la pointe qui vous convient le mieux.<\/p>\n","protected":false},"featured_media":10963,"template":"","meta":{"_acf_changed":false},"product_brand":[],"product_cat":[15,26],"product_tag":[17,83],"class_list":{"0":"post-4616","1":"product","2":"type-product","3":"status-publish","4":"has-post-thumbnail","6":"product_cat-cosmetiques-zao","7":"product_cat-les-yeux-zao","8":"product_tag-cosmetique-vegan-bio-zao","9":"product_tag-eye-liner","11":"first","12":"instock","13":"purchasable","14":"product-type-variable"},"acf":[],"_links":{"self":[{"href":"https:\/\/lesfeesnaturelles.fr\/boutique\/wp-json\/wp\/v2\/product\/4616","targetHints":{"allow":["GET"]}}],"collection":[{"href":"https:\/\/lesfeesnaturelles.fr\/boutique\/wp-json\/wp\/v2\/product"}],"about":[{"href":"https:\/\/lesfeesnaturelles.fr\/boutique\/wp-json\/wp\/v2\/types\/product"}],"wp:featuredmedia":[{"embeddable":true,"href":"https:\/\/lesfeesnaturelles.fr\/boutique\/wp-json\/wp\/v2\/media\/10963"}],"wp:attachment":[{"href":"https:\/\/lesfeesnaturelles.fr\/boutique\/wp-json\/wp\/v2\/media?parent=4616"}],"wp:term":[{"taxonomy":"product_brand","embeddable":true,"href":"https:\/\/lesfeesnaturelles.fr\/boutique\/wp-json\/wp\/v2\/product_brand?post=4616"},{"taxonomy":"product_cat","embeddable":true,"href":"https:\/\/lesfeesnaturelles.fr\/boutique\/wp-json\/wp\/v2\/product_cat?post=4616"},{"taxonomy":"product_tag","embeddable":true,"href":"https:\/\/lesfeesnaturelles.fr\/boutique\/wp-json\/wp\/v2\/product_tag?post=4616"}],"curies":[{"name":"wp","href":"https:\/\/api.w.org\/{rel}","templated":true}]}}