{"id":5033,"date":"2018-09-14T19:11:44","date_gmt":"2018-09-14T17:11:44","guid":{"rendered":"http:\/\/lesfeesnaturelles.fr\/boutique\/?post_type=product&#038;p=5033"},"modified":"2024-07-20T20:53:27","modified_gmt":"2024-07-20T18:53:27","slug":"baume-levres-stick-zao-makeup","status":"publish","type":"product","link":"https:\/\/lesfeesnaturelles.fr\/boutique\/produit\/baume-levres-stick-zao-makeup\/","title":{"rendered":"Baume L\u00e8vres stick  Rechargeable Zao MakeUp"},"content":{"rendered":"<p>Une formule 100% d\u2019origine naturelle, certifi\u00e9e Bio<\/p>\n<p>CONSEILS D\u2019APPLICATION : Le Baume \u00e0 l\u00e8vres stick peut \u00eatre appliqu\u00e9 directement sur les l\u00e8vres ou \u00e0 l\u2019aide du Pinceau l\u00e8vres 708.<\/p>\n<p>INGR\u00c9DIENTS CL\u00c9S :<\/p>\n<p>Cire de fleurs d&rsquo;acacia : La cire de fleurs d&rsquo;acacia forme un film protecteur qui aidera vos l\u00e8vres \u00e0 lutter contre les agressions ext\u00e9rieures.Emolliente, elle rend les l\u00e8vres doues et souples.<\/p>\n<p>Huile de ricin Bio : Cette huile est int\u00e9ressante car elle est \u00e9molliente ce qui permet d&rsquo;assouplir et d&rsquo;adoucir les l\u00e8vres. Ses propri\u00e9t\u00e9s hydratantes permettent de maintenir votre peau douce et lisse.<\/p>\n<p><b>POIDS NET: <\/b>3,5 g \/ 0,12 oz<\/p>\n<p><b>RECHARGEABLE: <\/b>Oui<\/p>\n<p><img decoding=\"async\" class=\"d-inline-block\" src=\"https:\/\/d2t14ywz88mj4f.cloudfront.net\/sites\/5eb861c4d7b509001a4afe92\/theme\/images\/logo-spec-bio_cosmos_organic.png?1589319275\" alt=\"BIO COSMOS ORGANIC\" \/><img decoding=\"async\" class=\"d-inline-block\" src=\"https:\/\/d2t14ywz88mj4f.cloudfront.net\/sites\/5eb861c4d7b509001a4afe92\/theme\/images\/logo-spec-ecocert_cosmos_organic.png?1589319275\" alt=\"ECOCERT COSMOS ORGANIC\" \/><img decoding=\"async\" class=\"d-inline-block\" src=\"https:\/\/d2t14ywz88mj4f.cloudfront.net\/sites\/5eb861c4d7b509001a4afe92\/theme\/images\/logo-spec-peta.png?1589319275\" alt=\"PETA\" \/><img decoding=\"async\" class=\"d-inline-block\" src=\"https:\/\/d2t14ywz88mj4f.cloudfront.net\/sites\/5eb861c4d7b509001a4afe92\/theme\/images\/logo-spec-refillable.png?1589319275\" alt=\"REFILLABLE\" \/><img decoding=\"async\" class=\"d-inline-block\" src=\"https:\/\/d2t14ywz88mj4f.cloudfront.net\/sites\/5eb861c4d7b509001a4afe92\/theme\/images\/logo-spec-slow-cosmetic.png?1589319275\" alt=\"SLOW COSMETIQUE\" \/><\/p>\n<p>&nbsp;<\/p>\n","protected":false},"excerpt":{"rendered":"<p>Nos l\u00e8vres sont un v\u00e9ritable atout s\u00e9duction ! Pourtant, c\u2019est une partie de notre visage souvent n\u00e9glig\u00e9e dans notre routine beaut\u00e9.<\/p>\n<p>Gr\u00e2ce \u00e0 ce produit de soin, chouchoutez vos l\u00e8vres au quotidien et retrouvez une bouche \u00e0 la douceur parfaite !<\/p>\n<p>La formule du Baume \u00e0 l\u00e8vres stick Zao, enrichie en huile de ricin bio, mac\u00e9r\u00e2t de bambou bio et cire de fleurs d\u2019acacia, hydrate et prot\u00e8ge la peau d\u00e9licate des l\u00e8vres contre le dess\u00e8chement et les ger\u00e7ures. Sa texture parfaite glisse sur les l\u00e8vres pour un application ultra facile.<\/p>\n","protected":false},"featured_media":10924,"template":"","meta":{"_acf_changed":false},"product_brand":[],"product_cat":[15,28],"product_tag":[94,17],"class_list":{"0":"post-5033","1":"product","2":"type-product","3":"status-publish","4":"has-post-thumbnail","6":"product_cat-cosmetiques-zao","7":"product_cat-les-levres-zao","8":"product_tag-baume-a-levres","9":"product_tag-cosmetique-vegan-bio-zao","11":"first","12":"instock","13":"shipping-taxable","14":"purchasable","15":"product-type-simple"},"acf":[],"_links":{"self":[{"href":"https:\/\/lesfeesnaturelles.fr\/boutique\/wp-json\/wp\/v2\/product\/5033","targetHints":{"allow":["GET"]}}],"collection":[{"href":"https:\/\/lesfeesnaturelles.fr\/boutique\/wp-json\/wp\/v2\/product"}],"about":[{"href":"https:\/\/lesfeesnaturelles.fr\/boutique\/wp-json\/wp\/v2\/types\/product"}],"wp:featuredmedia":[{"embeddable":true,"href":"https:\/\/lesfeesnaturelles.fr\/boutique\/wp-json\/wp\/v2\/media\/10924"}],"wp:attachment":[{"href":"https:\/\/lesfeesnaturelles.fr\/boutique\/wp-json\/wp\/v2\/media?parent=5033"}],"wp:term":[{"taxonomy":"product_brand","embeddable":true,"href":"https:\/\/lesfeesnaturelles.fr\/boutique\/wp-json\/wp\/v2\/product_brand?post=5033"},{"taxonomy":"product_cat","embeddable":true,"href":"https:\/\/lesfeesnaturelles.fr\/boutique\/wp-json\/wp\/v2\/product_cat?post=5033"},{"taxonomy":"product_tag","embeddable":true,"href":"https:\/\/lesfeesnaturelles.fr\/boutique\/wp-json\/wp\/v2\/product_tag?post=5033"}],"curies":[{"name":"wp","href":"https:\/\/api.w.org\/{rel}","templated":true}]}}