{"id":5117,"date":"2018-10-19T15:45:36","date_gmt":"2018-10-19T13:45:36","guid":{"rendered":"http:\/\/lesfeesnaturelles.fr\/boutique\/?post_type=product&#038;p=5117"},"modified":"2025-07-23T16:06:23","modified_gmt":"2025-07-23T14:06:23","slug":"durcisseur-zao-makeup","status":"publish","type":"product","link":"https:\/\/lesfeesnaturelles.fr\/boutique\/produit\/durcisseur-zao-makeup\/","title":{"rendered":"Durcisseur Zao MakeUp"},"content":{"rendered":"<p>Utile pour fortifier l\u2019ongle, le Durcisseur 635 peut \u00eatre utilis\u00e9 en cure pour les ongles cassants ayant besoin d\u2019\u00eatre renforc\u00e9s. Il s\u2019applique id\u00e9alement en sous-couche avant le vernis.\u00a0Sa formule, enrichie en mac\u00e9r\u00e2t de rhizome de bambou, riche en silice organique, <strong>contribue \u00e0 fortifier l\u2019ongle<\/strong>.<\/p>\n<p>La formule du Durcisseur 635 contient 82<strong>% d\u2019ingr\u00e9dients d\u2019origine naturelle<\/strong>. Dans cette nouvelle formule nous avons remplac\u00e9 les solvants p\u00e9trochimiques par des Agro-solvants issus du ma\u00efs, de la pomme de terre, du manioc et du bl\u00e9.<\/p>\n<p>De plus, il est formul\u00e9 10 free c\u2019est-\u00e0-dire\u00a0<strong>sans : tolu\u00e8ne*, formaldehyde*, dibutyl phtalate*, resine de formaldehyde, paraben, xyl\u00e8ne*, camphre, colophane*, styr\u00e8ne et benzoph\u00e8none<\/strong>.<br \/>\n<em>*ingr\u00e9dient potentiellement pr\u00e9sent en tant qu\u2019impuret\u00e9 in\u00e9vitable, \u00e0 l\u2019\u00e9tat de trace.<\/em><\/p>\n<p><strong>CONTENANCE : <\/strong>\u00a08 ml<strong>\u00a0\u00a0\u00a0\u00a0\u00a0\u00a0\u00a0\u00a0\u00a0\u00a0\u00a0\u00a0\u00a0\u00a0\u00a0\u00a0\u00a0\u00a0\u00a0\u00a0\u00a0 <\/strong><\/p>\n<p><strong>RECHARGEABLE : <\/strong>Non<\/p>\n<p>&nbsp;<\/p>\n","protected":false},"excerpt":{"rendered":"<p>Con\u00e7u sp\u00e9cialement pour les ongles fragiles, le Durcisseur Zao Make-Up <strong>prend soin de vos ongles<\/strong> en formant <strong>une barri\u00e8re protectrice<\/strong>. Enrichi en mac\u00e9r\u00e2t de rhizome de bambou <strong>vos ongles deviennent plus r\u00e9sistants et ne se d\u00e9doublent plus<\/strong>.<\/p>\n","protected":false},"featured_media":11290,"template":"","meta":{"_acf_changed":false},"product_brand":[],"product_cat":[15,142],"product_tag":[],"class_list":{"0":"post-5117","1":"product","2":"type-product","3":"status-publish","4":"has-post-thumbnail","6":"product_cat-cosmetiques-zao","7":"product_cat-les-vernis-et-soins-mains-zao","9":"first","10":"instock","11":"shipping-taxable","12":"purchasable","13":"product-type-simple"},"acf":[],"_links":{"self":[{"href":"https:\/\/lesfeesnaturelles.fr\/boutique\/wp-json\/wp\/v2\/product\/5117","targetHints":{"allow":["GET"]}}],"collection":[{"href":"https:\/\/lesfeesnaturelles.fr\/boutique\/wp-json\/wp\/v2\/product"}],"about":[{"href":"https:\/\/lesfeesnaturelles.fr\/boutique\/wp-json\/wp\/v2\/types\/product"}],"wp:featuredmedia":[{"embeddable":true,"href":"https:\/\/lesfeesnaturelles.fr\/boutique\/wp-json\/wp\/v2\/media\/11290"}],"wp:attachment":[{"href":"https:\/\/lesfeesnaturelles.fr\/boutique\/wp-json\/wp\/v2\/media?parent=5117"}],"wp:term":[{"taxonomy":"product_brand","embeddable":true,"href":"https:\/\/lesfeesnaturelles.fr\/boutique\/wp-json\/wp\/v2\/product_brand?post=5117"},{"taxonomy":"product_cat","embeddable":true,"href":"https:\/\/lesfeesnaturelles.fr\/boutique\/wp-json\/wp\/v2\/product_cat?post=5117"},{"taxonomy":"product_tag","embeddable":true,"href":"https:\/\/lesfeesnaturelles.fr\/boutique\/wp-json\/wp\/v2\/product_tag?post=5117"}],"curies":[{"name":"wp","href":"https:\/\/api.w.org\/{rel}","templated":true}]}}