{"id":5120,"date":"2018-10-19T15:50:21","date_gmt":"2018-10-19T13:50:21","guid":{"rendered":"http:\/\/lesfeesnaturelles.fr\/boutique\/?post_type=product&#038;p=5120"},"modified":"2024-06-20T14:56:17","modified_gmt":"2024-06-20T12:56:17","slug":"top-coat-zao-makeup","status":"publish","type":"product","link":"https:\/\/lesfeesnaturelles.fr\/boutique\/produit\/top-coat-zao-makeup\/","title":{"rendered":"Top Coat Zao MakeUp"},"content":{"rendered":"<p>Les Top coat Zao Make-Up sont <strong>certifi\u00e9s Vegan et garantis 8 Free<\/strong>, c\u2019est \u00e0 dire, sans tolu\u00e8ne, formald\u00e9hyde, r\u00e9sine de formald\u00e9hyde, camphre synth\u00e9tique, dibutyl phthalate, paraben, xyl\u00e8ne et colophane. Leur formule, enrichie en mac\u00e9r\u00e2t de rhizome de bambou, riche en silice organique, <strong>contribue \u00e0 fortifier l\u2019ongle<\/strong>.<\/p>\n<p><strong>Top Coat Classique 636<\/strong><\/p>\n<p>Il s\u2019utilise apr\u00e8s l\u2019application du vernis <strong>pour renforcer sa brillance et optimiser sa tenue<\/strong>. Il peut \u00e9galement \u00eatre utilis\u00e9 seul, comme vernis transparent.<\/p>\n<p><strong>CONTENANCE : <\/strong>\u00a08 ml<strong>\u00a0\u00a0\u00a0\u00a0\u00a0\u00a0\u00a0\u00a0\u00a0\u00a0\u00a0\u00a0\u00a0\u00a0\u00a0\u00a0\u00a0\u00a0\u00a0\u00a0\u00a0 <\/strong><\/p>\n<p><strong>RECHARGEABLE : <\/strong>Non<\/p>\n<p>&nbsp;<\/p>\n","protected":false},"excerpt":{"rendered":"<p>L\u2019application d\u2019un Top coat est l\u2019<strong>\u00e9tape la plus importante pour une manucure nette et durable<\/strong>. Que ce soit pour une french manucure ou une manucure traditionnelle, seul le Top coat vous permet d\u2019<strong>optimiser la tenue de votre vernis \u00e0 ongles<\/strong>. Mat ou brillant \u00e0 vous de choisir le Top coat qu\u2019il vous faut\u00a0!<\/p>\n","protected":false},"featured_media":11293,"template":"","meta":{"_acf_changed":false},"product_brand":[],"product_cat":[15,142],"product_tag":[],"class_list":{"0":"post-5120","1":"product","2":"type-product","3":"status-publish","4":"has-post-thumbnail","6":"product_cat-cosmetiques-zao","7":"product_cat-les-vernis-et-soins-mains-zao","9":"first","10":"instock","11":"shipping-taxable","12":"purchasable","13":"product-type-variable"},"acf":[],"_links":{"self":[{"href":"https:\/\/lesfeesnaturelles.fr\/boutique\/wp-json\/wp\/v2\/product\/5120","targetHints":{"allow":["GET"]}}],"collection":[{"href":"https:\/\/lesfeesnaturelles.fr\/boutique\/wp-json\/wp\/v2\/product"}],"about":[{"href":"https:\/\/lesfeesnaturelles.fr\/boutique\/wp-json\/wp\/v2\/types\/product"}],"wp:featuredmedia":[{"embeddable":true,"href":"https:\/\/lesfeesnaturelles.fr\/boutique\/wp-json\/wp\/v2\/media\/11293"}],"wp:attachment":[{"href":"https:\/\/lesfeesnaturelles.fr\/boutique\/wp-json\/wp\/v2\/media?parent=5120"}],"wp:term":[{"taxonomy":"product_brand","embeddable":true,"href":"https:\/\/lesfeesnaturelles.fr\/boutique\/wp-json\/wp\/v2\/product_brand?post=5120"},{"taxonomy":"product_cat","embeddable":true,"href":"https:\/\/lesfeesnaturelles.fr\/boutique\/wp-json\/wp\/v2\/product_cat?post=5120"},{"taxonomy":"product_tag","embeddable":true,"href":"https:\/\/lesfeesnaturelles.fr\/boutique\/wp-json\/wp\/v2\/product_tag?post=5120"}],"curies":[{"name":"wp","href":"https:\/\/api.w.org\/{rel}","templated":true}]}}