{"id":7264,"date":"2019-02-06T14:43:40","date_gmt":"2019-02-06T13:43:40","guid":{"rendered":"http:\/\/lesfeesnaturelles.fr\/boutique\/?post_type=product&#038;p=7264"},"modified":"2025-09-28T10:20:34","modified_gmt":"2025-09-28T08:20:34","slug":"encre-a-levres-mate-rechargeable-zao-makeup","status":"publish","type":"product","link":"https:\/\/lesfeesnaturelles.fr\/boutique\/produit\/encre-a-levres-mate-rechargeable-zao-makeup\/","title":{"rendered":"Encre \u00e0 l\u00e8vres mate rechargeable Zao MakeUp"},"content":{"rendered":"<h2><span style=\"color: #800080;\"><em>Application de l\u2019Encre \u00e0 l\u00e8vres<\/em><\/span><\/h2>\n<p>Appliquez l\u2019Encre \u00e0 l\u00e8vres en l\u2019\u00e9tirant d\u00e9licatement avec son applicateur mousse.<\/p>\n<p><span style=\"color: #800080;\">ASTUCE<\/span> : Avant d\u2019appliquer l\u2019Encre \u00e0 l\u00e8vres, essorez l\u2019exc\u00e9dent de mati\u00e8re pr\u00e9sent sur l\u2019applicateur mousse contre le rebord du flacon pour obtenir un effet mat imm\u00e9diat.<\/p>\n<h2><span style=\"color: #800080;\"><em>Ingr\u00e9dients :\u00a0<\/em><\/span><\/h2>\n<p><span style=\"color: #800080;\">Huile de ricin bio<\/span> : Son acide gras sp\u00e9cifique, <b>l\u2019acide ricinol\u00e9ique<\/b>, fait de cette huile un <b>soin beaut\u00e9 aux vertus \u00e9tonnantes <\/b>d\u00e9j\u00e0 connues \u00e0 l\u2019\u00e9poque de l\u2019Antiquit\u00e9. Elle soulage les affections de la peau par son action <b>purifiante, adoucissante et cicatrisante<\/b>.<\/p>\n<p><span style=\"color: #800080;\">Cire de carnauba Bio<\/span> : S\u00e9cr\u00e9t\u00e9e par les feuilles d\u2019un palmier originaire du Br\u00e9sil, cette cire est un agent filmog\u00e8ne qui <b>prot\u00e8ge la peau <\/b>en produisant un film continu et qui <b>am\u00e9liore la tenue du maquillage<\/b>.<\/p>\n<p><span style=\"color: #800080;\">Huile de jojoba Bio<\/span> <strong>: Calmante<\/strong> et <strong>assouplissante<\/strong>, cette huile p\u00e9n\u00e8tre facilement dans la peau sans laisser de sensation de gras. Elle <strong>prot\u00e8ge les l\u00e8vres contre la d\u00e9shydratation<\/strong>.<\/p>\n<p>Produit certifi\u00e9 Bio, 100 % d\u2019origine naturelle et Vegan.<\/p>\n<p><b>CONTENANCE :<\/b> 3,8 ml \/ 0,12 fl.oz<\/p>\n<p><b>RECHARGEABLE :<\/b> Oui<\/p>\n<p>&nbsp;<\/p>\n<p><img decoding=\"async\" class=\"d-inline-block\" src=\"https:\/\/d2t14ywz88mj4f.cloudfront.net\/sites\/5eb861c4d7b509001a4afe92\/theme\/images\/logo-spec-ecocert_cosmos_organic.png?1589319275\" alt=\"ECOCERT COSMOS ORGANIC\" \/><img decoding=\"async\" class=\"d-inline-block\" src=\"https:\/\/d2t14ywz88mj4f.cloudfront.net\/sites\/5eb861c4d7b509001a4afe92\/theme\/images\/logo-spec-bio_cosmos_organic.png?1589319275\" alt=\"BIO COSMOS ORGANIC\" \/><img decoding=\"async\" class=\"d-inline-block\" src=\"https:\/\/d2t14ywz88mj4f.cloudfront.net\/sites\/5eb861c4d7b509001a4afe92\/theme\/images\/logo-spec-peta.png?1589319275\" alt=\"PETA\" \/><img decoding=\"async\" class=\"d-inline-block\" src=\"https:\/\/d2t14ywz88mj4f.cloudfront.net\/sites\/5eb861c4d7b509001a4afe92\/theme\/images\/logo-spec-refillable.png?1589319275\" alt=\"REFILLABLE\" \/><img decoding=\"async\" class=\"d-inline-block\" src=\"https:\/\/d2t14ywz88mj4f.cloudfront.net\/sites\/5eb861c4d7b509001a4afe92\/theme\/images\/logo-spec-slow-cosmetic.png?1589319275\" alt=\"SLOW COSMETIQUE\" \/><\/p>\n<p>&nbsp;<\/p>\n","protected":false},"excerpt":{"rendered":"<p>Afin de vous proposer des produits toujours plus respectueux de l\u2019environnement, nos Encres \u00e0 l\u00e8vres sont compos\u00e9es <b>d\u2019huile de ricin bio<\/b>, connue pour ses vertus <b>hydratantes<\/b>. Elles sont \u00e9galement compos\u00e9es de <b>cire de carnauba bio <\/b>qui <b>prot\u00e8ge la peau <\/b>et garantit une <b>meilleure tenue du maquillage<\/b> et enfin de <b>tocoph\u00e9rol<\/b>, <b>vitamine E naturellement antioxydante<\/b>.<\/p>\n<p>Ces Encres \u00e0 l\u00e8vres sont <b>parfaites pour vos journ\u00e9es de <\/b><b>working<\/b><b> girl ou pour vos soir\u00e9es festives<\/b>. Si vous n\u2019avez pas le temps pour des retouches et que vous avez besoin d\u2019un <b>rouge \u00e0 l\u00e8vres intense<\/b>, <b>longue tenue <\/b>qui ne laisse pas de traces partout, optez pour les Encres \u00e0 l\u00e8vres Zao.<\/p>\n<p>Une formule 100% d\u2019origine naturelle, certifi\u00e9e Bio et Vegan.<\/p>\n<p>&nbsp;<\/p>\n<p><img decoding=\"async\" class=\"img-fluid\" src=\"https:\/\/s3.eu-west-3.amazonaws.com\/zaomakeup.com\/product_images\/lip-ink-color-chart.png\" alt=\"Lip Ink\" \/><\/p>\n<p>&nbsp;<\/p>\n<p>&nbsp;<\/p>\n<p>&nbsp;<\/p>\n","protected":false},"featured_media":10921,"template":"","meta":{"_acf_changed":false},"product_brand":[],"product_cat":[15,28],"product_tag":[],"class_list":{"0":"post-7264","1":"product","2":"type-product","3":"status-publish","4":"has-post-thumbnail","6":"product_cat-cosmetiques-zao","7":"product_cat-les-levres-zao","9":"first","10":"instock","11":"shipping-taxable","12":"purchasable","13":"product-type-variable"},"acf":[],"_links":{"self":[{"href":"https:\/\/lesfeesnaturelles.fr\/boutique\/wp-json\/wp\/v2\/product\/7264","targetHints":{"allow":["GET"]}}],"collection":[{"href":"https:\/\/lesfeesnaturelles.fr\/boutique\/wp-json\/wp\/v2\/product"}],"about":[{"href":"https:\/\/lesfeesnaturelles.fr\/boutique\/wp-json\/wp\/v2\/types\/product"}],"wp:featuredmedia":[{"embeddable":true,"href":"https:\/\/lesfeesnaturelles.fr\/boutique\/wp-json\/wp\/v2\/media\/10921"}],"wp:attachment":[{"href":"https:\/\/lesfeesnaturelles.fr\/boutique\/wp-json\/wp\/v2\/media?parent=7264"}],"wp:term":[{"taxonomy":"product_brand","embeddable":true,"href":"https:\/\/lesfeesnaturelles.fr\/boutique\/wp-json\/wp\/v2\/product_brand?post=7264"},{"taxonomy":"product_cat","embeddable":true,"href":"https:\/\/lesfeesnaturelles.fr\/boutique\/wp-json\/wp\/v2\/product_cat?post=7264"},{"taxonomy":"product_tag","embeddable":true,"href":"https:\/\/lesfeesnaturelles.fr\/boutique\/wp-json\/wp\/v2\/product_tag?post=7264"}],"curies":[{"name":"wp","href":"https:\/\/api.w.org\/{rel}","templated":true}]}}