{"id":8793,"date":"2019-09-02T13:15:44","date_gmt":"2019-09-02T11:15:44","guid":{"rendered":"http:\/\/lesfeesnaturelles.fr\/boutique\/?post_type=product&#038;p=8793"},"modified":"2026-01-21T15:37:57","modified_gmt":"2026-01-21T14:37:57","slug":"masque-hydratation-intense-aux-7-plantes-chinoises-cinq-mondes","status":"publish","type":"product","link":"https:\/\/lesfeesnaturelles.fr\/boutique\/produit\/masque-hydratation-intense-aux-7-plantes-chinoises-cinq-mondes\/","title":{"rendered":"Masque hydratation intense aux 7 plantes chinoises &#8211; Cinq Mondes"},"content":{"rendered":"<p>Inspir\u00e9 par les rituels de beaut\u00e9 de Wu Zetian, seule imp\u00e9ratrice r\u00e9gnante de l\u2019histoire de Chine, Cinq Mondes a alli\u00e9 la Pharmacop\u00e9e ancestrale \u00e0 une cosm\u00e9tologie de pointe pour d\u00e9velopper le <span style=\"color: #993366;\">Masque Hydratation Intense aux 7 Plantes Chinoises<\/span>. Au c\u0153ur de la formule, les actifs brevet\u00e9s associ\u00e9s \u00e0 7 plantes chinoises, maintiennent la teneur en eau de l\u2019\u00e9piderme pour une hydratation instantan\u00e9e et repulpent en profondeur et prot\u00e8gent des agressions ext\u00e9rieures.<\/p>\n<p>Ce masque contient deux actifs brevet\u00e9s au pouvoir lissant et repulpant : l\u2019Imperata Cylindrica\u00ae associ\u00e9 \u00e0 l\u2019Acide Hyaluronique v\u00e9g\u00e9tal\u00ae. L\u2019association de 7 plantes chinoises telles que le Sophora Japonica, le Ginseng, le S\u00e9same et l\u2019Ang\u00e9lique Chinoise Biologique aux propri\u00e9t\u00e9s hydratantes\u00b9 et antioxydantes permet de lutter contre le stress oxydatif et pr\u00e9venir les rides de d\u00e9shydratation.<\/p>\n<p>Retrouvez votre peau instantan\u00e9ment hydrat\u00e9e, repulp\u00e9e et prot\u00e9g\u00e9e des agressions ext\u00e9rieures.<\/p>\n<h3 class=\"product-advice__title\"><span style=\"color: #993366;\">CONSEIL DU SPA TH\u00c9RAPEUTE<\/span><\/h3>\n<p><span style=\"color: #993366;\">Le <span class=\"prune\">Masque Hydratation Intense aux 7 Plantes Chinoises<\/span> <\/span>est compl\u00e9mentaire \u00e0 votre cr\u00e8me visage hydratante quotidienne.<br \/>\nA utiliser <span class=\"bold\">1-2 fois par semaine<\/span>. Avant la pose, pr\u00e9parez votre peau et maximisez les effets du masque, en r\u00e9alisant un gommage.<\/p>\n<p>Appliquez une noisette du masque en couche tr\u00e8s fine sur le visage et le cou, en \u00e9vitant le contour des yeux. Laissez poser <span class=\"bold\">5 minutes<\/span> puis rincez.<\/p>\n<p><span class=\"bold\">L\u2019astuce Multimasking<\/span> : Votre peau tiraille sur les joues et brille sur certaines zones ?<br \/>\nAppliquez le <span class=\"prune\">Masque Kaolin et fleurs<\/span>, purifiant et d\u00e9toxifiant, sur la Zone T (front, nez, menton) et le <span class=\"prune\">Masque Hydratation Intense aux 7 Plantes Chinoises<\/span> sur les joues pour <span class=\"bold\">hydrater et repulper<\/span> la peau.<\/p>\n<p><img decoding=\"async\" src=\"https:\/\/www.cinqmondes.com\/media\/wysiwyg\/Multimasking_Cinq_Mondes_Spa_Paris_2.png\" \/><\/p>\n<p>60 ml<\/p>\n","protected":false},"excerpt":{"rendered":"<p><span style=\"color: #993366;\">(Rituel de Guilin, Chine)<\/span><\/p>\n<p>Un shot d\u2019hydratation instantan\u00e9e adapt\u00e9 \u00e0 toutes les peaux, dont les plus assoiff\u00e9es.<\/p>\n<p>V\u00e9ritable masque SOS pour les peaux les plus assoiff\u00e9es, le <span class=\"prune\">Masque Hydratation Intense aux 7 Plantes Chinoises<\/span> repulpe en profondeur et procure un confort imm\u00e9diat gr\u00e2ce \u00e0 sa texture gel-cr\u00e8me extra fra\u00eeche au fini velout\u00e9. Son parfum d\u00e9paysant de jasmin, bergamote et c\u00e8dre offre une exp\u00e9rience sensorielle au c\u0153ur de la Chine !<\/p>\n\n","protected":false},"featured_media":9086,"template":"","meta":{"_acf_changed":false},"product_brand":[],"product_cat":[152,164],"product_tag":[],"class_list":{"0":"post-8793","1":"product","2":"type-product","3":"status-publish","4":"has-post-thumbnail","6":"product_cat-les-produits-cinq-mondes","7":"product_cat-masques-visage","9":"first","10":"outofstock","11":"shipping-taxable","12":"purchasable","13":"product-type-simple"},"acf":[],"_links":{"self":[{"href":"https:\/\/lesfeesnaturelles.fr\/boutique\/wp-json\/wp\/v2\/product\/8793","targetHints":{"allow":["GET"]}}],"collection":[{"href":"https:\/\/lesfeesnaturelles.fr\/boutique\/wp-json\/wp\/v2\/product"}],"about":[{"href":"https:\/\/lesfeesnaturelles.fr\/boutique\/wp-json\/wp\/v2\/types\/product"}],"wp:featuredmedia":[{"embeddable":true,"href":"https:\/\/lesfeesnaturelles.fr\/boutique\/wp-json\/wp\/v2\/media\/9086"}],"wp:attachment":[{"href":"https:\/\/lesfeesnaturelles.fr\/boutique\/wp-json\/wp\/v2\/media?parent=8793"}],"wp:term":[{"taxonomy":"product_brand","embeddable":true,"href":"https:\/\/lesfeesnaturelles.fr\/boutique\/wp-json\/wp\/v2\/product_brand?post=8793"},{"taxonomy":"product_cat","embeddable":true,"href":"https:\/\/lesfeesnaturelles.fr\/boutique\/wp-json\/wp\/v2\/product_cat?post=8793"},{"taxonomy":"product_tag","embeddable":true,"href":"https:\/\/lesfeesnaturelles.fr\/boutique\/wp-json\/wp\/v2\/product_tag?post=8793"}],"curies":[{"name":"wp","href":"https:\/\/api.w.org\/{rel}","templated":true}]}}