{"id":8804,"date":"2019-09-02T13:20:15","date_gmt":"2019-09-02T11:20:15","guid":{"rendered":"http:\/\/lesfeesnaturelles.fr\/boutique\/?post_type=product&#038;p=8804"},"modified":"2026-03-12T22:29:05","modified_gmt":"2026-03-12T21:29:05","slug":"geto-supreme-la-creme-cinq-mondes","status":"publish","type":"product","link":"https:\/\/lesfeesnaturelles.fr\/boutique\/produit\/geto-supreme-la-creme-cinq-mondes\/","title":{"rendered":"G\u00e9to supr\u00eame la cr\u00e8me &#8211; Cinq Mondes"},"content":{"rendered":"<div class=\"text\"><\/div>\n<div class=\"numbers\"><\/div>\n<p>G\u00c9TO SUPR\u00caME La Cr\u00e8me , est la nouvelle solution r\u00e9volutionnaire anti-\u00e2ge globale pr\u00e9sent\u00e9e par les Laboratoires Cinq Mondes pour une r\u00e9g\u00e9n\u00e9ration cellulaire ultime. Cette cr\u00e8me miraculeuse concentre toutes les propri\u00e9t\u00e9s exceptionnelles du G\u00e9to, secret de jeunesse des centenaires d\u2019Okinawa.<\/p>\n<p>La plante miraculeuse de cette cr\u00e8me anti-\u00e2ge global permet de pr\u00e9venir et de corriger tous les signes de l\u2019\u00e2ge. Elle a la facult\u00e9 rare d\u2019agir aussi efficacement en pr\u00e9vention, d\u00e8s l\u2019\u00e2ge de 30 ans, qu\u2019en correction pour les peaux plus matures.<\/p>\n<p>Naturellement lift\u00e9e, la peau retrouve fermet\u00e9, densit\u00e9 et \u00e9lasticit\u00e9 sur le long terme. Ainsi les rides s\u2019estompent, l\u2019ovale du visage se raffermit et la peau est hydrat\u00e9e en profondeur et lumineuse.<\/p>\n<p>Sa texture innovante de s\u00e9rum-en-cr\u00e8me permet une action renforc\u00e9e : le c\u0153ur s\u00e9rum p\u00e9n\u00e8tre imm\u00e9diatement la peau, r\u00e9activant les m\u00e9canismes de jeunesse et la cr\u00e8me forme une enveloppe sans film gras, pour un confort intense et un fini velout\u00e9.<\/p>\n<p>&nbsp;<\/p>\n<p>50 ml<\/p>\n","protected":false},"excerpt":{"rendered":"<div class=\"product-desc\">\n<div class=\"cms-content cms-view-more-content\">\n<div class=\"product attribute overview\">\n<div class=\"value\">Un soin global anti-\u00e2ge brevet\u00e9 d\u0092exception \u00e0 l&rsquo;extrait de G\u00e9to d d&rsquo;Okinawa , source de r\u00e9g\u00e9n\u00e9ration cellulaire ultime. D\u00e8s 7 jours, un r\u00e9sultat exceptionnel de +53%de collag\u00e8ne dans le derme**.<\/div>\n<div><\/div>\n<\/div>\n<\/div>\n<\/div>\n<div class=\"attribut-list skin-type\">\n<div class=\"label\">TYPE DE PEAU :<\/div>\n<p>Tous types de peaux<\/p>\n<\/div>\n<div><\/div>\n<div class=\"attribut-list concerns\">\n<div class=\"label\">PR\u00c9OCCUPATIONS :<\/div>\n<p>Perte de fermet\u00e9<\/p>\n<\/div>\n<p><span style=\"color: #d83131;\">B\u00e9n\u00e9ficiez d&rsquo;une remise de 10% avec le code : bienvenue10<\/span><\/p>\n<h3><\/h3>\n<p>&nbsp;<\/p>\n<p>&nbsp;<\/p>\n","protected":false},"featured_media":19222,"template":"","meta":{"_acf_changed":false},"product_brand":[],"product_cat":[166,152],"product_tag":[],"class_list":{"0":"post-8804","1":"product","2":"type-product","3":"status-publish","4":"has-post-thumbnail","6":"product_cat-cremes-et-baumes-visage","7":"product_cat-les-produits-cinq-mondes","9":"first","10":"outofstock","11":"shipping-taxable","12":"purchasable","13":"product-type-simple"},"exclude_global_add_ons":[],"addons":[],"acf":[],"_links":{"self":[{"href":"https:\/\/lesfeesnaturelles.fr\/boutique\/wp-json\/wp\/v2\/product\/8804","targetHints":{"allow":["GET"]}}],"collection":[{"href":"https:\/\/lesfeesnaturelles.fr\/boutique\/wp-json\/wp\/v2\/product"}],"about":[{"href":"https:\/\/lesfeesnaturelles.fr\/boutique\/wp-json\/wp\/v2\/types\/product"}],"wp:featuredmedia":[{"embeddable":true,"href":"https:\/\/lesfeesnaturelles.fr\/boutique\/wp-json\/wp\/v2\/media\/19222"}],"wp:attachment":[{"href":"https:\/\/lesfeesnaturelles.fr\/boutique\/wp-json\/wp\/v2\/media?parent=8804"}],"wp:term":[{"taxonomy":"product_brand","embeddable":true,"href":"https:\/\/lesfeesnaturelles.fr\/boutique\/wp-json\/wp\/v2\/product_brand?post=8804"},{"taxonomy":"product_cat","embeddable":true,"href":"https:\/\/lesfeesnaturelles.fr\/boutique\/wp-json\/wp\/v2\/product_cat?post=8804"},{"taxonomy":"product_tag","embeddable":true,"href":"https:\/\/lesfeesnaturelles.fr\/boutique\/wp-json\/wp\/v2\/product_tag?post=8804"}],"curies":[{"name":"wp","href":"https:\/\/api.w.org\/{rel}","templated":true}]}}