{"id":8920,"date":"2019-09-02T13:27:06","date_gmt":"2019-09-02T11:27:06","guid":{"rendered":"http:\/\/lesfeesnaturelles.fr\/boutique\/?post_type=product&#038;p=8920"},"modified":"2026-03-09T15:05:22","modified_gmt":"2026-03-09T14:05:22","slug":"gommage-sublime-cinq-mondes","status":"publish","type":"product","link":"https:\/\/lesfeesnaturelles.fr\/boutique\/produit\/gommage-sublime-cinq-mondes\/","title":{"rendered":"Gommage sublime \u00ae &#8211; Cinq Mondes"},"content":{"rendered":"<p><span style=\"color: #993366;\">Le Gommage Sublime\u00ae<\/span> est une p\u00e2te exfoliante douce pour le corps qui purifie d\u00e9licatement la peau gr\u00e2ce \u00e0 l\u2019action gommante des grains de sucre et de Coco et \u00e0 l\u2019action protectrice des huiles pr\u00e9cieuses de Noni, Mono\u00ef de Tahiti et Avocat.<\/p>\n<p>Les impuret\u00e9s sont \u00e9limin\u00e9es, le grain de peau est affin\u00e9, la peau est d\u00e9licatement parfum\u00e9e et retrouve son \u00e9clat.<\/p>\n<h3 class=\"product-advice__title\"><span style=\"color: #993366;\">CONSEIL DU SPA TH\u00c9RAPEUTE<\/span><\/h3>\n<p>Humidifiez une poign\u00e9e de <span style=\"color: #993366;\">Gommage Sublime\u00ae<\/span> pour obtenir une p\u00e2te onctueuse.<\/p>\n<p>Effectuez, sur peau humide, des mouvements circulaires doux sur l&rsquo;ensemble de votre corps, puis rincez \u00e0 l&rsquo;eau claire. Astuce: n&rsquo;oubliez pas d&rsquo;hydrater votre peau avec <span style=\"color: #993366;\">l&rsquo;Huile Sublime\u00ae<\/span> apr\u00e8s le gommage, pour une peau douce et soyeuse.<\/p>\n<p><img decoding=\"async\" src=\"https:\/\/www.cinqmondes.com\/media\/wysiwyg\/317_317-massage%20circulaire.jpg\" \/><\/p>\n<p>150 ml<\/p>\n<p>&nbsp;<\/p>\n","protected":false},"excerpt":{"rendered":"<p><span style=\"color: #993366;\">Rituel des Iles, Polyn\u00e9sie<\/span><\/p>\n<p>P\u00e2te exfoliante douce certifi\u00e9e bio pour le corps, qui purifie d\u00e9licatement la peau gr\u00e2ce \u00e0 l&rsquo;action gommante des grains de Sucre et de Coco.<\/p>\n<p>&nbsp;<\/p>\n\n","protected":false},"featured_media":9040,"template":"","meta":{"_acf_changed":false},"product_brand":[],"product_cat":[167,152],"product_tag":[],"class_list":{"0":"post-8920","1":"product","2":"type-product","3":"status-publish","4":"has-post-thumbnail","6":"product_cat-gommages-et-exfoliants-corps","7":"product_cat-les-produits-cinq-mondes","9":"first","10":"instock","11":"shipping-taxable","12":"purchasable","13":"product-type-simple"},"acf":[],"_links":{"self":[{"href":"https:\/\/lesfeesnaturelles.fr\/boutique\/wp-json\/wp\/v2\/product\/8920","targetHints":{"allow":["GET"]}}],"collection":[{"href":"https:\/\/lesfeesnaturelles.fr\/boutique\/wp-json\/wp\/v2\/product"}],"about":[{"href":"https:\/\/lesfeesnaturelles.fr\/boutique\/wp-json\/wp\/v2\/types\/product"}],"wp:featuredmedia":[{"embeddable":true,"href":"https:\/\/lesfeesnaturelles.fr\/boutique\/wp-json\/wp\/v2\/media\/9040"}],"wp:attachment":[{"href":"https:\/\/lesfeesnaturelles.fr\/boutique\/wp-json\/wp\/v2\/media?parent=8920"}],"wp:term":[{"taxonomy":"product_brand","embeddable":true,"href":"https:\/\/lesfeesnaturelles.fr\/boutique\/wp-json\/wp\/v2\/product_brand?post=8920"},{"taxonomy":"product_cat","embeddable":true,"href":"https:\/\/lesfeesnaturelles.fr\/boutique\/wp-json\/wp\/v2\/product_cat?post=8920"},{"taxonomy":"product_tag","embeddable":true,"href":"https:\/\/lesfeesnaturelles.fr\/boutique\/wp-json\/wp\/v2\/product_tag?post=8920"}],"curies":[{"name":"wp","href":"https:\/\/api.w.org\/{rel}","templated":true}]}}