{"id":8922,"date":"2019-08-09T17:45:01","date_gmt":"2019-08-09T15:45:01","guid":{"rendered":"http:\/\/lesfeesnaturelles.fr\/boutique\/?post_type=product&#038;p=8922"},"modified":"2026-03-15T00:58:26","modified_gmt":"2026-03-14T23:58:26","slug":"gant-de-kassa-cinq-mondes","status":"publish","type":"product","link":"https:\/\/lesfeesnaturelles.fr\/boutique\/produit\/gant-de-kassa-cinq-mondes\/","title":{"rendered":"Gant de Kassa &#8211; Cinq Mondes"},"content":{"rendered":"<p>Le Gant de Kassa \u00a0est r\u00e9alis\u00e9 dans un cr\u00eape d\u2019une grande finesse con\u00e7u \u00e0 partir de cellulose d\u2019origine v\u00e9g\u00e9tale. Le gommage au Gant de Kassa s\u2019effectue traditionnellement au Hammam dans la salle ti\u00e8de, mais peut-\u00eatre fait, tout simplement, chez soi sous une douche chaude.<\/p>\n<p>La peau est purifi\u00e9e en profondeur, elle retrouve douceur et \u00e9clat tout en respectant les peaux sensibles.<\/p>\n<p>&nbsp;<\/p>\n<h3 class=\"product-advice__title\"><span style=\"color: #993366;\">CONSEIL DU SPA TH\u00c9RAPEUTE<\/span><\/h3>\n<p>Ce gant de Kassa s&rsquo;utilise avec le <span style=\"color: #993366;\">Savon Noir Beldi\u00ae<\/span> afin de maximiser son efficacit\u00e9.<\/p>\n<p><img decoding=\"async\" src=\"https:\/\/www.cinqmondes.com\/media\/wysiwyg\/317_317-kassa.jpg\" \/><\/p>\n<p>&nbsp;<\/p>\n<p>&nbsp;<\/p>\n","protected":false},"excerpt":{"rendered":"<p>Rituel de l&rsquo;Atlas, Maroc<\/p>\n<p>En fine cr\u00eape de cellulose v\u00e9g\u00e9tale, le Gant de Kassa sert \u00e0 \u00e9liminer les peaux mortes, les impuret\u00e9s et chasser les toxines.<\/p>\n\n","protected":false},"featured_media":10434,"template":"","meta":{"_acf_changed":false},"product_brand":[],"product_cat":[167,152],"product_tag":[],"class_list":{"0":"post-8922","1":"product","2":"type-product","3":"status-publish","4":"has-post-thumbnail","6":"product_cat-gommages-et-exfoliants-corps","7":"product_cat-les-produits-cinq-mondes","9":"first","10":"instock","11":"shipping-taxable","12":"purchasable","13":"product-type-simple"},"acf":[],"_links":{"self":[{"href":"https:\/\/lesfeesnaturelles.fr\/boutique\/wp-json\/wp\/v2\/product\/8922","targetHints":{"allow":["GET"]}}],"collection":[{"href":"https:\/\/lesfeesnaturelles.fr\/boutique\/wp-json\/wp\/v2\/product"}],"about":[{"href":"https:\/\/lesfeesnaturelles.fr\/boutique\/wp-json\/wp\/v2\/types\/product"}],"wp:featuredmedia":[{"embeddable":true,"href":"https:\/\/lesfeesnaturelles.fr\/boutique\/wp-json\/wp\/v2\/media\/10434"}],"wp:attachment":[{"href":"https:\/\/lesfeesnaturelles.fr\/boutique\/wp-json\/wp\/v2\/media?parent=8922"}],"wp:term":[{"taxonomy":"product_brand","embeddable":true,"href":"https:\/\/lesfeesnaturelles.fr\/boutique\/wp-json\/wp\/v2\/product_brand?post=8922"},{"taxonomy":"product_cat","embeddable":true,"href":"https:\/\/lesfeesnaturelles.fr\/boutique\/wp-json\/wp\/v2\/product_cat?post=8922"},{"taxonomy":"product_tag","embeddable":true,"href":"https:\/\/lesfeesnaturelles.fr\/boutique\/wp-json\/wp\/v2\/product_tag?post=8922"}],"curies":[{"name":"wp","href":"https:\/\/api.w.org\/{rel}","templated":true}]}}