{"id":9133,"date":"2019-09-02T13:06:28","date_gmt":"2019-09-02T11:06:28","guid":{"rendered":"http:\/\/lesfeesnaturelles.fr\/boutique\/?post_type=product&#038;p=9133"},"modified":"2026-04-22T22:35:37","modified_gmt":"2026-04-22T20:35:37","slug":"baume-aux-trois-huiles-ayurvediques-corps-cinq-mondes","status":"publish","type":"product","link":"https:\/\/lesfeesnaturelles.fr\/boutique\/produit\/baume-aux-trois-huiles-ayurvediques-corps-cinq-mondes\/","title":{"rendered":"Baume aux trois huiles Ayurv\u00e9diques\u00ae Corps &#8211; Cinq Mondes"},"content":{"rendered":"<p><span style=\"color: #993366;\">Le Baume aux Trois Huiles Ayurv\u00e9diques\u00ae<\/span> offre un cocktail d\u2019huiles v\u00e9g\u00e9tales utilis\u00e9es dans la grande tradition des massages ayurv\u00e9diques d\u2019Inde du Sud : huile de S\u00e9same, de Neem et de Boswellia. Trois huiles aux propri\u00e9t\u00e9s r\u00e9g\u00e9n\u00e9rantes, apaisantes et riches en acides gras essentiels.<\/p>\n<p>Sa texture onctueuse et non grasse en fait un excellent hydratant* quotidien pour le corps et laisse la peau hydrat\u00e9e*, souple et satin\u00e9e. Id\u00e9al pour les peaux s\u00e8ches et sensibles. (*hydratation des couches sup\u00e9rieures de l\u2019\u00e9piderme)<\/p>\n<h3 class=\"product-advice__title\">CONSEIL DU SPA TH\u00c9RAPEUTE<\/h3>\n<p>Apr\u00e8s nettoyage de peau, les soins hydratants sont indispensables pour retrouver une peau douce et satin\u00e9e.<\/p>\n<p>Appliquez en massage sur peau s\u00e9ch\u00e9e, de pr\u00e9f\u00e9rence apr\u00e8s le bain ou la douche. Prenez une noisette de baume dans la paume de votre main. R\u00e9chauffez en frottant l\u00e9g\u00e8rement une paume contre l\u2019autre puis appliquez en mouvements circulaires, sur l&rsquo;ensemble de votre corps.<\/p>\n<p>Astuce: pour renforcer l&rsquo;effet frais du Baume, placez le au frigo.<\/p>\n<p><img decoding=\"async\" src=\"https:\/\/www.cinqmondes.com\/media\/wysiwyg\/317_317-massage%20circulaire%20jambe.jpg\" \/><\/p>\n<p>Contenance : 150 ml<\/p>\n","protected":false},"excerpt":{"rendered":"<p><span style=\"color: #993366;\">(Rituel de Bengalore, Inde)<\/span><\/p>\n<p>Ce baume hydratant non gras allie un cocktail d&rsquo;huiles v\u00e9g\u00e9tales de Neem, S\u00e9same et Boswellia aux propri\u00e9t\u00e9s r\u00e9g\u00e9n\u00e9rantes.<\/p>\n<p>&nbsp;<\/p>\n\n<p>&nbsp;<\/p>\n","protected":false},"featured_media":9134,"template":"","meta":{"_acf_changed":false},"product_brand":[],"product_cat":[169,152],"product_tag":[],"class_list":{"0":"post-9133","1":"product","2":"type-product","3":"status-publish","4":"has-post-thumbnail","6":"product_cat-hydratants-corps","7":"product_cat-les-produits-cinq-mondes","9":"first","10":"outofstock","11":"shipping-taxable","12":"purchasable","13":"product-type-simple"},"acf":[],"_links":{"self":[{"href":"https:\/\/lesfeesnaturelles.fr\/boutique\/wp-json\/wp\/v2\/product\/9133","targetHints":{"allow":["GET"]}}],"collection":[{"href":"https:\/\/lesfeesnaturelles.fr\/boutique\/wp-json\/wp\/v2\/product"}],"about":[{"href":"https:\/\/lesfeesnaturelles.fr\/boutique\/wp-json\/wp\/v2\/types\/product"}],"wp:featuredmedia":[{"embeddable":true,"href":"https:\/\/lesfeesnaturelles.fr\/boutique\/wp-json\/wp\/v2\/media\/9134"}],"wp:attachment":[{"href":"https:\/\/lesfeesnaturelles.fr\/boutique\/wp-json\/wp\/v2\/media?parent=9133"}],"wp:term":[{"taxonomy":"product_brand","embeddable":true,"href":"https:\/\/lesfeesnaturelles.fr\/boutique\/wp-json\/wp\/v2\/product_brand?post=9133"},{"taxonomy":"product_cat","embeddable":true,"href":"https:\/\/lesfeesnaturelles.fr\/boutique\/wp-json\/wp\/v2\/product_cat?post=9133"},{"taxonomy":"product_tag","embeddable":true,"href":"https:\/\/lesfeesnaturelles.fr\/boutique\/wp-json\/wp\/v2\/product_tag?post=9133"}],"curies":[{"name":"wp","href":"https:\/\/api.w.org\/{rel}","templated":true}]}}