{"id":9253,"date":"2019-09-02T12:31:58","date_gmt":"2019-09-02T10:31:58","guid":{"rendered":"http:\/\/lesfeesnaturelles.fr\/boutique\/?post_type=product&#038;p=9253"},"modified":"2024-05-12T23:52:40","modified_gmt":"2024-05-12T21:52:40","slug":"recharge-ombre-a-paupieres-ultra-shiny-rectangle-zao-makeup","status":"publish","type":"product","link":"https:\/\/lesfeesnaturelles.fr\/boutique\/produit\/recharge-ombre-a-paupieres-ultra-shiny-rectangle-zao-makeup\/","title":{"rendered":"Recharge ombre \u00e0 paupi\u00e8res &#8211; Ultra Shiny &#8211; Rectangle &#8211; Zao Makeup"},"content":{"rendered":"<p><em><span style=\"color: #00a859;\">Conseils d&rsquo;utilisations:<\/span><\/em><\/p>\n<p>1 &#8211; Appliquez une ombre \u00e0 paupi\u00e8res claire ou m\u00e9dium sur l&rsquo;ensemble de la paupi\u00e8re mobile avec l<span style=\"color: #00a859;\">e pinceau langue de chat 704.<\/span><\/p>\n<p>2 &#8211; Ensuite, choisissez une teinte plus fonc\u00e9e pour souligner le ras des cils \u00e0 l&rsquo;aide du <span style=\"color: #00a859;\">pinceau biseaut\u00e9 706.<\/span><\/p>\n<p>3 -Illuminez le coin int\u00e9rieur de l&rsquo;oeil avec une teinte claire.<\/p>\n<p>4- Vous pouvez utiliser <span style=\"color: #00a859;\">l&rsquo;ombre \u00e0 paupi\u00e8res noire 206 comme eyeliner cake<\/span> pour tracer un fin trait au ras des cils sup\u00e9rieurs.<\/p>\n<p>5 &#8211; Pour finaliser le regard, appliquer sur vos cils l&rsquo;un de <span style=\"color: #00a859;\">nos mascaras.<\/span><\/p>\n<p><em><span style=\"color: #00a859;\">Astuce:\u00a0<\/span><\/em><\/p>\n<p>Avant d&rsquo;appliquer les ombres \u00e0 paupi\u00e8res, pr\u00e9parer la peau avec le primer Yeux fluide 258, pour un r\u00e9sultat longue tenue.<\/p>\n<p><b>POIDS NET: <\/b>3 g \/ 0,10 oz<\/p>\n<div class=\"pt-2\"><img decoding=\"async\" class=\"d-inline-block\" src=\"https:\/\/shopinvader-demo-public-assets.s3.eu-west-3.amazonaws.com\/sites\/5c6c1790fb8c053f9f43259d\/theme\/images\/logo-spec-bio.png?1564489003\" alt=\"BIO\" \/> <img decoding=\"async\" class=\"d-inline-block\" src=\"https:\/\/shopinvader-demo-public-assets.s3.eu-west-3.amazonaws.com\/sites\/5c6c1790fb8c053f9f43259d\/theme\/images\/logo-spec-ecocert.png?1564489003\" alt=\"ECOCERT\" \/> <img decoding=\"async\" class=\"d-inline-block\" src=\"https:\/\/shopinvader-demo-public-assets.s3.eu-west-3.amazonaws.com\/sites\/5c6c1790fb8c053f9f43259d\/theme\/images\/logo-spec-natural.png?1564489003\" alt=\"NATURAL\" \/> <img decoding=\"async\" class=\"d-inline-block\" src=\"https:\/\/shopinvader-demo-public-assets.s3.eu-west-3.amazonaws.com\/sites\/5c6c1790fb8c053f9f43259d\/theme\/images\/logo-spec-peta.png?1564489003\" alt=\"PETA\" \/> <img decoding=\"async\" class=\"d-inline-block\" src=\"https:\/\/shopinvader-demo-public-assets.s3.eu-west-3.amazonaws.com\/sites\/5c6c1790fb8c053f9f43259d\/theme\/images\/logo-spec-refillable.png?1564489003\" alt=\"REFILLABLE\" \/> <img decoding=\"async\" class=\"d-inline-block\" src=\"https:\/\/shopinvader-demo-public-assets.s3.eu-west-3.amazonaws.com\/sites\/5c6c1790fb8c053f9f43259d\/theme\/images\/logo-spec-slow-cosmetic.png?1564489003\" alt=\"SLOW COSMETIQUE\" \/><\/div>\n","protected":false},"excerpt":{"rendered":"<p>Retrouvez vos ombres \u00e0 paupi\u00e8res en recharge et en format rectangle afin de pouvoir composer votre Duo Id\u00e9al dans la Bambox Box Duo ou de recharger vos palettes Clin d&rsquo;oeil n\u00b01 ou n\u00b02.<\/p>\n<p>Cette nouvelle gamme de fards est compos\u00e9e de teintes incontournables aux textures allant du mat au nacr\u00e9 en passant par l&rsquo;utra Shine.<\/p>\n<p>D\u00e9grad\u00e9\u00e9es, en superposition ou m\u00e9lang\u00e9es, jouez avec les nuances et cr\u00e9ez vous un regard sur mesure.<\/p>\n<p>Une formule 100% d\u2019origine naturelle, certifi\u00e9e Bio et Vegan.<\/p>\n<p>&nbsp;<\/p>\n<p><img decoding=\"async\" class=\"img-fluid\" src=\"https:\/\/s3.eu-west-3.amazonaws.com\/zaomakeup.com\/product_images\/rectangular-eye-shadow-color-chart.jpg\" alt=\"Rectangular eyeshadow\" \/><\/p>\n<p>&nbsp;<\/p>\n","protected":false},"featured_media":9255,"template":"","meta":{"_acf_changed":false},"product_brand":[],"product_cat":[15,26],"product_tag":[],"class_list":{"0":"post-9253","1":"product","2":"type-product","3":"status-publish","4":"has-post-thumbnail","6":"product_cat-cosmetiques-zao","7":"product_cat-les-yeux-zao","9":"first","10":"instock","11":"shipping-taxable","12":"purchasable","13":"product-type-variable"},"acf":[],"_links":{"self":[{"href":"https:\/\/lesfeesnaturelles.fr\/boutique\/wp-json\/wp\/v2\/product\/9253","targetHints":{"allow":["GET"]}}],"collection":[{"href":"https:\/\/lesfeesnaturelles.fr\/boutique\/wp-json\/wp\/v2\/product"}],"about":[{"href":"https:\/\/lesfeesnaturelles.fr\/boutique\/wp-json\/wp\/v2\/types\/product"}],"wp:featuredmedia":[{"embeddable":true,"href":"https:\/\/lesfeesnaturelles.fr\/boutique\/wp-json\/wp\/v2\/media\/9255"}],"wp:attachment":[{"href":"https:\/\/lesfeesnaturelles.fr\/boutique\/wp-json\/wp\/v2\/media?parent=9253"}],"wp:term":[{"taxonomy":"product_brand","embeddable":true,"href":"https:\/\/lesfeesnaturelles.fr\/boutique\/wp-json\/wp\/v2\/product_brand?post=9253"},{"taxonomy":"product_cat","embeddable":true,"href":"https:\/\/lesfeesnaturelles.fr\/boutique\/wp-json\/wp\/v2\/product_cat?post=9253"},{"taxonomy":"product_tag","embeddable":true,"href":"https:\/\/lesfeesnaturelles.fr\/boutique\/wp-json\/wp\/v2\/product_tag?post=9253"}],"curies":[{"name":"wp","href":"https:\/\/api.w.org\/{rel}","templated":true}]}}