{"id":960,"date":"2018-01-01T17:36:17","date_gmt":"2018-01-01T16:36:17","guid":{"rendered":"http:\/\/lesfeesnaturelles.fr\/boutique\/?post_type=product&#038;p=960"},"modified":"2026-03-23T13:21:35","modified_gmt":"2026-03-23T12:21:35","slug":"hxr-eye-cream-15ml-fillmed-by-filorga-skin-perfusion","status":"publish","type":"product","link":"https:\/\/lesfeesnaturelles.fr\/boutique\/produit\/hxr-eye-cream-15ml-fillmed-by-filorga-skin-perfusion\/","title":{"rendered":"HXR Eye cream  &#8211; Cr\u00e8me yeux (15ml) &#8211; Fillmed  Skin Perfusion"},"content":{"rendered":"<p>A appliquer matin et\/ou soir sur le contour des yeux. Texture nutri-liftante.<\/p>\n<p>ACTIFS :<\/p>\n<p>\u25a0 <strong>Hexylresorcinol<\/strong> : \u00c0 la base de nombreux traitements \u00e9claircissants, il est aussi utilis\u00e9 pour diminuer l\u2019apparence des cernes fonc\u00e9s.<\/p>\n<p>\u25a0 <strong>Arg-Lys Peptide<\/strong> : Puissant d\u00e9crispant cutan\u00e9, lisse visiblement l\u2019aspect des rides du contour de l\u2019\u0153il.<\/p>\n<p>\u25a0 <strong>Escin<\/strong> : R\u00e9put\u00e9e pour son action drainante, aide \u00e0 r\u00e9duire l\u2019apparence des poches et cernes.<\/p>\n<p>\u25a0 <strong>NCTF<sup>\u00ae<\/sup> + Acide hyaluronique<\/strong> : Complexe reconnu en m\u00e9soth\u00e9rapie anti-\u00e2ge pour son action sur la qualit\u00e9 de peau, il est utilis\u00e9 pour retrouver une peau d\u2019apparence plus jeune.<\/p>\n<p>&nbsp;<\/p>\n<p><b><u>Ingr\u00e9dients :<\/p>\n<p><\/u><\/b>AQUA (WATER, EAU), DIMETHICONE, DICAPRYLYL CARBONATE, PENTYLENE GLYCOL, GLYCERIN, GLYCERYL STEARATE, HYDROXYETHYL ACRYLATE\/SODIUM ACRYLOYLDIMETHYL TAURATE COPOLYMER, POLYMETHYL METHACRYLATE, GLYCERYL STEARATE CITRATE, CETYL ETHYLHEXANOATE, SQUALANE, BUTYLENE GLYCOL, ORBIGNYA OLEIFERA SEED OIL, CI 77891 (TITANIUM DIOXIDE), PHENETHYL ALCOHOL, IMPERATA CYLINDRICA ROOT EXTRACT, ESCIN, DIMETHICONE\/VINYL DIMETHICONE CROSSPOLYMER, SYNTHETIC FLUORPHLOGOPITE, STEARALKONIUM HECTORITE, SODIUM HYALURONATE, SUCROSE PALMITATE, SODIUM BENZOATE, POLYSORBATE 60, SORBITAN ISOSTEARATE, HEXYLRESORCINOL, PROPYLENE CARBONATE, XANTHAN GUM, ETHYLHEXYLGLYCERIN, STEARETH-20, DISODIUM EDTA, SILICA, PHENOXYETHANOL, POTASSIUM HYDROXIDE, BIOSACCHARIDE GUM-1, SODIUM DILAURAMIDOGLUTAMIDE LYSINE, TIN OXIDE, CAPRYLYL GLYCOL, CARBOMER, ALUMINA, SODIUM CITRATE, CHLORHEXIDINE DIGLUCONATE, N-HYDROXYSUCCINIMIDE, POTASSIUM SORBATE, ACRYLATES\/C10-30 ALKYL ACRYLATE CROSSPOLYMER, CITRIC ACID, CHRYSIN, PALMITOYL TRIPEPTIDE-1, PALMITOYL TETRAPEPTIDE-7, ARGININE\/LYSINE POLYPEPTIDE<\/p>\n","protected":false},"excerpt":{"rendered":"<p>La cr\u00e8me de la gamme Fillmed Skin Perfusion HXR Eye Cream est destin\u00e9e \u00e0 prendre soin de du contour de vos yeux. Ce soin r\u00e9juv\u00e9nateur global de cette zone ultra sensible att\u00e9nue vos rides, cernes, poches et ridules de d\u00e9shydratation.<\/p>\n<p>Pour un regard qui retrouve tout son \u00e9clat, d\u00e9couvrez le contour des yeux HXR Eye Cream, qui gr\u00e2ce \u00e0 sa formulation r\u00e9duit l\u2019apparence des poches et cernes, lisse visiblement l\u2019aspect des rides et ridules du contour de l\u2019\u0153il, il est \u00e9galement utilis\u00e9 pour diminuer l\u2019apparence des cernes fonc\u00e9s. Enfin son complexe NCTF + Acide Hyaluronique reconnu en m\u00e9soth\u00e9rapie anti-\u00e2ge agira sur la qualit\u00e9 de votre peau.<\/p>\n<p>Soin global anti-\u00e2ge contour des yeux formul\u00e9 \u00e0 partir d\u2019ingr\u00e9dients ciblant les signes de l\u2019\u00e2ge \u00e0 360\u00b0. L\u2019hexylr\u00e9sorcinol diminue l\u2019apparence des cernes et l\u2019escine aide \u00e0 r\u00e9duire le gonflement et les poches. Pour compl\u00e9ter l\u2019action puissante de ces actifs le peptide Arg Lys lisse visiblement les rides du contour des yeux.<\/p>\n<p><strong>Indication<\/strong> : Id\u00e9al pour tous types de peaux hors peaux sensibles.<\/p>\n<p>&nbsp;<\/p>\n","protected":false},"featured_media":10594,"template":"","meta":{"_acf_changed":false},"product_brand":[],"product_cat":[36],"product_tag":[189,38,39],"class_list":{"0":"post-960","1":"product","2":"type-product","3":"status-publish","4":"has-post-thumbnail","6":"product_cat-filorga","7":"product_tag-fillmed","8":"product_tag-filorga","9":"product_tag-skin-perfusion","11":"first","12":"outofstock","13":"purchasable","14":"product-type-simple"},"acf":[],"_links":{"self":[{"href":"https:\/\/lesfeesnaturelles.fr\/boutique\/wp-json\/wp\/v2\/product\/960","targetHints":{"allow":["GET"]}}],"collection":[{"href":"https:\/\/lesfeesnaturelles.fr\/boutique\/wp-json\/wp\/v2\/product"}],"about":[{"href":"https:\/\/lesfeesnaturelles.fr\/boutique\/wp-json\/wp\/v2\/types\/product"}],"wp:featuredmedia":[{"embeddable":true,"href":"https:\/\/lesfeesnaturelles.fr\/boutique\/wp-json\/wp\/v2\/media\/10594"}],"wp:attachment":[{"href":"https:\/\/lesfeesnaturelles.fr\/boutique\/wp-json\/wp\/v2\/media?parent=960"}],"wp:term":[{"taxonomy":"product_brand","embeddable":true,"href":"https:\/\/lesfeesnaturelles.fr\/boutique\/wp-json\/wp\/v2\/product_brand?post=960"},{"taxonomy":"product_cat","embeddable":true,"href":"https:\/\/lesfeesnaturelles.fr\/boutique\/wp-json\/wp\/v2\/product_cat?post=960"},{"taxonomy":"product_tag","embeddable":true,"href":"https:\/\/lesfeesnaturelles.fr\/boutique\/wp-json\/wp\/v2\/product_tag?post=960"}],"curies":[{"name":"wp","href":"https:\/\/api.w.org\/{rel}","templated":true}]}}