{"id":963,"date":"2018-01-01T17:36:18","date_gmt":"2018-01-01T16:36:18","guid":{"rendered":"http:\/\/lesfeesnaturelles.fr\/boutique\/?post_type=product&#038;p=963"},"modified":"2026-03-29T18:38:41","modified_gmt":"2026-03-29T16:38:41","slug":"aa-lift-serum-30-ml-fillmed-by-filorga-skin-perfusion","status":"publish","type":"product","link":"https:\/\/lesfeesnaturelles.fr\/boutique\/produit\/aa-lift-serum-30-ml-fillmed-by-filorga-skin-perfusion\/","title":{"rendered":"AA Lift serum &#8211; Fermet\u00e9 (30 ml) &#8211; Fillmed  Skin Perfusion"},"content":{"rendered":"<p>A appliquer matin et\/ou soir avant la cr\u00e8me. Texture fluide \u00e0 effet lift.<\/p>\n<p><strong>Actifs :<\/strong><\/p>\n<ul>\n<li>Collag\u00e8ne : Utilis\u00e9 en m\u00e9decine esth\u00e9tique pour ses propri\u00e9t\u00e9s hydratantes et lissantes.<\/li>\n<li>Peptide d\u2019\u00e9lastine : Fragment prot\u00e9inique d\u2019\u00e9lastine aux propri\u00e9t\u00e9s chimiotactiques pour am\u00e9liorer l\u2019\u00e9lasticit\u00e9 de la peau et renforcer visiblement la fermet\u00e9.<\/li>\n<li>Xylose : Sucre essentiel connu pour ses propri\u00e9t\u00e9s anti-glycantes, utilis\u00e9 pour booster la tonicit\u00e9 cutan\u00e9e.<\/li>\n<li>Jus de Sorgho : Tenseur v\u00e9g\u00e9tal, riche en polyosides, pour former \u00e0 la surface de la peau un v\u00e9ritable maillage stretch.<\/li>\n<\/ul>\n<p><b><u>Ingr\u00e9dients :<\/p>\n<p><\/u><\/b>AQUA (WATER, EAU), GLYCERETH-26, METHYLSILANOL MANNURONATE, GLYCERYL POLYMETHACRYLATE, PENTYLENE GLYCOL, XYLOSE, PEG-8, PHENOXYETHANOL, SODIUM POLYSTYRENE SULFONATE, SODIUM HYALURONATE, SODIUM POLYACRYLATE STARCH, SORGHUM BICOLOR STALK JUICE, GLYCERIN, ACRYLATES\/C10-30 ALKYL ACRYLATE CROSSPOLYMER, POTASSIUM HYDROXIDE, SODIUM LACTATE, TAMARINDUS INDICA SEED GUM, SODIUM BENZOATE, CITRIC ACID, POTASSIUM SORBATE, SODIUM CITRATE, SOLUBLE COLLAGEN, SORBIC ACID, PALMITOYL HEXAPEPTIDE-12<\/p>\n","protected":false},"excerpt":{"rendered":"<p>&#8211; Effet liftant &#8211;<\/p>\n<p>Le s\u00e9rum AA Lift de la gamme Fillmed Skin Perfusion est formul\u00e9 sp\u00e9cifiquement pour am\u00e9liorer la fermet\u00e9 de la peau, pour lutter contre les traits tombants, en manque de tonus, et contre la perte d\u2019\u00e9lasticit\u00e9.<\/p>\n<p>Les actifs contenu dans ce s\u00e9rum sont destin\u00e9s \u00e0 raffermir le visage, le cou et le d\u00e9collet\u00e9, lutter contre la glycation, donner un effet tenseur.<\/p>\n<p>Enrichi en peptides de collag\u00e8ne et de d\u2019\u00e9lastine, il am\u00e9liore visiblement l\u2019\u00e9lasticit\u00e9 de la peau. Le Xylose, un sucre essentiel connu pour ses propri\u00e9t\u00e9s anti-glycation, stimule la tonicit\u00e9 cutan\u00e9e.<\/p>\n<p><b>Indication : <\/b>Id\u00e9al pour les peaux en manque de tonicit\u00e9 et d\u2019\u00e9lasticit\u00e9.<\/p>\n","protected":false},"featured_media":10588,"template":"","meta":{"_acf_changed":false},"product_brand":[],"product_cat":[36],"product_tag":[189,38,39],"class_list":{"0":"post-963","1":"product","2":"type-product","3":"status-publish","4":"has-post-thumbnail","6":"product_cat-filorga","7":"product_tag-fillmed","8":"product_tag-filorga","9":"product_tag-skin-perfusion","11":"first","12":"instock","13":"purchasable","14":"product-type-simple"},"acf":[],"_links":{"self":[{"href":"https:\/\/lesfeesnaturelles.fr\/boutique\/wp-json\/wp\/v2\/product\/963","targetHints":{"allow":["GET"]}}],"collection":[{"href":"https:\/\/lesfeesnaturelles.fr\/boutique\/wp-json\/wp\/v2\/product"}],"about":[{"href":"https:\/\/lesfeesnaturelles.fr\/boutique\/wp-json\/wp\/v2\/types\/product"}],"wp:featuredmedia":[{"embeddable":true,"href":"https:\/\/lesfeesnaturelles.fr\/boutique\/wp-json\/wp\/v2\/media\/10588"}],"wp:attachment":[{"href":"https:\/\/lesfeesnaturelles.fr\/boutique\/wp-json\/wp\/v2\/media?parent=963"}],"wp:term":[{"taxonomy":"product_brand","embeddable":true,"href":"https:\/\/lesfeesnaturelles.fr\/boutique\/wp-json\/wp\/v2\/product_brand?post=963"},{"taxonomy":"product_cat","embeddable":true,"href":"https:\/\/lesfeesnaturelles.fr\/boutique\/wp-json\/wp\/v2\/product_cat?post=963"},{"taxonomy":"product_tag","embeddable":true,"href":"https:\/\/lesfeesnaturelles.fr\/boutique\/wp-json\/wp\/v2\/product_tag?post=963"}],"curies":[{"name":"wp","href":"https:\/\/api.w.org\/{rel}","templated":true}]}}