{"id":965,"date":"2018-01-01T17:36:18","date_gmt":"2018-01-01T16:36:18","guid":{"rendered":"http:\/\/lesfeesnaturelles.fr\/boutique\/?post_type=product&#038;p=965"},"modified":"2024-11-29T11:35:57","modified_gmt":"2024-11-29T10:35:57","slug":"p-bright-serum-30-ml-fillmed-by-filorga-skin-perfusion","status":"publish","type":"product","link":"https:\/\/lesfeesnaturelles.fr\/boutique\/produit\/p-bright-serum-30-ml-fillmed-by-filorga-skin-perfusion\/","title":{"rendered":"P Bright serum  &#8211; T\u00e2ches (30 ml) &#8211; Fillmed  Skin Perfusion"},"content":{"rendered":"<p>A appliquer matin et\/ou soir avant la cr\u00e8me. Texture l\u00e9g\u00e8re unifiante.<\/p>\n<p><strong>Actifs :<\/strong><\/p>\n<ul>\n<li>Zinc : S\u00e9bo-capteur physiologique pour contr\u00f4ler la brillance et procurer un effet matifiant durable.<\/li>\n<li>Acide salicylique greff\u00e9 : Exfoliant lissant doux pour diminuer l\u2019aspect des pores et lisser les irr\u00e9gularit\u00e9s.<\/li>\n<li>Beta-HDB3 : Auto-purifiant cutan\u00e9 pour r\u00e9duire visiblement l\u2019apparence des imperfections.<\/li>\n<li>Extrait v\u00e9g\u00e9tal : Anti-oxydant du s\u00e9bum pour aider au maintien d\u2019une peau plus nette.<\/li>\n<\/ul>\n","protected":false},"excerpt":{"rendered":"<p>&#8211; Att\u00e9nue les t\u00e2ches &#8211;<\/p>\n<p>Gr\u00e2ce \u00e0 la combinaison innovante de l\u2019acide phytique (utilis\u00e9 dans de nombreux peelings chimiques m\u00e9dicaux) de la Vitamine C (puissant antioxydant), de l\u2019Arabino-xyloses \u03b21-4 et de la Papa\u00efne-carbom\u00e8re, ce s\u00e9rum agit visiblement sur l\u2019uniformit\u00e9 cutan\u00e9e, estompe les taches brunes et \u00e9claircit le teint.<\/p>\n<p><b>Indication : <\/b>Id\u00e9al pour tous les types de peaux.<\/p>\n","protected":false},"featured_media":10592,"template":"","meta":{"_acf_changed":false},"product_brand":[],"product_cat":[36],"product_tag":[189,38,39],"class_list":{"0":"post-965","1":"product","2":"type-product","3":"status-publish","4":"has-post-thumbnail","6":"product_cat-filorga","7":"product_tag-fillmed","8":"product_tag-filorga","9":"product_tag-skin-perfusion","11":"first","12":"instock","13":"purchasable","14":"product-type-simple"},"exclude_global_add_ons":[],"addons":[],"acf":[],"_links":{"self":[{"href":"https:\/\/lesfeesnaturelles.fr\/boutique\/wp-json\/wp\/v2\/product\/965","targetHints":{"allow":["GET"]}}],"collection":[{"href":"https:\/\/lesfeesnaturelles.fr\/boutique\/wp-json\/wp\/v2\/product"}],"about":[{"href":"https:\/\/lesfeesnaturelles.fr\/boutique\/wp-json\/wp\/v2\/types\/product"}],"wp:featuredmedia":[{"embeddable":true,"href":"https:\/\/lesfeesnaturelles.fr\/boutique\/wp-json\/wp\/v2\/media\/10592"}],"wp:attachment":[{"href":"https:\/\/lesfeesnaturelles.fr\/boutique\/wp-json\/wp\/v2\/media?parent=965"}],"wp:term":[{"taxonomy":"product_brand","embeddable":true,"href":"https:\/\/lesfeesnaturelles.fr\/boutique\/wp-json\/wp\/v2\/product_brand?post=965"},{"taxonomy":"product_cat","embeddable":true,"href":"https:\/\/lesfeesnaturelles.fr\/boutique\/wp-json\/wp\/v2\/product_cat?post=965"},{"taxonomy":"product_tag","embeddable":true,"href":"https:\/\/lesfeesnaturelles.fr\/boutique\/wp-json\/wp\/v2\/product_tag?post=965"}],"curies":[{"name":"wp","href":"https:\/\/api.w.org\/{rel}","templated":true}]}}