{"id":966,"date":"2018-01-01T17:36:19","date_gmt":"2018-01-01T16:36:19","guid":{"rendered":"http:\/\/lesfeesnaturelles.fr\/boutique\/?post_type=product&#038;p=966"},"modified":"2025-08-23T19:30:57","modified_gmt":"2025-08-23T17:30:57","slug":"gr-youth-mask-50-ml-fillmed-by-filorga-skin-perfusion","status":"publish","type":"product","link":"https:\/\/lesfeesnaturelles.fr\/boutique\/produit\/gr-youth-mask-50-ml-fillmed-by-filorga-skin-perfusion\/","title":{"rendered":"GR Youth mask  &#8211; Masque repulpant (50 ml) &#8211; Fillmed  Skin Perfusion"},"content":{"rendered":"<p>Appliquer en couche \u00e9paisse une fois par semaine. Laisser agir entre 15 et 30 min puis retirer en rin\u00e7ant \u00e0 l\u2019eau ti\u00e8de. Texture ultra-cr\u00e8meuse.<\/p>\n<p><strong>Actifs :<br \/>\n<\/strong><\/p>\n<ul>\n<li>Gal-Rha Polysaccharides : Sucres hydro-affins pour regonfler le matelas hydrique de la peau et la repulper visiblement.<\/li>\n<li>Beurre de karat\u00e9 + huile de Babassu : Impr\u00e9gnation lipidique pour lisser la surface cutan\u00e9e et am\u00e9liorer l\u2019\u00e9clat de la peau.<\/li>\n<\/ul>\n<p>&nbsp;<\/p>\n","protected":false},"excerpt":{"rendered":"<p>Ce masque repulpant reconstitue la barri\u00e8re d\u2019hydratation de la peau et repulpe visiblement. Enrichi en beurre de karit\u00e9 et huile de Babassu, ce masque cr\u00e9meux lisse la surface de la peau et am\u00e9liore son \u00e9clat.<\/p>\n<p>Selon l&rsquo;environnement dans lequel on \u00e9volue, la peau n&rsquo;a pas toujours les m\u00eames besoins. Ainsi, ce masque peut \u00eatre utilis\u00e9 dans diff\u00e9rentes situations : il repulpe la peau lorsqu&rsquo;elle manque de confort et si vous l&rsquo;appliquez apr\u00e8s votre s\u00e9rum, il retient les principes actifs du s\u00e9rum et en potentialise la p\u00e9n\u00e9tration dans le derme.<\/p>\n<p><b>Indication : <\/b>Id\u00e9al pour les peaux fatigu\u00e9es et d\u00e9shydrat\u00e9es.<\/p>\n","protected":false},"featured_media":10582,"template":"","meta":{"_acf_changed":false},"product_brand":[],"product_cat":[36],"product_tag":[189,38,39],"class_list":{"0":"post-966","1":"product","2":"type-product","3":"status-publish","4":"has-post-thumbnail","6":"product_cat-filorga","7":"product_tag-fillmed","8":"product_tag-filorga","9":"product_tag-skin-perfusion","11":"first","12":"instock","13":"purchasable","14":"product-type-simple"},"acf":[],"_links":{"self":[{"href":"https:\/\/lesfeesnaturelles.fr\/boutique\/wp-json\/wp\/v2\/product\/966","targetHints":{"allow":["GET"]}}],"collection":[{"href":"https:\/\/lesfeesnaturelles.fr\/boutique\/wp-json\/wp\/v2\/product"}],"about":[{"href":"https:\/\/lesfeesnaturelles.fr\/boutique\/wp-json\/wp\/v2\/types\/product"}],"wp:featuredmedia":[{"embeddable":true,"href":"https:\/\/lesfeesnaturelles.fr\/boutique\/wp-json\/wp\/v2\/media\/10582"}],"wp:attachment":[{"href":"https:\/\/lesfeesnaturelles.fr\/boutique\/wp-json\/wp\/v2\/media?parent=966"}],"wp:term":[{"taxonomy":"product_brand","embeddable":true,"href":"https:\/\/lesfeesnaturelles.fr\/boutique\/wp-json\/wp\/v2\/product_brand?post=966"},{"taxonomy":"product_cat","embeddable":true,"href":"https:\/\/lesfeesnaturelles.fr\/boutique\/wp-json\/wp\/v2\/product_cat?post=966"},{"taxonomy":"product_tag","embeddable":true,"href":"https:\/\/lesfeesnaturelles.fr\/boutique\/wp-json\/wp\/v2\/product_tag?post=966"}],"curies":[{"name":"wp","href":"https:\/\/api.w.org\/{rel}","templated":true}]}}