{"id":9707,"date":"2019-10-24T13:54:35","date_gmt":"2019-10-24T11:54:35","guid":{"rendered":"http:\/\/lesfeesnaturelles.fr\/boutique\/?post_type=product&#038;p=9707"},"modified":"2025-07-23T16:06:23","modified_gmt":"2025-07-23T14:06:23","slug":"coffret-5-carres-demaquillants","status":"publish","type":"product","link":"https:\/\/lesfeesnaturelles.fr\/boutique\/produit\/coffret-5-carres-demaquillants\/","title":{"rendered":"Coffret 5 carr\u00e9s d\u00e9maquillants"},"content":{"rendered":"<p>Le carr\u00e9 d\u00e9maquillant s&rsquo;utilise comme un disque de coton classique mais en mieux puisqu&rsquo;il se r\u00e9utilise.<\/p>\n<p>Appliquez votre d\u00e9maquillant habituel \u00a0pour un d\u00e9maquillant 100%\u00a0naturel, massez par mouvement circulaire pour d\u00e9coller tous les r\u00e9sidus, humidifiez votre carr\u00e9 d\u00e9maquillant puis utilisez le comme un disque de coton pour nettoyer votre visage.<\/p>\n<p>Rincez le carr\u00e9 d\u00e9maquillant \u00e0 l&rsquo;au claire apr\u00e8s chaque utilisation<\/p>\n<p>Lavable en machine \u00e0 30\u00b0 &#8211;\u00a0Il est conseill\u00e9 de laver avant premi\u00e8re utilisation<\/p>\n<p>Composition : tissus certifi\u00e9s Oeko tex<\/p>\n<p>Tissu blanc : double gaze de coton<\/p>\n<p>Tissus gris molleton : 80% viscose tencel 20% polyester<\/p>\n<p>&nbsp;<\/p>\n","protected":false},"excerpt":{"rendered":"<p>Les carr\u00e9s d\u00e9maquillants sont lavables, r\u00e9utilisables et tout doux.<\/p>\n<p>Dites bye bye aux d\u00e9chets dans votre salle de bain !<\/p>\n<p>Les lingettes d\u00e9maquillantes sont une alternative \u00e9cologique aux disques de coton jetables qui remplissent vos poubelles.<\/p>\n<p>Avec votre d\u00e9maquillant habituel ,il nettoie tout en douceur tous les types de peau et de maquillage.<\/p>\n<p>Voil\u00e0 pourquoi vous allez vouloir les essayer d\u00e8s ce soir :<br \/>\n&#8211; Ecologique<br \/>\n&#8211; Economique<br \/>\n&#8211; Francais<br \/>\n&#8211; Pratique<\/p>\n<p>SES PREFERENCES<br \/>\nTous les types de peaux (m\u00eame les plus sensibles)<\/p>\n<p>Le coffret contient cinq carr\u00e9s d\u00e9maquillants.<\/p>\n<p><em>Made In France<\/em><\/p>\n<p><em>Nos carr\u00e9s d\u00e9maquillants sont confectionn\u00e9s en France dans un ESAT (<\/em><em>\u00c9tablissement et service d&rsquo;aide par le travail)\u00a0<\/em><\/p>\n","protected":false},"featured_media":11793,"template":"","meta":{"_acf_changed":false},"product_brand":[],"product_cat":[40],"product_tag":[],"class_list":{"0":"post-9707","1":"product","2":"type-product","3":"status-publish","4":"has-post-thumbnail","6":"product_cat-accessoires","8":"first","9":"instock","10":"shipping-taxable","11":"purchasable","12":"product-type-simple"},"acf":[],"_links":{"self":[{"href":"https:\/\/lesfeesnaturelles.fr\/boutique\/wp-json\/wp\/v2\/product\/9707","targetHints":{"allow":["GET"]}}],"collection":[{"href":"https:\/\/lesfeesnaturelles.fr\/boutique\/wp-json\/wp\/v2\/product"}],"about":[{"href":"https:\/\/lesfeesnaturelles.fr\/boutique\/wp-json\/wp\/v2\/types\/product"}],"wp:featuredmedia":[{"embeddable":true,"href":"https:\/\/lesfeesnaturelles.fr\/boutique\/wp-json\/wp\/v2\/media\/11793"}],"wp:attachment":[{"href":"https:\/\/lesfeesnaturelles.fr\/boutique\/wp-json\/wp\/v2\/media?parent=9707"}],"wp:term":[{"taxonomy":"product_brand","embeddable":true,"href":"https:\/\/lesfeesnaturelles.fr\/boutique\/wp-json\/wp\/v2\/product_brand?post=9707"},{"taxonomy":"product_cat","embeddable":true,"href":"https:\/\/lesfeesnaturelles.fr\/boutique\/wp-json\/wp\/v2\/product_cat?post=9707"},{"taxonomy":"product_tag","embeddable":true,"href":"https:\/\/lesfeesnaturelles.fr\/boutique\/wp-json\/wp\/v2\/product_tag?post=9707"}],"curies":[{"name":"wp","href":"https:\/\/api.w.org\/{rel}","templated":true}]}}