{"id":9816,"date":"2019-11-13T13:47:22","date_gmt":"2019-11-13T12:47:22","guid":{"rendered":"http:\/\/lesfeesnaturelles.fr\/boutique\/?post_type=product&#038;p=9816"},"modified":"2026-03-06T02:12:08","modified_gmt":"2026-03-06T01:12:08","slug":"patch-rejuvenateur-contour-des-yeux-fillmed-by-filorga","status":"publish","type":"product","link":"https:\/\/lesfeesnaturelles.fr\/boutique\/produit\/patch-rejuvenateur-contour-des-yeux-fillmed-by-filorga\/","title":{"rendered":"Patch r\u00e9juv\u00e9nateur contour des yeux &#8211; Fillmed Skin Perfusion"},"content":{"rendered":"<p><strong>Indications :<\/strong> Cernes, poches, rides, rel\u00e2chement des paupi\u00e8res.<\/p>\n<p><strong>Actifs: Peptides<\/strong> : Trio d&rsquo;actifs tonifiants pour d\u00e9fatiguer le regard et diminuer l&rsquo;apparence des poches et des cernes.<\/p>\n<p><strong>Peptide de collag\u00e8ne: <\/strong>Puissant actif anti-\u00e2ge, r\u00e9duit visiblement l&rsquo;aspect des rides du contour des yeux.<\/p>\n<p><strong>Provitamine B5<\/strong>: Hydratant de r\u00e9f\u00e9rence, maintient la douceur et l&rsquo;\u00e9lasticit\u00e9 de la peau.<\/p>\n<p>&nbsp;<\/p>\n<p><strong>Utilisation:<\/strong> Apr\u00e8s ouverture, retirer la feuille de protection et pr\u00e9lever le patch. Sur une peau nettoy\u00e9e et s\u00e9ch\u00e9e, appliquez-le au niveau du contour de l&rsquo;oeil.Lisser d\u00e9licatement pour faire adh\u00e9rer le patch \u00e0 la peau. Laisser poser entre 10 et 15 minutes, puis retirer. Sans rin\u00e7age.<\/p>\n<p>Renouveler l&rsquo;application 1 \u00e0 2 par semaine.<\/p>\n<p><strong>Contenance<\/strong> : 4 x2 Patchs.<\/p>\n","protected":false},"excerpt":{"rendered":"<p>Le contour des yeux est l\u2019une des zones les plus fragiles du visage et l\u2019un des premiers endroits \u00e0 montrer des signes de passage du temps.<br \/>\nPrendre soin de vos yeux est une \u00e9tape indispensable au maintien d&rsquo;une peau saine et d&rsquo;apparence plus jeune.<\/p>\n<p>Gr\u00e2ce \u00e0 son design unique et innovant, le patch s\u2019applique sur l\u2019ensemble du contour de l\u2019oeil, tel une seconde peau. Il cible tous les signes du vieillissement pour une solution anti-fatigue et anti-\u00e2ge compl\u00e8te.<\/p>\n<p>Contenance : 4 masques<\/p>\n","protected":false},"featured_media":9817,"template":"","meta":{"_acf_changed":false},"product_brand":[],"product_cat":[36],"product_tag":[189,38,39],"class_list":{"0":"post-9816","1":"product","2":"type-product","3":"status-publish","4":"has-post-thumbnail","6":"product_cat-filorga","7":"product_tag-fillmed","8":"product_tag-filorga","9":"product_tag-skin-perfusion","11":"first","12":"outofstock","13":"shipping-taxable","14":"purchasable","15":"product-type-simple"},"acf":[],"_links":{"self":[{"href":"https:\/\/lesfeesnaturelles.fr\/boutique\/wp-json\/wp\/v2\/product\/9816","targetHints":{"allow":["GET"]}}],"collection":[{"href":"https:\/\/lesfeesnaturelles.fr\/boutique\/wp-json\/wp\/v2\/product"}],"about":[{"href":"https:\/\/lesfeesnaturelles.fr\/boutique\/wp-json\/wp\/v2\/types\/product"}],"wp:featuredmedia":[{"embeddable":true,"href":"https:\/\/lesfeesnaturelles.fr\/boutique\/wp-json\/wp\/v2\/media\/9817"}],"wp:attachment":[{"href":"https:\/\/lesfeesnaturelles.fr\/boutique\/wp-json\/wp\/v2\/media?parent=9816"}],"wp:term":[{"taxonomy":"product_brand","embeddable":true,"href":"https:\/\/lesfeesnaturelles.fr\/boutique\/wp-json\/wp\/v2\/product_brand?post=9816"},{"taxonomy":"product_cat","embeddable":true,"href":"https:\/\/lesfeesnaturelles.fr\/boutique\/wp-json\/wp\/v2\/product_cat?post=9816"},{"taxonomy":"product_tag","embeddable":true,"href":"https:\/\/lesfeesnaturelles.fr\/boutique\/wp-json\/wp\/v2\/product_tag?post=9816"}],"curies":[{"name":"wp","href":"https:\/\/api.w.org\/{rel}","templated":true}]}}